{"id":26577,"date":"2026-01-02T17:40:11","date_gmt":"2026-01-02T16:40:11","guid":{"rendered":"https:\/\/mokaefti.ch\/buy-coffee-online-in-switzerland\/"},"modified":"2026-01-26T10:14:18","modified_gmt":"2026-01-26T09:14:18","slug":"buy-coffee-online-in-switzerland","status":"publish","type":"page","link":"https:\/\/mokaefti.ch\/en\/buy-coffee-online-in-switzerland\/","title":{"rendered":"buy coffee online in switzerland"},"content":{"rendered":"\t\t<div data-elementor-type=\"wp-page\" data-elementor-id=\"26577\" class=\"elementor elementor-26577 elementor-26568\" data-elementor-post-type=\"page\">\n\t\t\t\t<div data-particle_enable=\"false\" data-particle-mobile-disabled=\"false\" class=\"elementor-element elementor-element-54c4025 e-flex e-con-boxed wpr-particle-no wpr-jarallax-no wpr-parallax-no wpr-sticky-section-no wpr-equal-height-no e-con e-parent\" data-id=\"54c4025\" data-element_type=\"container\" data-e-type=\"container\" data-settings=\"{&quot;background_background&quot;:&quot;classic&quot;}\">\n\t\t\t\t\t<div class=\"e-con-inner\">\n\t\t\t\t<div class=\"elementor-element elementor-element-0a9f8aa elementor-widget elementor-widget-html\" data-id=\"0a9f8aa\" data-element_type=\"widget\" data-e-type=\"widget\" data-widget_type=\"html.default\">\n\t\t\t\t\t<div>\r\n\r\n\r\n    <meta charset=\"UTF-8\">\r\n    <meta name=\"viewport\" content=\"width=device-width, initial-scale=1.0\">\r\n    <title>Moka Efti - International Showcase<\/title>\r\n    <!-- Tailwind CSS per styling moderno e utility-first -->\r\n    <script src=\"https:\/\/cdn.tailwindcss.com\"><\/script>\r\n    <!-- Google Fonts: Inter per un look pulito e moderno simile a San Francisco -->\r\n    <link href=\"https:\/\/fonts.googleapis.com\/css2?family=Inter:wght@400;500;600;700&amp;display=swap\" rel=\"stylesheet\">\r\n    \r\n    <style>\r\n        \/* --- STILI INCAPSULATI --- *\/\r\n        \/* Applicati solo all'interno del componente per evitare conflitti *\/\r\n        #moka-ios-component {\r\n            font-family: 'Inter', -apple-system, BlinkMacSystemFont, \"Segoe UI\", Roboto, Helvetica, Arial, sans-serif;\r\n            color: #1f2937; \/* gray-800 *\/\r\n        }\r\n\r\n        \/* Gestione smooth delle transizioni *\/\r\n        #moka-ios-component .ios-card {\r\n            transition: all 0.3s cubic-bezier(0.4, 0, 0.2, 1);\r\n        }\r\n\r\n        \/* Gradiente personalizzato per i pulsanti (Brand Red modernizzato) *\/\r\n        #moka-ios-component .btn-gradient {\r\n            background: linear-gradient(135deg, #ed1c24 0%, #ff4d5e 100%);\r\n            transition: transform 0.2s ease, box-shadow 0.2s ease;\r\n        }\r\n\r\n        #moka-ios-component .btn-gradient:hover {\r\n            transform: translateY(-2px);\r\n            box-shadow: 0 4px 12px rgba(237, 28, 36, 0.3);\r\n        }\r\n    <\/style>\r\n\r\n\r\n\r\n    <!-- CONTAINER PRINCIPALE -->\r\n    <!-- Non ha background-color per ereditare quello del tema ospite -->\r\n    <div id=\"moka-ios-component\" class=\"max-w-6xl mx-auto px-4 py-8 sm:px-6 lg:px-8\">\r\n\r\n        <!-- HEADER IMMAGINE -->\r\n        <header class=\"mb-12 text-center\">\r\n            <div class=\"relative overflow-hidden rounded-3xl shadow-lg mx-auto max-w-4xl group\">\r\n                <!-- Immagine con lazy loading e protezione ratio -->\r\n                <img decoding=\"async\" src=\"https:\/\/mokaefti.ch\/wp-content\/uploads\/2025\/07\/cover-shop.png\" alt=\"Moka Efti Coffee Selection\" class=\"w-full h-auto object-cover transform group-hover:scale-105 transition-transform duration-700 ease-out\" loading=\"lazy\">\r\n                <!-- Overlay gradiente sottile per profondit\u00e0 (opzionale) -->\r\n                <div class=\"absolute inset-0 bg-gradient-to-t from-black\/20 to-transparent pointer-events-none\"><\/div>\r\n            <\/div>\r\n        <\/header>\r\n\r\n        <!-- GRIGLIA CONTENUTI -->\r\n        <!-- Responsive: 1 colonna su mobile, 2 su tablet\/desktop -->\r\n        <div class=\"grid grid-cols-1 md:grid-cols-2 gap-6 lg:gap-8 max-w-5xl mx-auto\">\r\n\r\n            <!-- CARD TEDESCO (DE) -->\r\n            <article class=\"ios-card bg-white rounded-2xl p-6 sm:p-8 shadow-sm hover:shadow-md border border-gray-100 flex flex-col h-full\">\r\n                <div class=\"flex items-center gap-3 mb-4\">\r\n                    <span class=\"text-3xl\" role=\"img\" aria-label=\"Bandiera Germania\">\ud83c\udde9\ud83c\uddea<\/span>\r\n                    <h2 class=\"text-xl font-bold text-gray-900 tracking-tight\">Willkommen bei Moka Efti<\/h2>\r\n                <\/div>\r\n                <div class=\"flex-grow prose prose-sm text-gray-600 leading-relaxed mb-6\">\r\n                    <p>\r\n  Moka Efti ist in der Schweiz die erste Adresse f\u00fcr den Online-Kauf von Kaffee. Als Marktf\u00fchrer betreuen wir in unserer eigenen R\u00f6sterei die gesamte Lieferkette intern: vom Import bis zur handwerklichen R\u00f6stung. Wir w\u00e4hlen die besten Arabica- und Robusta-Sorten aus.  \r\n                    <\/p>\r\n                <\/div>\r\n                <div class=\"mt-auto pt-4 border-t border-gray-50\">\r\n                    <a href=\"https:\/\/mokaefti.ch\/de\/online-kaufen\/\" target=\"_blank\" class=\"btn-gradient w-full sm:w-auto inline-flex justify-center items-center px-6 py-3 rounded-xl text-white font-semibold text-sm tracking-wide shadow-sm\">\r\n  Kaffee Online Kaufen\r\n                        <svg class=\"w-4 h-4 ml-2\" fill=\"none\" stroke=\"currentColor\" viewbox=\"0 0 24 24\"><path stroke-linecap=\"round\" stroke-linejoin=\"round\" stroke-width=\"2\" d=\"M14 5l7 7m0 0l-7 7m7-7H3\"><\/path><\/path><\/svg>\r\n                    <\/a>\r\n                <\/div>\r\n            <\/article>\r\n\r\n            <!-- CARD FRANCESE (FR) -->\r\n            <article class=\"ios-card bg-white rounded-2xl p-6 sm:p-8 shadow-sm hover:shadow-md border border-gray-100 flex flex-col h-full\">\r\n                <div class=\"flex items-center gap-3 mb-4\">\r\n                    <span class=\"text-3xl\" role=\"img\" aria-label=\"Bandiera Francia\">\ud83c\uddeb\ud83c\uddf7<\/span>\r\n                    <h2 class=\"text-xl font-bold text-gray-900 tracking-tight\">Bienvenue chez Moka Efti<\/h2>\r\n                <\/div>\r\n                <div class=\"flex-grow prose prose-sm text-gray-600 leading-relaxed mb-6\">\r\n                    <p>\r\n  Moka Efti est la r\u00e9f\u00e9rence en Suisse pour l'achat de caf\u00e9 en ligne. Leader du secteur, nous g\u00e9rons l'ensemble de la cha\u00eene de production en interne dans notre propre \u00e9tablissement : de l'importation \u00e0 la torr\u00e9faction artisanale. \r\n                    <\/p>\r\n                <\/div>\r\n                <div class=\"mt-auto pt-4 border-t border-gray-50\">\r\n                    <a href=\"https:\/\/mokaefti.ch\/fr\/boutique\/\" target=\"_blank\" class=\"btn-gradient w-full sm:w-auto inline-flex justify-center items-center px-6 py-3 rounded-xl text-white font-semibold text-sm tracking-wide shadow-sm\">\r\n  Commander Caf\u00e9\r\n                        <svg class=\"w-4 h-4 ml-2\" fill=\"none\" stroke=\"currentColor\" viewbox=\"0 0 24 24\"><path stroke-linecap=\"round\" stroke-linejoin=\"round\" stroke-width=\"2\" d=\"M14 5l7 7m0 0l-7 7m7-7H3\"><\/path><\/path><\/svg>\r\n                    <\/a>\r\n                <\/div>\r\n            <\/article>\r\n\r\n            <!-- CARD ITALIANO (IT) -->\r\n            <article class=\"ios-card bg-white rounded-2xl p-6 sm:p-8 shadow-sm hover:shadow-md border border-gray-100 flex flex-col h-full\">\r\n                <div class=\"flex items-center gap-3 mb-4\">\r\n                    <span class=\"text-3xl\" role=\"img\" aria-label=\"Bandiera Italia\">\ud83c\uddee\ud83c\uddf9<\/span>\r\n                    <h2 class=\"text-xl font-bold text-gray-900 tracking-tight\">Welcome to Moka Efti<\/h2>\r\n                <\/div>\r\n                <div class=\"flex-grow prose prose-sm text-gray-600 leading-relaxed mb-6\">\r\n                    <p>\r\n  In Switzerland, Moka Efti is the benchmark for buying coffee online. An industry leader, we take care of the entire supply chain in-house: from import to artisanal roasting, selecting the best varieties for exclusive blends. \r\n                    <\/p>\r\n                <\/div>\r\n                <div class=\"mt-auto pt-4 border-t border-gray-50\">\r\n                    <a href=\"https:\/\/mokaefti.ch\/negozio-online\/\" target=\"_blank\" class=\"btn-gradient w-full sm:w-auto inline-flex justify-center items-center px-6 py-3 rounded-xl text-white font-semibold text-sm tracking-wide shadow-sm\">\r\n  Go to Shop\r\n                        <svg class=\"w-4 h-4 ml-2\" fill=\"none\" stroke=\"currentColor\" viewbox=\"0 0 24 24\"><path stroke-linecap=\"round\" stroke-linejoin=\"round\" stroke-width=\"2\" d=\"M14 5l7 7m0 0l-7 7m7-7H3\"><\/path><\/path><\/svg>\r\n                    <\/a>\r\n                <\/div>\r\n            <\/article>\r\n\r\n            <!-- CARD INGLESE (EN) -->\r\n            <article class=\"ios-card bg-white rounded-2xl p-6 sm:p-8 shadow-sm hover:shadow-md border border-gray-100 flex flex-col h-full\">\r\n                <div class=\"flex items-center gap-3 mb-4\">\r\n                    <span class=\"text-3xl\" role=\"img\" aria-label=\"Bandiera Regno Unito\">\ud83c\uddec\ud83c\udde7<\/span>\r\n                    <h2 class=\"text-xl font-bold text-gray-900 tracking-tight\">Welcome to Moka Efti<\/h2>\r\n                <\/div>\r\n                <div class=\"flex-grow prose prose-sm text-gray-600 leading-relaxed mb-6\">\r\n                    <p>\r\n  Moka Efti is the benchmark in Switzerland for buying coffee online. As an industry leader, we manage the entire supply chain internally: from import to artisanal roasting. We create exclusive blends ensuring consistent taste over time.  \r\n                    <\/p>\r\n                <\/div>\r\n                <div class=\"mt-auto pt-4 border-t border-gray-50\">\r\n                    <a href=\"https:\/\/mokaefti.ch\/en\/shop-online\/\" target=\"_blank\" class=\"btn-gradient w-full sm:w-auto inline-flex justify-center items-center px-6 py-3 rounded-xl text-white font-semibold text-sm tracking-wide shadow-sm\">\r\n  Shop Coffee\r\n                        <svg class=\"w-4 h-4 ml-2\" fill=\"none\" stroke=\"currentColor\" viewbox=\"0 0 24 24\"><path stroke-linecap=\"round\" stroke-linejoin=\"round\" stroke-width=\"2\" d=\"M14 5l7 7m0 0l-7 7m7-7H3\"><\/path><\/path><\/svg>\r\n                    <\/a>\r\n                <\/div>\r\n            <\/article>\r\n\r\n        <\/div>\r\n        \r\n    <\/div>\r\n\r\n\r\n<\/div>\t\t\t\t<\/div>\n\t\t\t\t\t<\/div>\n\t\t\t\t<\/div>\n\t\t<div data-particle_enable=\"false\" data-particle-mobile-disabled=\"false\" class=\"elementor-element elementor-element-8caf636 e-flex e-con-boxed wpr-particle-no wpr-jarallax-no wpr-parallax-no wpr-sticky-section-no wpr-equal-height-no e-con e-parent\" data-id=\"8caf636\" data-element_type=\"container\" data-e-type=\"container\">\n\t\t\t\t\t<div class=\"e-con-inner\">\n\t\t\t\t<div class=\"elementor-element elementor-element-16abdac elementor-widget elementor-widget-heading\" data-id=\"16abdac\" data-element_type=\"widget\" data-e-type=\"widget\" data-widget_type=\"heading.default\">\n\t\t\t\t\t<h2 class=\"elementor-heading-title elementor-size-default\">Moka Efti. A story that starts way back in 1930. <\/h2>\t\t\t\t<\/div>\n\t\t\t\t\t<\/div>\n\t\t\t\t<\/div>\n\t\t\t\t<\/div>\n\t\t","protected":false},"excerpt":{"rendered":"<p>Shop online for the best coffee in Switzerland. High quality coffee in beans, ground, pods and compatible capsules.   <\/p>\n","protected":false},"author":7788,"featured_media":0,"parent":0,"menu_order":0,"comment_status":"closed","ping_status":"closed","template":"","meta":{"_acf_changed":false,"_eb_attr":"","inline_featured_image":false,"footnotes":""},"folder":[356],"class_list":["post-26577","page","type-page","status-publish","hentry"],"acf":[],"aioseo_notices":[],"_links":{"self":[{"href":"https:\/\/mokaefti.ch\/en\/wp-json\/wp\/v2\/pages\/26577","targetHints":{"allow":["GET"]}}],"collection":[{"href":"https:\/\/mokaefti.ch\/en\/wp-json\/wp\/v2\/pages"}],"about":[{"href":"https:\/\/mokaefti.ch\/en\/wp-json\/wp\/v2\/types\/page"}],"author":[{"embeddable":true,"href":"https:\/\/mokaefti.ch\/en\/wp-json\/wp\/v2\/users\/7788"}],"replies":[{"embeddable":true,"href":"https:\/\/mokaefti.ch\/en\/wp-json\/wp\/v2\/comments?post=26577"}],"version-history":[{"count":0,"href":"https:\/\/mokaefti.ch\/en\/wp-json\/wp\/v2\/pages\/26577\/revisions"}],"wp:attachment":[{"href":"https:\/\/mokaefti.ch\/en\/wp-json\/wp\/v2\/media?parent=26577"}],"wp:term":[{"taxonomy":"folder","embeddable":true,"href":"https:\/\/mokaefti.ch\/en\/wp-json\/wp\/v2\/folder?post=26577"}],"curies":[{"name":"wp","href":"https:\/\/api.w.org\/{rel}","templated":true}]}}