{"id":21518,"date":"2022-07-07T10:39:02","date_gmt":"2022-07-07T08:39:02","guid":{"rendered":"https:\/\/mokaefti.ch\/mon-compte\/"},"modified":"2026-01-14T18:06:09","modified_gmt":"2026-01-14T17:06:09","slug":"mon-compte","status":"publish","type":"page","link":"https:\/\/mokaefti.ch\/fr\/mon-compte\/","title":{"rendered":"Mon compte"},"content":{"rendered":"\t\t<div data-elementor-type=\"wp-page\" data-elementor-id=\"21518\" class=\"elementor elementor-21518 elementor-10\" data-elementor-post-type=\"page\">\n\t\t\t\t<div data-particle_enable=\"false\" data-particle-mobile-disabled=\"false\" class=\"elementor-element elementor-element-117443a e-flex e-con-boxed wpr-particle-no wpr-jarallax-no wpr-parallax-no wpr-sticky-section-no wpr-equal-height-no e-con e-parent\" data-id=\"117443a\" data-element_type=\"container\" data-e-type=\"container\">\n\t\t\t\t\t<div class=\"e-con-inner\">\n\t\t\t\t<div class=\"elementor-element elementor-element-f13f52c elementor-widget elementor-widget-html\" data-id=\"f13f52c\" data-element_type=\"widget\" data-e-type=\"widget\" data-widget_type=\"html.default\">\n\t\t\t\t\t<!-- \r\n  Questo codice crea un pulsante di refresh manuale all'interno \r\n  del widget con ID \"blocco-area-utente\".\r\n  Quando cliccato, ricarica l'intera pagina.\r\n--><style>\/* Aggiungiamo 'position: relative' al contenitore principale.\r\n     Questo \u00e8 FONDAMENTALE perch\u00e9 il pulsante di refresh\r\n     si posizioni correttamente al suo interno.\r\n     Se il tuo blocco ha un ID diverso da \"blocco-area-utente\", modificalo qui. *\/\r\n  #blocco-area-utente {\r\n    position: relative;\r\n    \/* Aggiungiamo un po' di padding in alto per fare spazio al pulsante,\r\n       evitando che si sovrapponga al titolo \"Accedi\" o \"Registrati\".\r\n       Puoi modificare questo valore se necessario. *\/\r\n    padding-top: 50px; \r\n  }\r\n\r\n  \/* Stile del pulsante di refresh *\/\r\n  .manual-refresh-button {\r\n    position: absolute;\r\n    top: 10px;\r\n    right: 10px;\r\n    background-color: #f0f0f0;\r\n    border: 1px solid #ccc;\r\n    border-radius: 8px;\r\n    padding: 5px 10px;\r\n    cursor: pointer;\r\n    display: flex;\r\n    align-items: center;\r\n    gap: 8px; \/* Spazio tra icona e testo *\/\r\n    font-family: sans-serif;\r\n    font-size: 14px;\r\n    color: #333;\r\n    transition: background-color 0.3s ease;\r\n    z-index: 10; \/* Per assicurarsi che sia sopra altri elementi *\/\r\n  }\r\n\r\n  \/* Effetto al passaggio del mouse *\/\r\n  .manual-refresh-button:hover {\r\n    background-color: #e0e0e0;\r\n  }\r\n\r\n  \/* Stile dell'icona SVG *\/\r\n  .manual-refresh-button svg {\r\n    width: 16px;\r\n    height: 16px;\r\n  }\r\n<\/style><!-- HTML del pulsante --><button id=\"refreshBtn\" class=\"manual-refresh-button\"><!-- Icona SVG per il refresh (da Font Awesome) --><svg xmlns=\"http:\/\/www.w3.org\/2000\/svg\" viewBox=\"0 0 512 512\"><path fill=\"currentColor\" d=\"M463.5 224H472c13.3 0 24-10.7 24-24V72c0-9.7-5.8-18.5-14.8-22.2s-19.3-1.7-26.2 5.2L413.4 96.6c-87.6-86.5-228.7-86.2-315.8 1c-87.5 87.5-87.5 229.3 0 316.8s229.3 87.5 316.8 0c12.5-12.5 12.5-32.8 0-45.3s-32.8-12.5-45.3 0c-62.5 62.5-163.8 62.5-226.3 0s-62.5-163.8 0-226.3c62.2-62.2 162.7-62.5 225.3-1L327 183c-6.9 6.9-8.9 17.2-5.2 26.2s12.5 14.8 22.2 14.8H463.5z\"\/><\/svg>Refresh\r\n<\/button><!-- Script per far funzionare il pulsante --><script>\/\/ Aggiungiamo un listener che si attiva quando l'HTML \u00e8 stato caricato\r\n  document.addEventListener('DOMContentLoaded', function() {\r\n    const refreshButton = document.getElementById('refreshBtn');\r\n    \r\n    if (refreshButton) {\r\n      refreshButton.addEventListener('click', function() {\r\n        \/\/ Ricarica la pagina\r\n        location.reload();\r\n      });\r\n    }\r\n  });\r\n<\/script>\t\t\t\t<\/div>\n\t\t\t\t\t<\/div>\n\t\t\t\t<\/div>\n\t\t<div data-particle_enable=\"false\" data-particle-mobile-disabled=\"false\" class=\"elementor-element elementor-element-1dfc213 e-flex e-con-boxed wpr-particle-no wpr-jarallax-no wpr-parallax-no wpr-sticky-section-no wpr-equal-height-no e-con e-parent\" data-id=\"1dfc213\" data-element_type=\"container\" data-e-type=\"container\" data-settings=\"{&quot;background_background&quot;:&quot;classic&quot;}\">\n\t\t\t\t\t<div class=\"e-con-inner\">\n\t\t\t\t<div class=\"elementor-element elementor-element-5bd9bde blocco-area-utente e-my-account-tabs-vertical elementor-widget elementor-widget-woocommerce-my-account\" data-id=\"5bd9bde\" data-element_type=\"widget\" data-e-type=\"widget\" data-widget_type=\"woocommerce-my-account.default\">\n\t\t\t\t\t<div class=\"e-my-account-tab e-my-account-tab__ \">\t\t\t<div class=\"woocommerce\"><div class=\"woocommerce-notices-wrapper\"><\/div>\n\n<div class=\"u-columns col2-set\" id=\"customer_login\">\n\n\t<div class=\"u-column1 col-1\">\n\n\n\t\t<h2>Se connecter<\/h2>\n\n\t\t<form class=\"woocommerce-form woocommerce-form-login login\" method=\"post\" novalidate>\n\n\t\t\t\n\t\t\t<p class=\"woocommerce-form-row woocommerce-form-row--wide form-row form-row-wide\">\n\t\t\t\t<label for=\"username\">Identifiant ou e-mail&nbsp;<span class=\"required\" aria-hidden=\"true\">*<\/span><span class=\"screen-reader-text\">Obligatoire<\/span><\/label>\n\t\t\t\t<input type=\"text\" class=\"woocommerce-Input woocommerce-Input--text input-text\" name=\"username\" id=\"username\" autocomplete=\"username\" value=\"\" required aria-required=\"true\" \/>\t\t\t<\/p>\n\t\t\t<p class=\"woocommerce-form-row woocommerce-form-row--wide form-row form-row-wide\">\n\t\t\t\t<label for=\"password\">Mot de passe&nbsp;<span class=\"required\" aria-hidden=\"true\">*<\/span><span class=\"screen-reader-text\">Obligatoire<\/span><\/label>\n\t\t\t\t<input class=\"woocommerce-Input woocommerce-Input--text input-text\" type=\"password\" name=\"password\" id=\"password\" autocomplete=\"current-password\" required aria-required=\"true\" \/>\n\t\t\t<\/p>\n\n\t\t\t\n\t\t\t<p class=\"form-row\">\n\t\t\t\t<label class=\"woocommerce-form__label woocommerce-form__label-for-checkbox woocommerce-form-login__rememberme\">\n\t\t\t\t\t<input class=\"woocommerce-form__input woocommerce-form__input-checkbox\" name=\"rememberme\" type=\"checkbox\" id=\"rememberme\" value=\"forever\" \/> <span>Se souvenir de moi<\/span>\n\t\t\t\t<\/label>\n\t\t\t\t<input type=\"hidden\" id=\"woocommerce-login-nonce\" name=\"woocommerce-login-nonce\" value=\"c4ea00cc11\" \/><input type=\"hidden\" name=\"_wp_http_referer\" value=\"\/fr\/wp-json\/wp\/v2\/pages\/21518\" \/>\t\t\t\t<button type=\"submit\" class=\"woocommerce-button button woocommerce-form-login__submit\" name=\"login\" value=\"Se connecter\">Se connecter<\/button>\n\t\t\t<\/p>\n\t\t\t<p class=\"woocommerce-LostPassword lost_password\">\n\t\t\t\t<a href=\"https:\/\/mokaefti.ch\/fr\/mon-compte\/lost-password\/\">Mot de passe perdu\u00a0?<\/a>\n\t\t\t<\/p>\n\n\t\t\t\n\t\t<\/form>\n\n\n\t<\/div>\n\n\t<div class=\"u-column2 col-2\">\n\n\t\t<h2>S\u2019inscrire<\/h2>\n\n\t\t<form method=\"post\" class=\"woocommerce-form woocommerce-form-register register\"  >\n\n\t\t\t\n\t\t\t\n\t\t\t<p class=\"woocommerce-form-row woocommerce-form-row--wide form-row form-row-wide\">\n\t\t\t\t<label for=\"reg_email\">Adresse e-mail&nbsp;<span class=\"required\" aria-hidden=\"true\">*<\/span><span class=\"screen-reader-text\">Obligatoire<\/span><\/label>\n\t\t\t\t<input type=\"email\" class=\"woocommerce-Input woocommerce-Input--text input-text\" name=\"email\" id=\"reg_email\" autocomplete=\"email\" value=\"\" required aria-required=\"true\" \/>\t\t\t<\/p>\n\n\t\t\t\n\t\t\t\t<p>Un lien permettant de d\u00e9finir un nouveau mot de passe sera envoy\u00e9 \u00e0 votre adresse e-mail.<\/p>\n\n\t\t\t\n\t\t\t\n\t\t\t<p class=\"form-row form-row-wide\">\n\t\t\t\t<label for=\"yith_birthday\">\n\t\t\t\t\tDate de naissance\t\t\t\t<\/label>\n\t\t\t\t<input\n\t\t\t\t\ttype=\"text\"\n\t\t\t\t\tclass=\"input-text\"\n\t\t\t\t\tname=\"yith_birthday\"\n\t\t\t\t\tmaxlength=\"10\"\n\t\t\t\t\tplaceholder=\"DD-MM-YYYY\"\n\t\t\t\t\tpattern=\"(0[1-9]|1[0-9]|2[0-9]|3[01])-(0[1-9]|1[012])-([0-9]{4})\"\n\t\t\t\t\tvalue=\"\"\n\t\t\t\t\t\t\t\t\t\t\t\t\t\t\/>\n\n\t\t\t<\/p>\n\n\t\t\t<wc-order-attribution-inputs><\/wc-order-attribution-inputs><div class=\"woocommerce-privacy-policy-text\"><p><a href=\"https:\/\/mokaefti.ch\/privacy\/\" class=\"woocommerce-privacy-policy-link\" target=\"_blank\">politique de confidentialit\u00e9<\/a><\/p>\n<\/div>\n\t\t\t<p class=\"woocommerce-form-row form-row\">\n\t\t\t\t<input type=\"hidden\" id=\"woocommerce-register-nonce\" name=\"woocommerce-register-nonce\" value=\"a9cff438ba\" \/><input type=\"hidden\" name=\"_wp_http_referer\" value=\"\/fr\/wp-json\/wp\/v2\/pages\/21518\" \/>\t\t\t\t<button type=\"submit\" class=\"woocommerce-Button woocommerce-button button woocommerce-form-register__submit\" name=\"register\" value=\"S\u2019inscrire\">S\u2019inscrire<\/button>\n\t\t\t<\/p>\n\n\t\t\t\n\t\t<\/form>\n\n\t<\/div>\n\n<\/div>\n\n<\/div>\t\t<\/div>\n\t\t\t\t\t\t<\/div>\n\t\t\t\t\t<\/div>\n\t\t\t\t<\/div>\n\t\t\t\t<\/div>\n\t\t","protected":false},"excerpt":{"rendered":"<p>Refresh VOTRE VITRINE PERSONNELLE Tableau de bord Commandes T\u00e9l\u00e9chargements Adresses Metodi di pagamento D\u00e9tails du compte Wordfence 2FA I miei codici promozionali Se d\u00e9connecter Ciao Giorgio Colombo (non sei Giorgio Colombo? Logout) Dalla bacheca del tuo account puoi visualizzare i tuoi ordini recenti, gestire i tuoi indirizzi di spedizione e fatturazione e modificare la password e i dettagli dell&rsquo;account.<\/p>\n","protected":false},"author":3129,"featured_media":0,"parent":0,"menu_order":0,"comment_status":"closed","ping_status":"closed","template":"","meta":{"_acf_changed":false,"_eb_attr":"","inline_featured_image":false,"footnotes":""},"folder":[349],"class_list":["post-21518","page","type-page","status-publish","hentry"],"acf":[],"aioseo_notices":[],"_links":{"self":[{"href":"https:\/\/mokaefti.ch\/fr\/wp-json\/wp\/v2\/pages\/21518","targetHints":{"allow":["GET"]}}],"collection":[{"href":"https:\/\/mokaefti.ch\/fr\/wp-json\/wp\/v2\/pages"}],"about":[{"href":"https:\/\/mokaefti.ch\/fr\/wp-json\/wp\/v2\/types\/page"}],"author":[{"embeddable":true,"href":"https:\/\/mokaefti.ch\/fr\/wp-json\/wp\/v2\/users\/3129"}],"replies":[{"embeddable":true,"href":"https:\/\/mokaefti.ch\/fr\/wp-json\/wp\/v2\/comments?post=21518"}],"version-history":[{"count":0,"href":"https:\/\/mokaefti.ch\/fr\/wp-json\/wp\/v2\/pages\/21518\/revisions"}],"wp:attachment":[{"href":"https:\/\/mokaefti.ch\/fr\/wp-json\/wp\/v2\/media?parent=21518"}],"wp:term":[{"taxonomy":"folder","embeddable":true,"href":"https:\/\/mokaefti.ch\/fr\/wp-json\/wp\/v2\/folder?post=21518"}],"curies":[{"name":"wp","href":"https:\/\/api.w.org\/{rel}","templated":true}]}}