{"id":21981,"date":"2022-08-19T11:25:01","date_gmt":"2022-08-19T09:25:01","guid":{"rendered":"https:\/\/mokaefti.ch\/pour-hotels-et-bureaux\/"},"modified":"2025-11-24T14:05:56","modified_gmt":"2025-11-24T13:05:56","slug":"pour-hotels-et-bureaux","status":"publish","type":"page","link":"https:\/\/mokaefti.ch\/fr\/pour-hotels-et-bureaux\/","title":{"rendered":"Pour h\u00f4tels et bureaux"},"content":{"rendered":"\t\t<div data-elementor-type=\"wp-page\" data-elementor-id=\"21981\" class=\"elementor elementor-21981 elementor-675\" data-elementor-post-type=\"page\">\n\t\t\t\t\t\t<section data-particle_enable=\"false\" data-particle-mobile-disabled=\"false\" class=\"elementor-section elementor-top-section elementor-element elementor-element-1f94467a elementor-section-full_width elementor-section-content-middle elementor-section-height-default elementor-section-height-default wpr-particle-no wpr-jarallax-no wpr-parallax-no wpr-sticky-section-no wpr-equal-height-no\" data-id=\"1f94467a\" data-element_type=\"section\" data-e-type=\"section\" data-settings=\"{&quot;background_background&quot;:&quot;classic&quot;}\">\n\t\t\t\t\t\t\t<div class=\"elementor-background-overlay\"><\/div>\n\t\t\t\t\t\t\t<div class=\"elementor-container elementor-column-gap-no\">\n\t\t\t\t\t<div class=\"elementor-column elementor-col-100 elementor-top-column elementor-element elementor-element-2a41ad50\" data-id=\"2a41ad50\" data-element_type=\"column\" data-e-type=\"column\">\n\t\t\t<div class=\"elementor-widget-wrap elementor-element-populated\">\n\t\t\t\t\t\t<section data-particle_enable=\"false\" data-particle-mobile-disabled=\"false\" class=\"elementor-section elementor-inner-section elementor-element elementor-element-4de5f619 elementor-section-content-middle elementor-section-boxed elementor-section-height-default elementor-section-height-default wpr-particle-no wpr-jarallax-no wpr-parallax-no wpr-sticky-section-no wpr-equal-height-no\" data-id=\"4de5f619\" data-element_type=\"section\" data-e-type=\"section\">\n\t\t\t\t\t\t<div class=\"elementor-container elementor-column-gap-default\">\n\t\t\t\t\t<div class=\"elementor-column elementor-col-100 elementor-inner-column elementor-element elementor-element-11290d59\" data-id=\"11290d59\" data-element_type=\"column\" data-e-type=\"column\">\n\t\t\t<div class=\"elementor-widget-wrap elementor-element-populated\">\n\t\t\t\t\t\t<div class=\"elementor-element elementor-element-5afd6768 animated-slow elementor-invisible elementor-widget elementor-widget-heading\" data-id=\"5afd6768\" data-element_type=\"widget\" data-e-type=\"widget\" data-settings=\"{&quot;_animation&quot;:&quot;zoomIn&quot;}\" data-widget_type=\"heading.default\">\n\t\t\t\t\t<h2 class=\"elementor-heading-title elementor-size-default\">Caf\u00e9 et machines pour bureaux et \u00e9tablissements d'accueil<\/h2>\t\t\t\t<\/div>\n\t\t\t\t\t<\/div>\n\t\t<\/div>\n\t\t\t\t\t<\/div>\n\t\t<\/section>\n\t\t\t\t\t<\/div>\n\t\t<\/div>\n\t\t\t\t\t<\/div>\n\t\t<\/section>\n\t\t<div data-particle_enable=\"false\" data-particle-mobile-disabled=\"false\" class=\"elementor-element elementor-element-4d9c289 e-flex e-con-boxed wpr-particle-no wpr-jarallax-no wpr-parallax-no wpr-sticky-section-no wpr-equal-height-no e-con e-parent\" data-id=\"4d9c289\" data-element_type=\"container\" data-e-type=\"container\">\n\t\t\t\t\t<div class=\"e-con-inner\">\n\t\t\t\t<div class=\"elementor-element elementor-element-f96a88c elementor-widget elementor-widget-text-editor\" data-id=\"f96a88c\" data-element_type=\"widget\" data-e-type=\"widget\" data-widget_type=\"text-editor.default\">\n\t\t\t\t\t\t\t\t\t<p>Nos produits sont con\u00e7us \u00e9galement pour les bureaux, les h\u00f4tels et les chambres d\u2019h\u00f4tes qui souhaitent offrir un bon caf\u00e9 \u00e0 leurs employ\u00e9s et \u00e0 leurs clients. Si vous tombez dans cette cat\u00e9gorie, essayez nos capsules compatibles Nespresso, nos capsules FAP ou nos capsules \u00e9cologiques <b>Moka Efti<\/b>; achetez l\u2019une de nos machines semi-professionnelles pour tous les usages et pr\u00e9parez un expresso au go\u00fbt exemplaire.<\/p>\t\t\t\t\t\t\t\t<\/div>\n\t\t\t\t\t<\/div>\n\t\t\t\t<\/div>\n\t\t\t\t<section data-particle_enable=\"false\" data-particle-mobile-disabled=\"false\" class=\"elementor-section elementor-top-section elementor-element elementor-element-69a41cb9 elementor-section-full_width elementor-section-height-default elementor-section-height-default wpr-particle-no wpr-jarallax-no wpr-parallax-no wpr-sticky-section-no wpr-equal-height-no\" data-id=\"69a41cb9\" data-element_type=\"section\" data-e-type=\"section\">\n\t\t\t\t\t\t<div class=\"elementor-container elementor-column-gap-default\">\n\t\t\t\t\t<div class=\"elementor-column elementor-col-100 elementor-top-column elementor-element elementor-element-47694a79\" data-id=\"47694a79\" data-element_type=\"column\" data-e-type=\"column\">\n\t\t\t<div class=\"elementor-widget-wrap elementor-element-populated\">\n\t\t\t\t\t\t<section data-particle_enable=\"false\" data-particle-mobile-disabled=\"false\" class=\"elementor-section elementor-inner-section elementor-element elementor-element-734e7a4b elementor-section-full_width elementor-section-height-default elementor-section-height-default wpr-particle-no wpr-jarallax-no wpr-parallax-no wpr-sticky-section-no wpr-equal-height-no\" data-id=\"734e7a4b\" data-element_type=\"section\" data-e-type=\"section\">\n\t\t\t\t\t\t<div class=\"elementor-container elementor-column-gap-default\">\n\t\t\t\t\t<div class=\"elementor-column elementor-col-20 elementor-inner-column elementor-element elementor-element-b0ae7b9 animated-slow elementor-invisible\" data-id=\"b0ae7b9\" data-element_type=\"column\" data-e-type=\"column\" data-settings=\"{&quot;background_background&quot;:&quot;classic&quot;,&quot;animation&quot;:&quot;fadeInLeft&quot;}\">\n\t\t\t<div class=\"elementor-widget-wrap elementor-element-populated\">\n\t\t\t\t\t\t<div class=\"elementor-element elementor-element-7b90248a eael-team-align-centered elementor-widget elementor-widget-eael-team-member\" data-id=\"7b90248a\" data-element_type=\"widget\" data-e-type=\"widget\" data-widget_type=\"eael-team-member.default\">\n\t\t\t\t\t\n\n\t<div id=\"eael-team-member-7b90248a\" class=\"eael-team-item eael-team-members-centered \">\n\t\t<div class=\"eael-team-item-inner\">\n\t\t\t<div class=\"eael-team-image\">\n\t\t\t\t<figure>\n\t\t\t\t\t\t\t\t\t\t<img decoding=\"async\" src=\"https:\/\/mokaefti.ch\/wp-content\/uploads\/2022\/08\/capsule-compatibili-nespresso.png\" alt=\"\">\n\t\t\t\t\t\t\t\t\t<\/figure>\n\t\t\t\t\n\t\t\t\t\n\t\t\t<\/div>\n\n\t\t\t<div class=\"eael-team-content\">\n\t\t\t\t<h2 class=\"eael-team-member-name\">  CAPSULES COMPATIBLES NESPRESSO<\/h2><h3 class=\"eael-team-member-position\"><\/h3>\n\t\t\t\t\t\t\t\t\t\t\t\t\t\t<p class=\"eael-team-text\">Nos capsules de caf\u00e9 sont compatibles avec les machines domestiques Nespresso et avec les machines Moka Efti de la gamme maison. Ach\u00e8te-les et emporte avec toi toute la qualit\u00e9 du caf\u00e9 Moka Efti : un caf\u00e9 au go\u00fbt intense qui ne d\u00e9\u00e7oit jamais le palais.<\/p>\n\t\t\t\t\t\t\t<\/div>\n\t\t<\/div>\n\t<\/div>\n\t\t\t\t\t<\/div>\n\t\t\t\t\t<\/div>\n\t\t<\/div>\n\t\t\t\t<div class=\"elementor-column elementor-col-20 elementor-inner-column elementor-element elementor-element-ccc9751 animated-slow elementor-invisible\" data-id=\"ccc9751\" data-element_type=\"column\" data-e-type=\"column\" data-settings=\"{&quot;background_background&quot;:&quot;classic&quot;,&quot;animation&quot;:&quot;fadeInUp&quot;}\">\n\t\t\t<div class=\"elementor-widget-wrap elementor-element-populated\">\n\t\t\t\t\t\t<div class=\"elementor-element elementor-element-46eaf71 eael-team-align-centered elementor-widget elementor-widget-eael-team-member\" data-id=\"46eaf71\" data-element_type=\"widget\" data-e-type=\"widget\" data-widget_type=\"eael-team-member.default\">\n\t\t\t\t\t\n\n\t<div id=\"eael-team-member-46eaf71\" class=\"eael-team-item eael-team-members-centered \">\n\t\t<div class=\"eael-team-item-inner\">\n\t\t\t<div class=\"eael-team-image\">\n\t\t\t\t<figure>\n\t\t\t\t\t\t\t\t\t\t<img decoding=\"async\" src=\"https:\/\/mokaefti.ch\/wp-content\/uploads\/2022\/08\/capsule-fap.png\" alt=\"\">\n\t\t\t\t\t\t\t\t\t<\/figure>\n\t\t\t\t\n\t\t\t\t\n\t\t\t<\/div>\n\n\t\t\t<div class=\"eael-team-content\">\n\t\t\t\t<h2 class=\"eael-team-member-name\">CAPSULES FAP<\/h2><h3 class=\"eael-team-member-position\"><\/h3>\n\t\t\t\t\t\t\t\t\t\t\t\t\t\t<p class=\"eael-team-text\">Les capsules FAP te permettent de faire un excellent caf\u00e9, exactement comme celui du bar, gr\u00e2ce \u00e0 l'utilisation de machines compatibles. Offre \u00e0 tes clients une pause agr\u00e9able gr\u00e2ce \u00e0 l'ar\u00f4me et au go\u00fbt d'un caf\u00e9 produit avec les meilleurs grains disponibles. \n<\/p>\n\t\t\t\t\t\t\t<\/div>\n\t\t<\/div>\n\t<\/div>\n\t\t\t\t\t<\/div>\n\t\t\t\t\t<\/div>\n\t\t<\/div>\n\t\t\t\t<div class=\"elementor-column elementor-col-20 elementor-inner-column elementor-element elementor-element-d95bdbe animated-slow elementor-invisible\" data-id=\"d95bdbe\" data-element_type=\"column\" data-e-type=\"column\" data-settings=\"{&quot;background_background&quot;:&quot;classic&quot;,&quot;animation&quot;:&quot;fadeInUp&quot;}\">\n\t\t\t<div class=\"elementor-widget-wrap elementor-element-populated\">\n\t\t\t\t\t\t<div class=\"elementor-element elementor-element-01a2146 eael-team-align-centered elementor-widget elementor-widget-eael-team-member\" data-id=\"01a2146\" data-element_type=\"widget\" data-e-type=\"widget\" data-widget_type=\"eael-team-member.default\">\n\t\t\t\t\t\n\n\t<div id=\"eael-team-member-01a2146\" class=\"eael-team-item eael-team-members-centered \">\n\t\t<div class=\"eael-team-item-inner\">\n\t\t\t<div class=\"eael-team-image\">\n\t\t\t\t<figure>\n\t\t\t\t\t\t\t\t\t\t<img decoding=\"async\" src=\"https:\/\/mokaefti.ch\/wp-content\/uploads\/2022\/07\/caffe-moka-efti-cialde.png\" alt=\"\">\n\t\t\t\t\t\t\t\t\t<\/figure>\n\t\t\t\t\n\t\t\t\t\n\t\t\t<\/div>\n\n\t\t\t<div class=\"eael-team-content\">\n\t\t\t\t<h2 class=\"eael-team-member-name\">  DOSETTES \u00c9CO-RESPONSABLES<\/h2><h3 class=\"eael-team-member-position\"><\/h3>\n\t\t\t\t\t\t\t\t\t\t\t\t\t\t<p class=\"eael-team-text\">Choisis les dosettes Moka Efti si tu veux un produit \u00ab vert \u00bb : elles sont compos\u00e9es de mat\u00e9riaux biod\u00e9gradables, mais aussi pratiques et hygi\u00e9niques : ins\u00e8re-les et retire-les de la machine sans disperser un grain de poudre ! Essayez tous les go\u00fbts et offrez \u00e0 vos clients le meilleur choix.<\/p>\n\t\t\t\t\t\t\t<\/div>\n\t\t<\/div>\n\t<\/div>\n\t\t\t\t\t<\/div>\n\t\t\t\t\t<\/div>\n\t\t<\/div>\n\t\t\t\t<div class=\"elementor-column elementor-col-20 elementor-inner-column elementor-element elementor-element-8eb1493 animated-slow elementor-invisible\" data-id=\"8eb1493\" data-element_type=\"column\" data-e-type=\"column\" data-settings=\"{&quot;background_background&quot;:&quot;classic&quot;,&quot;animation&quot;:&quot;fadeInUp&quot;}\">\n\t\t\t<div class=\"elementor-widget-wrap elementor-element-populated\">\n\t\t\t\t\t\t<div class=\"elementor-element elementor-element-550846b eael-team-align-centered elementor-widget elementor-widget-eael-team-member\" data-id=\"550846b\" data-element_type=\"widget\" data-e-type=\"widget\" data-widget_type=\"eael-team-member.default\">\n\t\t\t\t\t\n\n\t<div id=\"eael-team-member-550846b\" class=\"eael-team-item eael-team-members-centered \">\n\t\t<div class=\"eael-team-item-inner\">\n\t\t\t<div class=\"eael-team-image\">\n\t\t\t\t<figure>\n\t\t\t\t\t\t\t\t\t\t<img decoding=\"async\" src=\"https:\/\/mokaefti.ch\/wp-content\/uploads\/2022\/08\/caffetterie_03.png\" alt=\"\">\n\t\t\t\t\t\t\t\t\t<\/figure>\n\t\t\t\t\n\t\t\t\t\n\t\t\t<\/div>\n\n\t\t\t<div class=\"eael-team-content\">\n\t\t\t\t<h2 class=\"eael-team-member-name\">  MACHINES \u00c0 CAF\u00c9<\/h2><h3 class=\"eael-team-member-position\"><\/h3>\n\t\t\t\t\t\t\t\t\t\t\t\t\t\t<p class=\"eael-team-text\">Les machines \u00e0 caf\u00e9 des gammes semi-professionnelle et maison de Moka Efti sont compactes, solides et design. Achetez-les pour votre bureau ou votre maison pour profiter d\u2019une touche de style et de go\u00fbt \u00e0 ne pas perdre. Choisissez dans notre boutique la machine qui convient le mieux \u00e0 vos besoins.<\/p>\n\t\t\t\t\t\t\t<\/div>\n\t\t<\/div>\n\t<\/div>\n\t\t\t\t\t<\/div>\n\t\t\t\t\t<\/div>\n\t\t<\/div>\n\t\t\t\t<div class=\"elementor-column elementor-col-20 elementor-inner-column elementor-element elementor-element-6a7b9f5b animated-slow elementor-invisible\" data-id=\"6a7b9f5b\" data-element_type=\"column\" data-e-type=\"column\" data-settings=\"{&quot;background_background&quot;:&quot;classic&quot;,&quot;animation&quot;:&quot;fadeInRight&quot;}\">\n\t\t\t<div class=\"elementor-widget-wrap elementor-element-populated\">\n\t\t\t\t\t\t<div class=\"elementor-element elementor-element-2ce9fac2 eael-team-align-centered elementor-widget elementor-widget-eael-team-member\" data-id=\"2ce9fac2\" data-element_type=\"widget\" data-e-type=\"widget\" data-widget_type=\"eael-team-member.default\">\n\t\t\t\t\t\n\n\t<div id=\"eael-team-member-2ce9fac2\" class=\"eael-team-item eael-team-members-centered \">\n\t\t<div class=\"eael-team-item-inner\">\n\t\t\t<div class=\"eael-team-image\">\n\t\t\t\t<figure>\n\t\t\t\t\t\t\t\t\t\t<img decoding=\"async\" src=\"https:\/\/mokaefti.ch\/wp-content\/uploads\/2022\/08\/merchandise-2.png\" alt=\"\">\n\t\t\t\t\t\t\t\t\t<\/figure>\n\t\t\t\t\n\t\t\t\t\n\t\t\t<\/div>\n\n\t\t\t<div class=\"eael-team-content\">\n\t\t\t\t<h2 class=\"eael-team-member-name\">MARCHANDISAGE<\/h2><h3 class=\"eael-team-member-position\"><\/h3>\n\t\t\t\t\t\t\t\t\t\t\t\t\t\t<p class=\"eael-team-text\">Demandez des tasses, des soucoupes et d\u2019autres articles portant notre marque pour votre bureau ou votre h\u00f4tel: nous nous ferons un plaisir de vous fournir tout ce dont vous avez besoin pour le petit-d\u00e9jeuner et les pauses-caf\u00e9!\n<\/p>\n\t\t\t\t\t\t\t<\/div>\n\t\t<\/div>\n\t<\/div>\n\t\t\t\t\t<\/div>\n\t\t\t\t\t<\/div>\n\t\t<\/div>\n\t\t\t\t\t<\/div>\n\t\t<\/section>\n\t\t\t\t\t<\/div>\n\t\t<\/div>\n\t\t\t\t\t<\/div>\n\t\t<\/section>\n\t\t\t\t<section data-particle_enable=\"false\" data-particle-mobile-disabled=\"false\" class=\"elementor-section elementor-inner-section elementor-element elementor-element-6b097635 elementor-section-content-middle elementor-section-boxed elementor-section-height-default elementor-section-height-default wpr-particle-no wpr-jarallax-no wpr-parallax-no wpr-sticky-section-no wpr-equal-height-no\" data-id=\"6b097635\" data-element_type=\"section\" data-e-type=\"section\" id=\"cta-section\" data-settings=\"{&quot;background_background&quot;:&quot;classic&quot;}\">\n\t\t\t\t\t\t<div class=\"elementor-container elementor-column-gap-no\">\n\t\t\t\t\t<div class=\"elementor-column elementor-col-50 elementor-inner-column elementor-element elementor-element-4c1b32ad\" data-id=\"4c1b32ad\" data-element_type=\"column\" data-e-type=\"column\">\n\t\t\t<div class=\"elementor-widget-wrap elementor-element-populated\">\n\t\t\t\t\t\t<div class=\"elementor-element elementor-element-7db842e0 elementor-widget elementor-widget-heading\" data-id=\"7db842e0\" data-element_type=\"widget\" data-e-type=\"widget\" data-widget_type=\"heading.default\">\n\t\t\t\t\t<h2 class=\"elementor-heading-title elementor-size-default\">Nous sommes l\u00e0 pour te donner le maximum de support.<\/h2>\t\t\t\t<\/div>\n\t\t\t\t<div class=\"elementor-element elementor-element-1e23b0b elementor-widget elementor-widget-text-editor\" data-id=\"1e23b0b\" data-element_type=\"widget\" data-e-type=\"widget\" data-widget_type=\"text-editor.default\">\n\t\t\t\t\t\t\t\t\t<p>Contacte-nous sans engagement. Nos conseillers sont \u00e0 disposition pour \u00e9valuer tous tes besoins. <\/p>\t\t\t\t\t\t\t\t<\/div>\n\t\t\t\t\t<\/div>\n\t\t<\/div>\n\t\t\t\t<div class=\"elementor-column elementor-col-50 elementor-inner-column elementor-element elementor-element-663d30d9\" data-id=\"663d30d9\" data-element_type=\"column\" data-e-type=\"column\">\n\t\t\t<div class=\"elementor-widget-wrap elementor-element-populated\">\n\t\t\t\t\t\t<div class=\"elementor-element elementor-element-3d81be5e elementor-widget__width-auto elementor-mobile-align-justify elementor-widget elementor-widget-button\" data-id=\"3d81be5e\" data-element_type=\"widget\" data-e-type=\"widget\" data-widget_type=\"button.default\">\n\t\t\t\t\t\t\t\t\t\t<a class=\"elementor-button elementor-button-link elementor-size-sm\" href=\"https:\/\/mokaefti.ch\/contatti\/\">\n\t\t\t\t\t\t<span class=\"elementor-button-content-wrapper\">\n\t\t\t\t\t\t\t\t\t<span class=\"elementor-button-text\">Contactez nous!<\/span>\n\t\t\t\t\t<\/span>\n\t\t\t\t\t<\/a>\n\t\t\t\t\t\t\t\t<\/div>\n\t\t\t\t\t<\/div>\n\t\t<\/div>\n\t\t\t\t\t<\/div>\n\t\t<\/section>\n\t\t\t\t<\/div>\n\t\t","protected":false},"excerpt":{"rendered":"<p>Caf\u00e9 et machines pour bureaux et \u00e9tablissements d&rsquo;accueil Nos produits sont con\u00e7us \u00e9galement pour les bureaux, les h\u00f4tels et les chambres d\u2019h\u00f4tes qui souhaitent offrir un bon caf\u00e9 \u00e0 leurs employ\u00e9s et \u00e0 leurs clients. Si vous tombez dans cette cat\u00e9gorie, essayez nos capsules compatibles Nespresso, nos capsules FAP ou nos capsules \u00e9cologiques Moka Efti; achetez l\u2019une de nos machines semi-professionnelles pour tous les usages et pr\u00e9parez un expresso au go\u00fbt exemplaire. CAPSULES COMPATIBLES NESPRESSO Nos capsules de caf\u00e9 sont compatibles avec les machines domestiques Nespresso et avec les machines Moka Efti de la gamme maison. Ach\u00e8te-les et emporte avec toi toute la qualit\u00e9 du caf\u00e9 Moka Efti : un caf\u00e9 au go\u00fbt intense qui ne d\u00e9\u00e7oit jamais le palais. CAPSULES FAP Les capsules FAP te permettent de faire un excellent caf\u00e9, exactement comme celui du bar, gr\u00e2ce \u00e0 l&rsquo;utilisation de machines compatibles. Offre \u00e0 tes clients une pause agr\u00e9able gr\u00e2ce \u00e0 l&rsquo;ar\u00f4me et au go\u00fbt d&rsquo;un caf\u00e9 produit avec les meilleurs grains disponibles. DOSETTES \u00c9CO-RESPONSABLES Choisis les dosettes Moka Efti si tu veux un produit \u00ab vert \u00bb : elles sont compos\u00e9es de mat\u00e9riaux biod\u00e9gradables, mais aussi pratiques et hygi\u00e9niques : ins\u00e8re-les et retire-les de la machine sans disperser un grain de poudre ! Essayez tous les go\u00fbts et offrez \u00e0 vos clients le meilleur choix. MACHINES \u00c0 CAF\u00c9 Les machines \u00e0 caf\u00e9 des gammes semi-professionnelle et maison de Moka Efti sont compactes, solides et design. Achetez-les pour votre bureau ou votre maison pour profiter d\u2019une touche de style et de go\u00fbt \u00e0 ne pas perdre. Choisissez dans notre boutique la machine qui convient le mieux \u00e0 vos besoins. MARCHANDISAGE Demandez des tasses, des soucoupes et d\u2019autres articles portant notre marque pour votre bureau ou votre h\u00f4tel: nous nous ferons un plaisir de vous fournir tout ce dont vous avez besoin pour le petit-d\u00e9jeuner et les pauses-caf\u00e9! Nous sommes l\u00e0 pour te donner le maximum de support. Contacte-nous sans engagement. Nos conseillers sont \u00e0 disposition pour \u00e9valuer tous tes besoins. Contactez nous!<\/p>\n","protected":false},"author":3129,"featured_media":0,"parent":0,"menu_order":0,"comment_status":"closed","ping_status":"closed","template":"elementor_header_footer","meta":{"_acf_changed":false,"_eb_attr":"","inline_featured_image":false,"footnotes":""},"folder":[],"class_list":["post-21981","page","type-page","status-publish","hentry"],"acf":[],"aioseo_notices":[],"_links":{"self":[{"href":"https:\/\/mokaefti.ch\/fr\/wp-json\/wp\/v2\/pages\/21981","targetHints":{"allow":["GET"]}}],"collection":[{"href":"https:\/\/mokaefti.ch\/fr\/wp-json\/wp\/v2\/pages"}],"about":[{"href":"https:\/\/mokaefti.ch\/fr\/wp-json\/wp\/v2\/types\/page"}],"author":[{"embeddable":true,"href":"https:\/\/mokaefti.ch\/fr\/wp-json\/wp\/v2\/users\/3129"}],"replies":[{"embeddable":true,"href":"https:\/\/mokaefti.ch\/fr\/wp-json\/wp\/v2\/comments?post=21981"}],"version-history":[{"count":0,"href":"https:\/\/mokaefti.ch\/fr\/wp-json\/wp\/v2\/pages\/21981\/revisions"}],"wp:attachment":[{"href":"https:\/\/mokaefti.ch\/fr\/wp-json\/wp\/v2\/media?parent=21981"}],"wp:term":[{"taxonomy":"folder","embeddable":true,"href":"https:\/\/mokaefti.ch\/fr\/wp-json\/wp\/v2\/folder?post=21981"}],"curies":[{"name":"wp","href":"https:\/\/api.w.org\/{rel}","templated":true}]}}