{"id":23384,"date":"2025-09-25T17:39:06","date_gmt":"2025-09-25T15:39:06","guid":{"rendered":"https:\/\/mokaefti.ch\/fairtrade\/"},"modified":"2025-10-15T12:44:53","modified_gmt":"2025-10-15T10:44:53","slug":"fairtrade","status":"publish","type":"page","link":"https:\/\/mokaefti.ch\/fr\/fairtrade\/","title":{"rendered":"Fairtrade"},"content":{"rendered":"\t\t<div data-elementor-type=\"wp-page\" data-elementor-id=\"23384\" class=\"elementor elementor-23384 elementor-23351\" data-elementor-post-type=\"page\">\n\t\t\t\t\t\t<section data-particle_enable=\"false\" data-particle-mobile-disabled=\"false\" class=\"elementor-section elementor-top-section elementor-element elementor-element-49a79107 elementor-section-stretched elementor-section-full_width elementor-section-height-default elementor-section-height-default wpr-particle-no wpr-jarallax-no wpr-parallax-no wpr-sticky-section-no wpr-equal-height-no\" data-id=\"49a79107\" data-element_type=\"section\" data-e-type=\"section\" data-settings=\"{&quot;stretch_section&quot;:&quot;section-stretched&quot;,&quot;background_background&quot;:&quot;classic&quot;}\">\n\t\t\t\t\t\t<div class=\"elementor-container elementor-column-gap-no\">\n\t\t\t\t\t<div class=\"elementor-column elementor-col-100 elementor-top-column elementor-element elementor-element-1d235ed3\" data-id=\"1d235ed3\" data-element_type=\"column\" data-e-type=\"column\">\n\t\t\t<div class=\"elementor-widget-wrap elementor-element-populated\">\n\t\t\t\t\t\t<div class=\"elementor-element elementor-element-1c934c99 eael-product-grid-column-tablet-2 eael-product-grid-column-4 elementor-invisible elementor-widget elementor-widget-eicon-woocommerce\" data-id=\"1c934c99\" data-element_type=\"widget\" data-e-type=\"widget\" data-settings=\"{&quot;_animation&quot;:&quot;fadeInUp&quot;}\" data-widget_type=\"eicon-woocommerce.default\">\n\t\t\t\t\t\n        <div class=\"eael-product-grid eael-product-simple grid\" id=\"eael-product-grid\" data-widget-id=\"1c934c99\" data-page-id=\"23384\" data-nonce=\"4b8da7bc14\" >\n            <div class=\"woocommerce\">\n                <ul class=\"products eael-post-appender eael-post-appender-1c934c99\" data-ssi-desktop=\"no\" data-ssi-tablet=\"\" data-ssi-mobile=\"\" data-layout-mode=\"grid\"> <li class=\"product \">\n<div class=\"eael-product-wrap\" data-src=\"\" data-src-hover=\"\">\n    <a href=\"https:\/\/mokaefti.ch\/fr\/boutique\/moka-efti-dosettes-fairtrade-lungo\/\" class=\"woocommerce-LoopProduct-link woocommerce-loop-product__link\"><img fetchpriority=\"high\" decoding=\"async\" width=\"300\" height=\"300\" src=\"https:\/\/mokaefti.ch\/wp-content\/uploads\/2023\/12\/cialde-fairtrade-300x300.png\" class=\"attachment-woocommerce_thumbnail size-woocommerce_thumbnail wvs-archive-product-image\" alt=\"Moka Efti Dosettes Fairtrade\" loading=\"eager\" srcset=\"https:\/\/mokaefti.ch\/wp-content\/uploads\/2023\/12\/cialde-fairtrade-300x300.png 300w, https:\/\/mokaefti.ch\/wp-content\/uploads\/2023\/12\/cialde-fairtrade-1024x1024.png 1024w, https:\/\/mokaefti.ch\/wp-content\/uploads\/2023\/12\/cialde-fairtrade-150x150.png 150w, https:\/\/mokaefti.ch\/wp-content\/uploads\/2023\/12\/cialde-fairtrade-768x768.png 768w, https:\/\/mokaefti.ch\/wp-content\/uploads\/2023\/12\/cialde-fairtrade-600x600.png 600w, https:\/\/mokaefti.ch\/wp-content\/uploads\/2023\/12\/cialde-fairtrade-100x100.png 100w, https:\/\/mokaefti.ch\/wp-content\/uploads\/2023\/12\/cialde-fairtrade.png 1080w\" sizes=\"(max-width: 300px) 100vw, 300px\" \/><\/a><div class=\"eael-product-title\">\n    <a href=\"https:\/\/mokaefti.ch\/fr\/boutique\/moka-efti-dosettes-fairtrade-lungo\/\" class=\"woocommerce-LoopProduct-link woocommerce-loop-product__link\"><h2 class=\"woocommerce-loop-product__title\">MOKA EFTI DOSETTES FAIRTRADE LUNGO<\/h2><\/a>\n    <\/div><div class=\"eael-product-price\"><span class=\"woocommerce-Price-amount amount\"><bdi><span class=\"woocommerce-Price-currencySymbol\">&#67;&#72;&#70;<\/span>16.50<\/bdi><\/span><\/div>    <a href=\"\/fr\/wp-json\/wp\/v2\/pages\/23384?add-to-cart=21206\" aria-describedby=\"woocommerce_loop_add_to_cart_link_describedby_21206\" data-quantity=\"1\" class=\"button product_type_simple add_to_cart_button ajax_add_to_cart\" data-product_id=\"21206\" data-product_sku=\"9118\" aria-label=\"Ajouter au panier\u00a0: &ldquo;MOKA EFTI DOSETTES FAIRTRADE LUNGO&rdquo;\" rel=\"nofollow\" data-success_message=\"\u00ab\u00a0MOKA EFTI DOSETTES FAIRTRADE LUNGO\u00a0\u00bb a \u00e9t\u00e9 ajout\u00e9 \u00e0 votre panier\" role=\"button\">Ajouter au panier<\/a>\t<span id=\"woocommerce_loop_add_to_cart_link_describedby_21206\" class=\"screen-reader-text\">\n\t\t\t<\/span>\n    \n<\/div>\n\n<\/li> <li class=\"product \">\n<div class=\"eael-product-wrap\" data-src=\"\" data-src-hover=\"\">\n    <a href=\"https:\/\/mokaefti.ch\/fr\/boutique\/moka-efti-dosettes-fairtrade-espresso\/\" class=\"woocommerce-LoopProduct-link woocommerce-loop-product__link\"><img fetchpriority=\"high\" decoding=\"async\" width=\"300\" height=\"300\" src=\"https:\/\/mokaefti.ch\/wp-content\/uploads\/2023\/12\/cialde-fairtrade-300x300.png\" class=\"attachment-woocommerce_thumbnail size-woocommerce_thumbnail wvs-archive-product-image\" alt=\"Moka Efti Dosettes Fairtrade\" loading=\"eager\" srcset=\"https:\/\/mokaefti.ch\/wp-content\/uploads\/2023\/12\/cialde-fairtrade-300x300.png 300w, https:\/\/mokaefti.ch\/wp-content\/uploads\/2023\/12\/cialde-fairtrade-1024x1024.png 1024w, https:\/\/mokaefti.ch\/wp-content\/uploads\/2023\/12\/cialde-fairtrade-150x150.png 150w, https:\/\/mokaefti.ch\/wp-content\/uploads\/2023\/12\/cialde-fairtrade-768x768.png 768w, https:\/\/mokaefti.ch\/wp-content\/uploads\/2023\/12\/cialde-fairtrade-600x600.png 600w, https:\/\/mokaefti.ch\/wp-content\/uploads\/2023\/12\/cialde-fairtrade-100x100.png 100w, https:\/\/mokaefti.ch\/wp-content\/uploads\/2023\/12\/cialde-fairtrade.png 1080w\" sizes=\"(max-width: 300px) 100vw, 300px\" \/><\/a><div class=\"eael-product-title\">\n    <a href=\"https:\/\/mokaefti.ch\/fr\/boutique\/moka-efti-dosettes-fairtrade-espresso\/\" class=\"woocommerce-LoopProduct-link woocommerce-loop-product__link\"><h2 class=\"woocommerce-loop-product__title\">MOKA EFTI DOSETTES FAIRTRADE ESPRESSO<\/h2><\/a>\n    <\/div><div class=\"eael-product-price\"><span class=\"woocommerce-Price-amount amount\"><bdi><span class=\"woocommerce-Price-currencySymbol\">&#67;&#72;&#70;<\/span>16.50<\/bdi><\/span><\/div>    <a href=\"\/fr\/wp-json\/wp\/v2\/pages\/23384?add-to-cart=21205\" aria-describedby=\"woocommerce_loop_add_to_cart_link_describedby_21205\" data-quantity=\"1\" class=\"button product_type_simple add_to_cart_button ajax_add_to_cart\" data-product_id=\"21205\" data-product_sku=\"9143\" aria-label=\"Ajouter au panier\u00a0: &ldquo;MOKA EFTI DOSETTES FAIRTRADE ESPRESSO&rdquo;\" rel=\"nofollow\" data-success_message=\"\u00ab\u00a0MOKA EFTI DOSETTES FAIRTRADE ESPRESSO\u00a0\u00bb a \u00e9t\u00e9 ajout\u00e9 \u00e0 votre panier\" role=\"button\">Ajouter au panier<\/a>\t<span id=\"woocommerce_loop_add_to_cart_link_describedby_21205\" class=\"screen-reader-text\">\n\t\t\t<\/span>\n    \n<\/div>\n\n<\/li> <li class=\"product \">\n<div class=\"eael-product-wrap\" data-src=\"\" data-src-hover=\"\">\n    <a href=\"https:\/\/mokaefti.ch\/fr\/boutique\/bio-fairtrade-moulu-250g\/\" class=\"woocommerce-LoopProduct-link woocommerce-loop-product__link\"><img decoding=\"async\" width=\"300\" height=\"300\" src=\"https:\/\/mokaefti.ch\/wp-content\/uploads\/2022\/09\/28-300x300.png\" class=\"attachment-woocommerce_thumbnail size-woocommerce_thumbnail wvs-archive-product-image\" alt=\"Bio Fairtrade moulu 250g\" loading=\"eager\" srcset=\"https:\/\/mokaefti.ch\/wp-content\/uploads\/2022\/09\/28-300x300.png 300w, https:\/\/mokaefti.ch\/wp-content\/uploads\/2022\/09\/28-1024x1024.png 1024w, https:\/\/mokaefti.ch\/wp-content\/uploads\/2022\/09\/28-150x150.png 150w, https:\/\/mokaefti.ch\/wp-content\/uploads\/2022\/09\/28-768x768.png 768w, https:\/\/mokaefti.ch\/wp-content\/uploads\/2022\/09\/28-600x600.png 600w, https:\/\/mokaefti.ch\/wp-content\/uploads\/2022\/09\/28-100x100.png 100w, https:\/\/mokaefti.ch\/wp-content\/uploads\/2022\/09\/28.png 1080w\" sizes=\"(max-width: 300px) 100vw, 300px\" \/><\/a><div class=\"eael-product-title\">\n    <a href=\"https:\/\/mokaefti.ch\/fr\/boutique\/bio-fairtrade-moulu-250g\/\" class=\"woocommerce-LoopProduct-link woocommerce-loop-product__link\"><h2 class=\"woocommerce-loop-product__title\">BIO FAIRTRADE MOULU 250 GR.<\/h2><\/a>\n    <\/div><div class=\"eael-product-price\"><span class=\"woocommerce-Price-amount amount\"><bdi><span class=\"woocommerce-Price-currencySymbol\">&#67;&#72;&#70;<\/span>8.50<\/bdi><\/span><\/div>    <a href=\"\/fr\/wp-json\/wp\/v2\/pages\/23384?add-to-cart=21342\" aria-describedby=\"woocommerce_loop_add_to_cart_link_describedby_21342\" data-quantity=\"1\" class=\"button product_type_simple add_to_cart_button ajax_add_to_cart\" data-product_id=\"21342\" data-product_sku=\"250MACBIO\" aria-label=\"Ajouter au panier\u00a0: &ldquo;BIO FAIRTRADE MOULU 250 GR.&rdquo;\" rel=\"nofollow\" data-success_message=\"\u00ab\u00a0BIO FAIRTRADE MOULU 250 GR.\u00a0\u00bb a \u00e9t\u00e9 ajout\u00e9 \u00e0 votre panier\" role=\"button\">Ajouter au panier<\/a>\t<span id=\"woocommerce_loop_add_to_cart_link_describedby_21342\" class=\"screen-reader-text\">\n\t\t\t<\/span>\n    \n<\/div>\n\n<\/li> <li class=\"product \">\n<div class=\"eael-product-wrap\" data-src=\"\" data-src-hover=\"\">\n    <a href=\"https:\/\/mokaefti.ch\/fr\/boutique\/bio-fairtrade-en-grains-250-gr\/\" class=\"woocommerce-LoopProduct-link woocommerce-loop-product__link\"><img decoding=\"async\" width=\"300\" height=\"300\" src=\"https:\/\/mokaefti.ch\/wp-content\/uploads\/2022\/09\/18-300x300.png\" class=\"attachment-woocommerce_thumbnail size-woocommerce_thumbnail wvs-archive-product-image\" alt=\"Bio Fairtrade en grains 250 gr.\" loading=\"eager\" srcset=\"https:\/\/mokaefti.ch\/wp-content\/uploads\/2022\/09\/18-300x300.png 300w, https:\/\/mokaefti.ch\/wp-content\/uploads\/2022\/09\/18-1024x1024.png 1024w, https:\/\/mokaefti.ch\/wp-content\/uploads\/2022\/09\/18-150x150.png 150w, https:\/\/mokaefti.ch\/wp-content\/uploads\/2022\/09\/18-768x768.png 768w, https:\/\/mokaefti.ch\/wp-content\/uploads\/2022\/09\/18-600x600.png 600w, https:\/\/mokaefti.ch\/wp-content\/uploads\/2022\/09\/18-100x100.png 100w, https:\/\/mokaefti.ch\/wp-content\/uploads\/2022\/09\/18.png 1080w\" sizes=\"(max-width: 300px) 100vw, 300px\" \/><\/a><div class=\"eael-product-title\">\n    <a href=\"https:\/\/mokaefti.ch\/fr\/boutique\/bio-fairtrade-en-grains-250-gr\/\" class=\"woocommerce-LoopProduct-link woocommerce-loop-product__link\"><h2 class=\"woocommerce-loop-product__title\">BIO FAIRTRADE EN GRAINS 250 GR.<\/h2><\/a>\n    <\/div><div class=\"eael-product-price\"><span class=\"woocommerce-Price-amount amount\"><bdi><span class=\"woocommerce-Price-currencySymbol\">&#67;&#72;&#70;<\/span>8.10<\/bdi><\/span><\/div>    <a href=\"\/fr\/wp-json\/wp\/v2\/pages\/23384?add-to-cart=21345\" aria-describedby=\"woocommerce_loop_add_to_cart_link_describedby_21345\" data-quantity=\"1\" class=\"button product_type_simple add_to_cart_button ajax_add_to_cart\" data-product_id=\"21345\" data-product_sku=\"250GRABIO\" aria-label=\"Ajouter au panier\u00a0: &ldquo;BIO FAIRTRADE EN GRAINS 250 GR.&rdquo;\" rel=\"nofollow\" data-success_message=\"\u00ab\u00a0BIO FAIRTRADE EN GRAINS 250 GR.\u00a0\u00bb a \u00e9t\u00e9 ajout\u00e9 \u00e0 votre panier\" role=\"button\">Ajouter au panier<\/a>\t<span id=\"woocommerce_loop_add_to_cart_link_describedby_21345\" class=\"screen-reader-text\">\n\t\t\t<\/span>\n    \n<\/div>\n\n<\/li> <li class=\"product \">\n<div class=\"eael-product-wrap\" data-src=\"\" data-src-hover=\"\">\n    <a href=\"https:\/\/mokaefti.ch\/fr\/boutique\/bio-gemma-fairtrade-en-grains-1000-gr\/\" class=\"woocommerce-LoopProduct-link woocommerce-loop-product__link\"><img decoding=\"async\" width=\"300\" height=\"300\" src=\"https:\/\/mokaefti.ch\/wp-content\/uploads\/2022\/09\/17-300x300.png\" class=\"attachment-woocommerce_thumbnail size-woocommerce_thumbnail wvs-archive-product-image\" alt=\"Bio Gemma Fairtrade en grains 1000 gr.\" loading=\"eager\" srcset=\"https:\/\/mokaefti.ch\/wp-content\/uploads\/2022\/09\/17-300x300.png 300w, https:\/\/mokaefti.ch\/wp-content\/uploads\/2022\/09\/17-1024x1024.png 1024w, https:\/\/mokaefti.ch\/wp-content\/uploads\/2022\/09\/17-150x150.png 150w, https:\/\/mokaefti.ch\/wp-content\/uploads\/2022\/09\/17-768x768.png 768w, https:\/\/mokaefti.ch\/wp-content\/uploads\/2022\/09\/17-600x600.png 600w, https:\/\/mokaefti.ch\/wp-content\/uploads\/2022\/09\/17-100x100.png 100w, https:\/\/mokaefti.ch\/wp-content\/uploads\/2022\/09\/17.png 1080w\" sizes=\"(max-width: 300px) 100vw, 300px\" \/><\/a><div class=\"eael-product-title\">\n    <a href=\"https:\/\/mokaefti.ch\/fr\/boutique\/bio-gemma-fairtrade-en-grains-1000-gr\/\" class=\"woocommerce-LoopProduct-link woocommerce-loop-product__link\"><h2 class=\"woocommerce-loop-product__title\">BIO GEMMA FAIRTRADE EN GRAINS 1000 GR.<\/h2><\/a>\n    <\/div><div class=\"eael-product-price\"><span class=\"woocommerce-Price-amount amount\"><bdi><span class=\"woocommerce-Price-currencySymbol\">&#67;&#72;&#70;<\/span>29.50<\/bdi><\/span><\/div>    <a href=\"\/fr\/wp-json\/wp\/v2\/pages\/23384?add-to-cart=21349\" aria-describedby=\"woocommerce_loop_add_to_cart_link_describedby_21349\" data-quantity=\"1\" class=\"button product_type_simple add_to_cart_button ajax_add_to_cart\" data-product_id=\"21349\" data-product_sku=\"160102\" aria-label=\"Ajouter au panier\u00a0: &ldquo;BIO GEMMA FAIRTRADE EN GRAINS 1000 GR.&rdquo;\" rel=\"nofollow\" data-success_message=\"\u00ab\u00a0BIO GEMMA FAIRTRADE EN GRAINS 1000 GR.\u00a0\u00bb a \u00e9t\u00e9 ajout\u00e9 \u00e0 votre panier\" role=\"button\">Ajouter au panier<\/a>\t<span id=\"woocommerce_loop_add_to_cart_link_describedby_21349\" class=\"screen-reader-text\">\n\t\t\t<\/span>\n    \n<\/div>\n\n<\/li> <li class=\"product \">\n<div class=\"eael-product-wrap\" data-src=\"\" data-src-hover=\"\">\n    <a href=\"https:\/\/mokaefti.ch\/fr\/boutique\/melange-special-de-grains-de-cafe-1000g-commerce-equitable\/\" class=\"woocommerce-LoopProduct-link woocommerce-loop-product__link\"><img decoding=\"async\" width=\"300\" height=\"300\" src=\"https:\/\/mokaefti.ch\/wp-content\/uploads\/2025\/12\/Faitrade-50arabica-300x300.png\" class=\"attachment-woocommerce_thumbnail size-woocommerce_thumbnail wvs-archive-product-image\" alt=\"M\u00c9LANGE SP\u00c9CIAL DE GRAINS DE CAF\u00c9 1000G COMMERCE \u00c9QUITABLE\" loading=\"eager\" srcset=\"https:\/\/mokaefti.ch\/wp-content\/uploads\/2025\/12\/Faitrade-50arabica-300x300.png 300w, https:\/\/mokaefti.ch\/wp-content\/uploads\/2025\/12\/Faitrade-50arabica-1024x1024.png 1024w, https:\/\/mokaefti.ch\/wp-content\/uploads\/2025\/12\/Faitrade-50arabica-150x150.png 150w, https:\/\/mokaefti.ch\/wp-content\/uploads\/2025\/12\/Faitrade-50arabica-768x768.png 768w, https:\/\/mokaefti.ch\/wp-content\/uploads\/2025\/12\/Faitrade-50arabica-600x600.png 600w, https:\/\/mokaefti.ch\/wp-content\/uploads\/2025\/12\/Faitrade-50arabica-100x100.png 100w, https:\/\/mokaefti.ch\/wp-content\/uploads\/2025\/12\/Faitrade-50arabica.png 1080w\" sizes=\"(max-width: 300px) 100vw, 300px\" \/><\/a><div class=\"eael-product-title\">\n    <a href=\"https:\/\/mokaefti.ch\/fr\/boutique\/melange-special-de-grains-de-cafe-1000g-commerce-equitable\/\" class=\"woocommerce-LoopProduct-link woocommerce-loop-product__link\"><h2 class=\"woocommerce-loop-product__title\">M\u00c9LANGE SP\u00c9CIAL DE GRAINS DE CAF\u00c9 1000G COMMERCE \u00c9QUITABLE<\/h2><\/a>\n    <\/div><div class=\"eael-product-price\"><span class=\"woocommerce-Price-amount amount\"><bdi><span class=\"woocommerce-Price-currencySymbol\">&#67;&#72;&#70;<\/span>29.90<\/bdi><\/span><\/div>    <a href=\"\/fr\/wp-json\/wp\/v2\/pages\/23384?add-to-cart=26315\" aria-describedby=\"woocommerce_loop_add_to_cart_link_describedby_26315\" data-quantity=\"1\" class=\"button product_type_simple add_to_cart_button ajax_add_to_cart\" data-product_id=\"26315\" data-product_sku=\"190101\" aria-label=\"Ajouter au panier\u00a0: &ldquo;M\u00c9LANGE SP\u00c9CIAL DE GRAINS DE CAF\u00c9 1000G COMMERCE \u00c9QUITABLE&rdquo;\" rel=\"nofollow\" data-success_message=\"\u00ab\u00a0M\u00c9LANGE SP\u00c9CIAL DE GRAINS DE CAF\u00c9 1000G COMMERCE \u00c9QUITABLE\u00a0\u00bb a \u00e9t\u00e9 ajout\u00e9 \u00e0 votre panier\" role=\"button\">Ajouter au panier<\/a>\t<span id=\"woocommerce_loop_add_to_cart_link_describedby_26315\" class=\"screen-reader-text\">\n\t\t\t<\/span>\n    \n<\/div>\n\n<\/li><\/ul>            <\/div>\n        <\/div>\n\n        <script type=\"text\/javascript\">\n            jQuery(document).ready(function($) {\n                var $scope = jQuery(\".elementor-element-1c934c99\");\n                var $products = $('.products', $scope);\n                var $layout_mode = $products.data('layout-mode');\n                \n                if ( $layout_mode === 'masonry' ) {\n                    \/\/ init isotope\n                    var $isotope_products = $products.isotope({\n                        itemSelector: \"li.product\",\n                        layoutMode: $layout_mode,\n                        percentPosition: true\n                    });\n\n                    $isotope_products.imagesLoaded().progress( function() {\n                        $isotope_products.isotope('layout');\n                    })\n                    \n                }\n            });\n        <\/script>\n        \t\t\t\t<\/div>\n\t\t\t\t\t<\/div>\n\t\t<\/div>\n\t\t\t\t\t<\/div>\n\t\t<\/section>\n\t\t\t\t<\/div>\n\t\t","protected":false},"excerpt":{"rendered":"<p>Moka Efti Cialde Fairtrade lungo &#67;&#72;&#70;&nbsp;16.50 Aggiungi al carrello Moka Efti Cialde Fairtrade Espresso &#67;&#72;&#70;&nbsp;16.50 Aggiungi al carrello Bio Fairtrade macinato 250g &#67;&#72;&#70;&nbsp;8.50 Aggiungi al carrello Bio Fairtrade in grani 250g &#67;&#72;&#70;&nbsp;8.10 Aggiungi al carrello Bio Fairtrade in grani 1000 g &#67;&#72;&#70;&nbsp;29.50 Aggiungi al carrello<\/p>\n","protected":false},"author":12,"featured_media":0,"parent":0,"menu_order":0,"comment_status":"closed","ping_status":"closed","template":"elementor_header_footer","meta":{"_acf_changed":false,"_eb_attr":"","inline_featured_image":false,"footnotes":""},"folder":[348],"class_list":["post-23384","page","type-page","status-publish","hentry"],"acf":[],"aioseo_notices":[],"_links":{"self":[{"href":"https:\/\/mokaefti.ch\/fr\/wp-json\/wp\/v2\/pages\/23384","targetHints":{"allow":["GET"]}}],"collection":[{"href":"https:\/\/mokaefti.ch\/fr\/wp-json\/wp\/v2\/pages"}],"about":[{"href":"https:\/\/mokaefti.ch\/fr\/wp-json\/wp\/v2\/types\/page"}],"author":[{"embeddable":true,"href":"https:\/\/mokaefti.ch\/fr\/wp-json\/wp\/v2\/users\/12"}],"replies":[{"embeddable":true,"href":"https:\/\/mokaefti.ch\/fr\/wp-json\/wp\/v2\/comments?post=23384"}],"version-history":[{"count":0,"href":"https:\/\/mokaefti.ch\/fr\/wp-json\/wp\/v2\/pages\/23384\/revisions"}],"wp:attachment":[{"href":"https:\/\/mokaefti.ch\/fr\/wp-json\/wp\/v2\/media?parent=23384"}],"wp:term":[{"taxonomy":"folder","embeddable":true,"href":"https:\/\/mokaefti.ch\/fr\/wp-json\/wp\/v2\/folder?post=23384"}],"curies":[{"name":"wp","href":"https:\/\/api.w.org\/{rel}","templated":true}]}}