{"id":24794,"date":"2022-08-19T15:52:39","date_gmt":"2022-08-19T13:52:39","guid":{"rendered":"https:\/\/mokaefti.ch\/societe-moka-efti\/"},"modified":"2025-11-11T13:30:02","modified_gmt":"2025-11-11T12:30:02","slug":"societe-moka-efti","status":"publish","type":"page","link":"https:\/\/mokaefti.ch\/fr\/societe-moka-efti\/","title":{"rendered":"Soci\u00e9t\u00e9 Moka Efti"},"content":{"rendered":"\t\t<div data-elementor-type=\"wp-page\" data-elementor-id=\"24794\" class=\"elementor elementor-24794 elementor-721\" data-elementor-post-type=\"page\">\n\t\t\t\t\t\t<section data-particle_enable=\"false\" data-particle-mobile-disabled=\"false\" class=\"elementor-section elementor-top-section elementor-element elementor-element-6fabc0a3 elementor-section-boxed elementor-section-height-default elementor-section-height-default wpr-particle-no wpr-jarallax-no wpr-parallax-no wpr-sticky-section-no wpr-equal-height-no\" data-id=\"6fabc0a3\" data-element_type=\"section\" data-e-type=\"section\" data-settings=\"{&quot;background_background&quot;:&quot;classic&quot;}\">\n\t\t\t\t\t\t<div class=\"elementor-container elementor-column-gap-default\">\n\t\t\t\t\t<div class=\"elementor-column elementor-col-100 elementor-top-column elementor-element elementor-element-3235040\" data-id=\"3235040\" data-element_type=\"column\" data-e-type=\"column\">\n\t\t\t<div class=\"elementor-widget-wrap elementor-element-populated\">\n\t\t\t\t\t\t<div class=\"elementor-element elementor-element-6f871f7a elementor-widget__width-initial elementor-widget-tablet__width-initial elementor-widget-mobile__width-inherit elementor-invisible elementor-widget elementor-widget-heading\" data-id=\"6f871f7a\" data-element_type=\"widget\" data-e-type=\"widget\" data-settings=\"{&quot;_animation&quot;:&quot;fadeInDown&quot;,&quot;_animation_delay&quot;:1000}\" data-widget_type=\"heading.default\">\n\t\t\t\t\t<h2 class=\"elementor-heading-title elementor-size-default\">L'\u00c9VOLUTION\nCONTINUE<\/h2>\t\t\t\t<\/div>\n\t\t\t\t\t<\/div>\n\t\t<\/div>\n\t\t\t\t\t<\/div>\n\t\t<\/section>\n\t\t\t\t<section data-particle_enable=\"false\" data-particle-mobile-disabled=\"false\" class=\"elementor-section elementor-top-section elementor-element elementor-element-2ab802b0 elementor-section-full_width elementor-section-height-min-height elementor-section-height-default elementor-section-items-middle wpr-particle-no wpr-jarallax-no wpr-parallax-no wpr-sticky-section-no wpr-equal-height-no\" data-id=\"2ab802b0\" data-element_type=\"section\" data-e-type=\"section\" data-settings=\"{&quot;background_background&quot;:&quot;classic&quot;}\">\n\t\t\t\t\t\t<div class=\"elementor-container elementor-column-gap-no\">\n\t\t\t\t\t<div class=\"elementor-column elementor-col-100 elementor-top-column elementor-element elementor-element-50b29491\" data-id=\"50b29491\" data-element_type=\"column\" data-e-type=\"column\">\n\t\t\t<div class=\"elementor-widget-wrap\">\n\t\t\t\t\t\t\t<\/div>\n\t\t<\/div>\n\t\t\t\t\t<\/div>\n\t\t<\/section>\n\t\t\t\t<section data-particle_enable=\"false\" data-particle-mobile-disabled=\"false\" class=\"elementor-section elementor-top-section elementor-element elementor-element-51326dc9 elementor-section-full_width elementor-section-height-default elementor-section-height-default wpr-particle-no wpr-jarallax-no wpr-parallax-no wpr-sticky-section-no wpr-equal-height-no\" data-id=\"51326dc9\" data-element_type=\"section\" data-e-type=\"section\" data-settings=\"{&quot;background_background&quot;:&quot;classic&quot;}\">\n\t\t\t\t\t\t<div class=\"elementor-container elementor-column-gap-no\">\n\t\t\t\t\t<div class=\"elementor-column elementor-col-100 elementor-top-column elementor-element elementor-element-1cb1fbd1\" data-id=\"1cb1fbd1\" data-element_type=\"column\" data-e-type=\"column\">\n\t\t\t<div class=\"elementor-widget-wrap elementor-element-populated\">\n\t\t\t\t\t\t<div class=\"elementor-element elementor-element-25cba91b elementor-invisible elementor-widget elementor-widget-heading\" data-id=\"25cba91b\" data-element_type=\"widget\" data-e-type=\"widget\" data-settings=\"{&quot;_animation&quot;:&quot;fadeInUp&quot;}\" data-widget_type=\"heading.default\">\n\t\t\t\t\t<h2 class=\"elementor-heading-title elementor-size-default\">L'ART DE LA TORR\u00c9FACTION<\/h2>\t\t\t\t<\/div>\n\t\t\t\t<section data-particle_enable=\"false\" data-particle-mobile-disabled=\"false\" class=\"elementor-section elementor-inner-section elementor-element elementor-element-3e8f07be elementor-section-content-middle elementor-section-boxed elementor-section-height-default elementor-section-height-default wpr-particle-no wpr-jarallax-no wpr-parallax-no wpr-sticky-section-no wpr-equal-height-no\" data-id=\"3e8f07be\" data-element_type=\"section\" data-e-type=\"section\">\n\t\t\t\t\t\t<div class=\"elementor-container elementor-column-gap-default\">\n\t\t\t\t\t<div class=\"elementor-column elementor-col-50 elementor-inner-column elementor-element elementor-element-c698491\" data-id=\"c698491\" data-element_type=\"column\" data-e-type=\"column\" data-settings=\"{&quot;background_background&quot;:&quot;classic&quot;}\">\n\t\t\t<div class=\"elementor-widget-wrap elementor-element-populated\">\n\t\t\t\t\t\t<div class=\"elementor-element elementor-element-840ca48 elementor-invisible elementor-widget elementor-widget-image\" data-id=\"840ca48\" data-element_type=\"widget\" data-e-type=\"widget\" data-settings=\"{&quot;_animation&quot;:&quot;bounceInLeft&quot;}\" data-widget_type=\"image.default\">\n\t\t\t\t\t\t\t\t\t\t\t\t\t\t\t<img fetchpriority=\"high\" decoding=\"async\" width=\"1920\" height=\"640\" src=\"https:\/\/mokaefti.ch\/wp-content\/uploads\/2025\/11\/chicchi-caffe-produzione-scaled.webp\" class=\"attachment-full size-full wp-image-25292\" alt=\"\" srcset=\"https:\/\/mokaefti.ch\/wp-content\/uploads\/2025\/11\/chicchi-caffe-produzione-scaled.webp 1920w, https:\/\/mokaefti.ch\/wp-content\/uploads\/2025\/11\/chicchi-caffe-produzione-300x100.webp 300w, https:\/\/mokaefti.ch\/wp-content\/uploads\/2025\/11\/chicchi-caffe-produzione-1024x341.webp 1024w, https:\/\/mokaefti.ch\/wp-content\/uploads\/2025\/11\/chicchi-caffe-produzione-768x256.webp 768w, https:\/\/mokaefti.ch\/wp-content\/uploads\/2025\/11\/chicchi-caffe-produzione-1536x512.webp 1536w, https:\/\/mokaefti.ch\/wp-content\/uploads\/2025\/11\/chicchi-caffe-produzione-600x200.jpg 600w\" sizes=\"(max-width: 1920px) 100vw, 1920px\" \/>\t\t\t\t\t\t\t\t\t\t\t\t\t\t\t<\/div>\n\t\t\t\t\t<\/div>\n\t\t<\/div>\n\t\t\t\t<div class=\"elementor-column elementor-col-50 elementor-inner-column elementor-element elementor-element-44e4443c\" data-id=\"44e4443c\" data-element_type=\"column\" data-e-type=\"column\">\n\t\t\t<div class=\"elementor-widget-wrap elementor-element-populated\">\n\t\t\t\t\t\t<div class=\"elementor-element elementor-element-4c9d7c2a elementor-widget__width-initial elementor-absolute elementor-widget elementor-widget-image\" data-id=\"4c9d7c2a\" data-element_type=\"widget\" data-e-type=\"widget\" data-settings=\"{&quot;motion_fx_motion_fx_scrolling&quot;:&quot;yes&quot;,&quot;motion_fx_translateX_effect&quot;:&quot;yes&quot;,&quot;motion_fx_translateX_speed&quot;:{&quot;unit&quot;:&quot;px&quot;,&quot;size&quot;:1,&quot;sizes&quot;:[]},&quot;_position&quot;:&quot;absolute&quot;,&quot;motion_fx_translateX_affectedRange&quot;:{&quot;unit&quot;:&quot;%&quot;,&quot;size&quot;:&quot;&quot;,&quot;sizes&quot;:{&quot;start&quot;:0,&quot;end&quot;:100}},&quot;motion_fx_devices&quot;:[&quot;desktop&quot;,&quot;tablet&quot;,&quot;mobile&quot;]}\" data-widget_type=\"image.default\">\n\t\t\t\t\t\t\t\t\t\t\t\t\t\t\t<img decoding=\"async\" width=\"500\" height=\"500\" src=\"https:\/\/mokaefti.ch\/wp-content\/uploads\/2022\/08\/e2a81ae5-2d4e-4036-8d4d-9e0954ded452.png\" class=\"attachment-full size-full wp-image-14937\" alt=\"\" srcset=\"https:\/\/mokaefti.ch\/wp-content\/uploads\/2022\/08\/e2a81ae5-2d4e-4036-8d4d-9e0954ded452.png 500w, https:\/\/mokaefti.ch\/wp-content\/uploads\/2022\/08\/e2a81ae5-2d4e-4036-8d4d-9e0954ded452-300x300.png 300w, https:\/\/mokaefti.ch\/wp-content\/uploads\/2022\/08\/e2a81ae5-2d4e-4036-8d4d-9e0954ded452-150x150.png 150w, https:\/\/mokaefti.ch\/wp-content\/uploads\/2022\/08\/e2a81ae5-2d4e-4036-8d4d-9e0954ded452-100x100.png 100w\" sizes=\"(max-width: 500px) 100vw, 500px\" \/>\t\t\t\t\t\t\t\t\t\t\t\t\t\t\t<\/div>\n\t\t\t\t<div class=\"elementor-element elementor-element-58ddd03b elementor-invisible elementor-widget elementor-widget-heading\" data-id=\"58ddd03b\" data-element_type=\"widget\" data-e-type=\"widget\" data-settings=\"{&quot;_animation&quot;:&quot;bounceInRight&quot;}\" data-widget_type=\"heading.default\">\n\t\t\t\t\t<h3 class=\"elementor-heading-title elementor-size-default\">NOUS SOMMES<\/h3>\t\t\t\t<\/div>\n\t\t\t\t<div class=\"elementor-element elementor-element-ab688d7 elementor-invisible elementor-widget elementor-widget-heading\" data-id=\"ab688d7\" data-element_type=\"widget\" data-e-type=\"widget\" data-settings=\"{&quot;_animation&quot;:&quot;bounceInRight&quot;}\" data-widget_type=\"heading.default\">\n\t\t\t\t\t<p class=\"elementor-heading-title elementor-size-default\">Sp\u00e9cialis\u00e9s dans l'importation, la torr\u00e9faction et la vente de caf\u00e9 et, gr\u00e2ce \u00e0 notre exp\u00e9rience, nous nous positionnons parmi les leaders du secteur en Suisse.\n\nNotre organisation commerciale nous permet de servir de mani\u00e8re capillaire tout le territoire suisse, aussi bien \u00e0 travers le secteur professionnel Ho.Re.Ca. que par la vente en ligne directe aux consommateurs. \n\nDans notre vaste \u00e9tablissement, nous nous occupons du stockage de tous les lots, de la torr\u00e9faction et du conditionnement des produits finis pour la distribution ult\u00e9rieure, que nous effectuons avec nos propres moyens tout en faisant appel aux soci\u00e9t\u00e9s de transport les plus modernes.\n\nDans notre \u00e9tablissement, nous nous occupons du stockage de tous les lots, de la torr\u00e9faction et du conditionnement des produits finis pour la distribution ult\u00e9rieure, que nous effectuons avec nos propres moyens tout en faisant appel aux soci\u00e9t\u00e9s de transport les plus modernes.<\/p>\t\t\t\t<\/div>\n\t\t\t\t\t<\/div>\n\t\t<\/div>\n\t\t\t\t\t<\/div>\n\t\t<\/section>\n\t\t\t\t<section data-particle_enable=\"false\" data-particle-mobile-disabled=\"false\" class=\"elementor-section elementor-inner-section elementor-element elementor-element-6944fe15 elementor-section-content-middle elementor-reverse-mobile elementor-section-boxed elementor-section-height-default elementor-section-height-default wpr-particle-no wpr-jarallax-no wpr-parallax-no wpr-sticky-section-no wpr-equal-height-no\" data-id=\"6944fe15\" data-element_type=\"section\" data-e-type=\"section\" data-settings=\"{&quot;background_background&quot;:&quot;classic&quot;}\">\n\t\t\t\t\t\t<div class=\"elementor-container elementor-column-gap-default\">\n\t\t\t\t\t<div class=\"elementor-column elementor-col-50 elementor-inner-column elementor-element elementor-element-482bdfa2\" data-id=\"482bdfa2\" data-element_type=\"column\" data-e-type=\"column\">\n\t\t\t<div class=\"elementor-widget-wrap elementor-element-populated\">\n\t\t\t\t\t\t<div class=\"elementor-element elementor-element-477a791e elementor-invisible elementor-widget elementor-widget-heading\" data-id=\"477a791e\" data-element_type=\"widget\" data-e-type=\"widget\" data-settings=\"{&quot;_animation&quot;:&quot;bounceInLeft&quot;}\" data-widget_type=\"heading.default\">\n\t\t\t\t\t<h3 class=\"elementor-heading-title elementor-size-default\">POUR UN CAF\u00c9 EXTRAORDINAIRE<\/h3>\t\t\t\t<\/div>\n\t\t\t\t<div class=\"elementor-element elementor-element-7f0ae347 elementor-invisible elementor-widget elementor-widget-heading\" data-id=\"7f0ae347\" data-element_type=\"widget\" data-e-type=\"widget\" data-settings=\"{&quot;_animation&quot;:&quot;bounceInLeft&quot;}\" data-widget_type=\"heading.default\">\n\t\t\t\t\t<p class=\"elementor-heading-title elementor-size-default\">De la r\u00e9colte \u00e0 la mouture, la production du caf\u00e9 tel que nous le consommons quotidiennement est un v\u00e9ritable voyage qui n\u00e9cessite exp\u00e9rience et connaissances sp\u00e9cifiques. Depuis le d\u00e9but, notre entreprise a relev\u00e9 ce d\u00e9fi avec enthousiasme et d\u00e9vouement, pr\u00eate \u00e0 suivre l'\u00e9volution d'un march\u00e9 versatile et en constante mutation.\nUn rituel aussi simple que celui du caf\u00e9 est aujourd'hui le r\u00e9sultat d'une forte alliance entre innovation et tradition. Si les technologies ont am\u00e9lior\u00e9 les processus de production et acc\u00e9l\u00e9r\u00e9 \u00e9galement la pr\u00e9paration du caf\u00e9 par les consommateurs, il existe une phase tr\u00e8s importante qui reste li\u00e9e \u00e0 la tradition : la s\u00e9lection.<\/p>\t\t\t\t<\/div>\n\t\t\t\t<div class=\"elementor-element elementor-element-5c90dacc animated-fast elementor-invisible elementor-widget elementor-widget-button\" data-id=\"5c90dacc\" data-element_type=\"widget\" data-e-type=\"widget\" data-settings=\"{&quot;_animation&quot;:&quot;bounceInLeft&quot;}\" data-widget_type=\"button.default\">\n\t\t\t\t\t\t\t\t\t\t<a class=\"elementor-button elementor-size-sm\" role=\"button\">\n\t\t\t\t\t\t<span class=\"elementor-button-content-wrapper\">\n\t\t\t\t\t\t\t\t\t<span class=\"elementor-button-text\">Passion et recherche continue sont les fondements de notre produit : une gamme de m\u00e9langes \u00e9quilibr\u00e9s, aux ar\u00f4mes et aux saveurs aussi intenses que ceux du caf\u00e9 fra\u00eechement torr\u00e9fi\u00e9.<\/span>\n\t\t\t\t\t<\/span>\n\t\t\t\t\t<\/a>\n\t\t\t\t\t\t\t\t<\/div>\n\t\t\t\t<div class=\"elementor-element elementor-element-30c68ce elementor-align-left elementor-widget elementor-widget-button\" data-id=\"30c68ce\" data-element_type=\"widget\" data-e-type=\"widget\" data-widget_type=\"button.default\">\n\t\t\t\t\t\t\t\t\t\t<a class=\"elementor-button elementor-button-link elementor-size-sm\" href=\"https:\/\/mokaefti.ch\/fr\/histoire-de-moka-efti\/\">\n\t\t\t\t\t\t<span class=\"elementor-button-content-wrapper\">\n\t\t\t\t\t\t\t\t\t<span class=\"elementor-button-text\">LES ORIGINES<\/span>\n\t\t\t\t\t<\/span>\n\t\t\t\t\t<\/a>\n\t\t\t\t\t\t\t\t<\/div>\n\t\t\t\t\t<\/div>\n\t\t<\/div>\n\t\t\t\t<div class=\"elementor-column elementor-col-50 elementor-inner-column elementor-element elementor-element-2f365921\" data-id=\"2f365921\" data-element_type=\"column\" data-e-type=\"column\">\n\t\t\t<div class=\"elementor-widget-wrap elementor-element-populated\">\n\t\t\t\t\t\t<div class=\"elementor-element elementor-element-7bcf992 elementor-invisible elementor-widget elementor-widget-image\" data-id=\"7bcf992\" data-element_type=\"widget\" data-e-type=\"widget\" data-settings=\"{&quot;_animation&quot;:&quot;bounceInRight&quot;}\" data-widget_type=\"image.default\">\n\t\t\t\t\t\t\t\t\t\t\t\t\t\t\t<img decoding=\"async\" width=\"600\" height=\"662\" src=\"https:\/\/mokaefti.ch\/wp-content\/uploads\/2022\/08\/caffe_01.png\" class=\"attachment-full size-full wp-image-1432\" alt=\"\" srcset=\"https:\/\/mokaefti.ch\/wp-content\/uploads\/2022\/08\/caffe_01.png 600w, https:\/\/mokaefti.ch\/wp-content\/uploads\/2022\/08\/caffe_01-272x300.png 272w\" sizes=\"(max-width: 600px) 100vw, 600px\" \/>\t\t\t\t\t\t\t\t\t\t\t\t\t\t\t<\/div>\n\t\t\t\t\t<\/div>\n\t\t<\/div>\n\t\t\t\t\t<\/div>\n\t\t<\/section>\n\t\t\t\t<section data-particle_enable=\"false\" data-particle-mobile-disabled=\"false\" class=\"elementor-section elementor-inner-section elementor-element elementor-element-53f2945 elementor-section-content-middle elementor-section-boxed elementor-section-height-default elementor-section-height-default wpr-particle-no wpr-jarallax-no wpr-parallax-no wpr-sticky-section-no wpr-equal-height-no\" data-id=\"53f2945\" data-element_type=\"section\" data-e-type=\"section\">\n\t\t\t\t\t\t<div class=\"elementor-container elementor-column-gap-default\">\n\t\t\t\t\t<div class=\"elementor-column elementor-col-50 elementor-inner-column elementor-element elementor-element-59e807c5\" data-id=\"59e807c5\" data-element_type=\"column\" data-e-type=\"column\">\n\t\t\t<div class=\"elementor-widget-wrap elementor-element-populated\">\n\t\t\t\t\t\t<div class=\"elementor-element elementor-element-512a2037 elementor-invisible elementor-widget elementor-widget-image\" data-id=\"512a2037\" data-element_type=\"widget\" data-e-type=\"widget\" data-settings=\"{&quot;_animation&quot;:&quot;bounceInLeft&quot;}\" data-widget_type=\"image.default\">\n\t\t\t\t\t\t\t\t\t\t\t\t\t\t\t<img loading=\"lazy\" decoding=\"async\" width=\"1980\" height=\"1320\" src=\"https:\/\/mokaefti.ch\/wp-content\/uploads\/2022\/08\/coffee-and-arabica-coffee-plantation-harvest-day-2022-01-28-18-30-33-utc.jpg\" class=\"attachment-full size-full wp-image-1363\" alt=\"\" srcset=\"https:\/\/mokaefti.ch\/wp-content\/uploads\/2022\/08\/coffee-and-arabica-coffee-plantation-harvest-day-2022-01-28-18-30-33-utc.jpg 1980w, https:\/\/mokaefti.ch\/wp-content\/uploads\/2022\/08\/coffee-and-arabica-coffee-plantation-harvest-day-2022-01-28-18-30-33-utc-600x400.jpg 600w, https:\/\/mokaefti.ch\/wp-content\/uploads\/2022\/08\/coffee-and-arabica-coffee-plantation-harvest-day-2022-01-28-18-30-33-utc-300x200.jpg 300w, https:\/\/mokaefti.ch\/wp-content\/uploads\/2022\/08\/coffee-and-arabica-coffee-plantation-harvest-day-2022-01-28-18-30-33-utc-1024x683.jpg 1024w, https:\/\/mokaefti.ch\/wp-content\/uploads\/2022\/08\/coffee-and-arabica-coffee-plantation-harvest-day-2022-01-28-18-30-33-utc-768x512.jpg 768w, https:\/\/mokaefti.ch\/wp-content\/uploads\/2022\/08\/coffee-and-arabica-coffee-plantation-harvest-day-2022-01-28-18-30-33-utc-1536x1024.jpg 1536w, https:\/\/mokaefti.ch\/wp-content\/uploads\/2022\/08\/coffee-and-arabica-coffee-plantation-harvest-day-2022-01-28-18-30-33-utc-1920x1280.jpg 1920w\" sizes=\"(max-width: 1980px) 100vw, 1980px\" \/>\t\t\t\t\t\t\t\t\t\t\t\t\t\t\t<\/div>\n\t\t\t\t\t<\/div>\n\t\t<\/div>\n\t\t\t\t<div class=\"elementor-column elementor-col-50 elementor-inner-column elementor-element elementor-element-f8e5534\" data-id=\"f8e5534\" data-element_type=\"column\" data-e-type=\"column\">\n\t\t\t<div class=\"elementor-widget-wrap elementor-element-populated\">\n\t\t\t\t\t\t<div class=\"elementor-element elementor-element-64553cf8 elementor-invisible elementor-widget elementor-widget-heading\" data-id=\"64553cf8\" data-element_type=\"widget\" data-e-type=\"widget\" data-settings=\"{&quot;_animation&quot;:&quot;bounceInRight&quot;}\" data-widget_type=\"heading.default\">\n\t\t\t\t\t<h3 class=\"elementor-heading-title elementor-size-default\">L'HARMONIE PARFAITE<\/h3>\t\t\t\t<\/div>\n\t\t\t\t<div class=\"elementor-element elementor-element-31259c35 elementor-invisible elementor-widget elementor-widget-heading\" data-id=\"31259c35\" data-element_type=\"widget\" data-e-type=\"widget\" data-settings=\"{&quot;_animation&quot;:&quot;bounceInRight&quot;}\" data-widget_type=\"heading.default\">\n\t\t\t\t\t<p class=\"elementor-heading-title elementor-size-default\">Depuis des ann\u00e9es, nous s\u00e9lectionnons les meilleures qualit\u00e9s de caf\u00e9 arabica et robusta provenant de plantations situ\u00e9es dans diff\u00e9rentes zones tropicales d'Am\u00e9rique centrale, d'Am\u00e9rique du Sud, d'Asie et d'Afrique. C\u2019est gr\u00e2ce \u00e0 la pr\u00e9sence simultan\u00e9e de grains d\u2019origines diff\u00e9rentes que les meilleurs m\u00e9langes peuvent \u00eatre cr\u00e9\u00e9s, en maintenant un go\u00fbt inchang\u00e9 dans le temps.\n\nChacun de nos m\u00e9langes pr\u00e9sente diff\u00e9rentes proportions de caf\u00e9 robusta et arabica, provenant d'\u00c9thiopie, de Tanzanie, de Colombie, du Guatemala, du P\u00e9rou, du Br\u00e9sil, d'Inde, d'Indon\u00e9sie : 8 origines diff\u00e9rentes qui cr\u00e9ent un \u00e9quilibre parfait, comme des notes composant une symphonie musicale.<\/p>\t\t\t\t<\/div>\n\t\t\t\t\t<\/div>\n\t\t<\/div>\n\t\t\t\t\t<\/div>\n\t\t<\/section>\n\t\t\t\t\t<\/div>\n\t\t<\/div>\n\t\t\t\t\t<\/div>\n\t\t<\/section>\n\t\t\t\t<\/div>\n\t\t","protected":false},"excerpt":{"rendered":"<p>L&rsquo;\u00c9VOLUTION CONTINUE L&rsquo;ART DE LA TORR\u00c9FACTION NOUS SOMMES Sp\u00e9cialis\u00e9s dans l&rsquo;importation, la torr\u00e9faction et la vente de caf\u00e9 et, gr\u00e2ce \u00e0 notre exp\u00e9rience, nous nous positionnons parmi les leaders du secteur en Suisse. Notre organisation commerciale nous permet de servir de mani\u00e8re capillaire tout le territoire suisse, aussi bien \u00e0 travers le secteur professionnel Ho.Re.Ca. que par la vente en ligne directe aux consommateurs. Dans notre vaste \u00e9tablissement, nous nous occupons du stockage de tous les lots, de la torr\u00e9faction et du conditionnement des produits finis pour la distribution ult\u00e9rieure, que nous effectuons avec nos propres moyens tout en faisant appel aux soci\u00e9t\u00e9s de transport les plus modernes. Dans notre \u00e9tablissement, nous nous occupons du stockage de tous les lots, de la torr\u00e9faction et du conditionnement des produits finis pour la distribution ult\u00e9rieure, que nous effectuons avec nos propres moyens tout en faisant appel aux soci\u00e9t\u00e9s de transport les plus modernes. POUR UN CAF\u00c9 EXTRAORDINAIRE De la r\u00e9colte \u00e0 la mouture, la production du caf\u00e9 tel que nous le consommons quotidiennement est un v\u00e9ritable voyage qui n\u00e9cessite exp\u00e9rience et connaissances sp\u00e9cifiques. Depuis le d\u00e9but, notre entreprise a relev\u00e9 ce d\u00e9fi avec enthousiasme et d\u00e9vouement, pr\u00eate \u00e0 suivre l&rsquo;\u00e9volution d&rsquo;un march\u00e9 versatile et en constante mutation. Un rituel aussi simple que celui du caf\u00e9 est aujourd&rsquo;hui le r\u00e9sultat d&rsquo;une forte alliance entre innovation et tradition. Si les technologies ont am\u00e9lior\u00e9 les processus de production et acc\u00e9l\u00e9r\u00e9 \u00e9galement la pr\u00e9paration du caf\u00e9 par les consommateurs, il existe une phase tr\u00e8s importante qui reste li\u00e9e \u00e0 la tradition : la s\u00e9lection. Passion et recherche continue sont les fondements de notre produit : une gamme de m\u00e9langes \u00e9quilibr\u00e9s, aux ar\u00f4mes et aux saveurs aussi intenses que ceux du caf\u00e9 fra\u00eechement torr\u00e9fi\u00e9. LES ORIGINES L&rsquo;HARMONIE PARFAITE Depuis des ann\u00e9es, nous s\u00e9lectionnons les meilleures qualit\u00e9s de caf\u00e9 arabica et robusta provenant de plantations situ\u00e9es dans diff\u00e9rentes zones tropicales d&rsquo;Am\u00e9rique centrale, d&rsquo;Am\u00e9rique du Sud, d&rsquo;Asie et d&rsquo;Afrique. C\u2019est gr\u00e2ce \u00e0 la pr\u00e9sence simultan\u00e9e de grains d\u2019origines diff\u00e9rentes que les meilleurs m\u00e9langes peuvent \u00eatre cr\u00e9\u00e9s, en maintenant un go\u00fbt inchang\u00e9 dans le temps. Chacun de nos m\u00e9langes pr\u00e9sente diff\u00e9rentes proportions de caf\u00e9 robusta et arabica, provenant d&rsquo;\u00c9thiopie, de Tanzanie, de Colombie, du Guatemala, du P\u00e9rou, du Br\u00e9sil, d&rsquo;Inde, d&rsquo;Indon\u00e9sie : 8 origines diff\u00e9rentes qui cr\u00e9ent un \u00e9quilibre parfait, comme des notes composant une symphonie musicale.<\/p>\n","protected":false},"author":3129,"featured_media":0,"parent":0,"menu_order":0,"comment_status":"closed","ping_status":"closed","template":"elementor_header_footer","meta":{"_acf_changed":false,"_eb_attr":"","inline_featured_image":false,"footnotes":""},"folder":[],"class_list":["post-24794","page","type-page","status-publish","hentry"],"acf":[],"aioseo_notices":[],"_links":{"self":[{"href":"https:\/\/mokaefti.ch\/fr\/wp-json\/wp\/v2\/pages\/24794","targetHints":{"allow":["GET"]}}],"collection":[{"href":"https:\/\/mokaefti.ch\/fr\/wp-json\/wp\/v2\/pages"}],"about":[{"href":"https:\/\/mokaefti.ch\/fr\/wp-json\/wp\/v2\/types\/page"}],"author":[{"embeddable":true,"href":"https:\/\/mokaefti.ch\/fr\/wp-json\/wp\/v2\/users\/3129"}],"replies":[{"embeddable":true,"href":"https:\/\/mokaefti.ch\/fr\/wp-json\/wp\/v2\/comments?post=24794"}],"version-history":[{"count":0,"href":"https:\/\/mokaefti.ch\/fr\/wp-json\/wp\/v2\/pages\/24794\/revisions"}],"wp:attachment":[{"href":"https:\/\/mokaefti.ch\/fr\/wp-json\/wp\/v2\/media?parent=24794"}],"wp:term":[{"taxonomy":"folder","embeddable":true,"href":"https:\/\/mokaefti.ch\/fr\/wp-json\/wp\/v2\/folder?post=24794"}],"curies":[{"name":"wp","href":"https:\/\/api.w.org\/{rel}","templated":true}]}}