{"id":24878,"date":"2022-08-31T15:23:49","date_gmt":"2022-08-31T13:23:49","guid":{"rendered":"https:\/\/mokaefti.ch\/conditions-generales\/"},"modified":"2025-11-06T17:18:51","modified_gmt":"2025-11-06T16:18:51","slug":"conditions-generales","status":"publish","type":"page","link":"https:\/\/mokaefti.ch\/fr\/conditions-generales\/","title":{"rendered":"CONDITIONS G\u00c9N\u00c9RALES"},"content":{"rendered":"\t\t<div data-elementor-type=\"wp-page\" data-elementor-id=\"24878\" class=\"elementor elementor-24878 elementor-11\" data-elementor-post-type=\"page\">\n\t\t\t\t<div data-particle_enable=\"false\" data-particle-mobile-disabled=\"false\" class=\"elementor-element elementor-element-32365752 e-flex e-con-boxed wpr-particle-no wpr-jarallax-no wpr-parallax-no wpr-sticky-section-no wpr-equal-height-no e-con e-parent\" data-id=\"32365752\" data-element_type=\"container\" data-e-type=\"container\">\n\t\t\t\t\t<div class=\"e-con-inner\">\n\t\t\t\t<div class=\"elementor-element elementor-element-e9192be elementor-widget elementor-widget-text-editor\" data-id=\"e9192be\" data-element_type=\"widget\" data-e-type=\"widget\" data-widget_type=\"text-editor.default\">\n\t\t\t\t\t\t\t\t\t<p class=\"my-2 [&amp;+p]:mt-4 [&amp;_strong:has(+br)]:inline-block [&amp;_strong:has(+br)]:pb-2\"><strong>Domaine \/ Conclusion du contrat<\/strong><br>MOKA EFTI est une marque appartenant \u00e0 S.A.C.C.A. dont le si\u00e8ge se trouve via A. Maspoli, 4 6850 Mendrisio. Le site <a class=\"reset interactable cursor-pointer decoration-1 underline-offset-1 text-super hover:underline font-semibold\" href=\"http:\/\/www.mokaefti.ch\/\" target=\"_blank\" rel=\"nofollow noopener\"><span class=\"text-box-trim-both\">www.mokaefti.ch<\/span><\/a> est l&rsquo;e-commerce officiel de l&rsquo;entreprise S.A.C.C.A. Soci\u00e9t\u00e9 Anonyme Caf\u00e9 Coloniali e Affini, ci-apr\u00e8s S.A.C.C.A. Pour toute relation commerciale entre S.A.C.C.A. et le client, seules les conditions g\u00e9n\u00e9rales suivantes s&rsquo;appliquent.  Un contrat avec SACCA est conclu au moment o\u00f9 le client envoie une commande via le commerce \u00e9lectronique. Les modifications des conditions ne sont pas reconnues sans le consentement \u00e9crit de S.AC.C.A.<\/p><p class=\"my-2 [&amp;+p]:mt-4 [&amp;_strong:has(+br)]:inline-block [&amp;_strong:has(+br)]:pb-2\"><strong>Propri\u00e9t\u00e9<\/strong><br>La marchandise reste propri\u00e9t\u00e9 de S.A.C.C.A. jusqu&rsquo;au paiement complet de celle-ci par le client.<\/p><p class=\"my-2 [&amp;+p]:mt-4 [&amp;_strong:has(+br)]:inline-block [&amp;_strong:has(+br)]:pb-2\"><strong>Offre<\/strong><br>Tous les produits pr\u00e9sent\u00e9s dans la boutique seront fournis directement par le producteur. La livraison par la poste ou par coursier. En cas de rupture temporaire d&rsquo;un article, le client sera averti. Les conditions de livraison sont indiqu\u00e9es \u00e0 titre indicatif. Aucune indemnit\u00e9 ne sera accord\u00e9e pour le d\u00e9passement des conditions normalement pr\u00e9vues.<\/p><p class=\"my-2 [&amp;+p]:mt-4 [&amp;_strong:has(+br)]:inline-block [&amp;_strong:has(+br)]:pb-2\"><strong>Prix<\/strong><br>Tous les prix sont \u00e0 comprendre en francs suisses et valent pour le march\u00e9 suisse. Les prix indiqu\u00e9s sont nets de la taxe sur la valeur ajout\u00e9e (TVA). En suppl\u00e9ment aux prix indiqu\u00e9s, une contribution aux frais de CHF 9,00 est calcul\u00e9e pour chaque exp\u00e9dition sur le territoire suisse, pour chaque exp\u00e9dition inf\u00e9rieure \u00e0 CHF 50.<\/p><p class=\"my-2 [&amp;+p]:mt-4 [&amp;_strong:has(+br)]:inline-block [&amp;_strong:has(+br)]:pb-2\"><strong>Livraison<\/strong><br>Sur le territoire suisse, la marchandise command\u00e9e est en r\u00e8gle g\u00e9n\u00e9rale livr\u00e9e dans les 7 jours.<\/p><p class=\"my-2 [&amp;+p]:mt-4 [&amp;_strong:has(+br)]:inline-block [&amp;_strong:has(+br)]:pb-2\"><strong>Modalit\u00e9s de paiement<\/strong><br>Le paiement doit s&rsquo;effectuer par carte de cr\u00e9dit, PayPal, ou par virement bancaire.<\/p><p class=\"my-2 [&amp;+p]:mt-4 [&amp;_strong:has(+br)]:inline-block [&amp;_strong:has(+br)]:pb-2\"><strong>Droit de r\u00e9tractation<\/strong><br>Sur les produits achet\u00e9s, nous accordons un droit de r\u00e9tractation. La r\u00e9vocation doit \u00eatre communiqu\u00e9e par \u00e9crit (lettre ou e-mail) dans les 7 jours suivant la r\u00e9ception de la marchandise. Pour la confirmation de la r\u00e9vocation, la date de livraison est d\u00e9terminante. La r\u00e9tractation doit \u00eatre adress\u00e9e ou envoy\u00e9e \u00e0 : S.A.C.C.A via A. Maspoli, 4 6850 Mendrisio, ou \u00e0 <a class=\"reset interactable cursor-pointer decoration-1 underline-offset-1 text-super hover:underline font-semibold\" href=\"mailto:ordini@mokaefti.ch\" target=\"_blank\" rel=\"nofollow noopener\"><span class=\"text-box-trim-both\">ordini@mokaefti.ch<\/span><\/a>. En cas de r\u00e9vocation, les produits doivent \u00eatre retourn\u00e9s dans leur emballage d&rsquo;origine. Les frais de retour des marchandises sont \u00e0 la charge du client, le prix d&rsquo;achat sera rembours\u00e9 imm\u00e9diatement apr\u00e8s r\u00e9ception des marchandises. Nous nous r\u00e9servons le droit de d\u00e9duire du prix d&rsquo;achat tout dommage ou toute utilisation des produits retourn\u00e9s.<\/p><p class=\"my-2 [&amp;+p]:mt-4 [&amp;_strong:has(+br)]:inline-block [&amp;_strong:has(+br)]:pb-2\"><strong>Responsabilit\u00e9 \/ Garantie<\/strong><br>S.A.C.C.A. r\u00e9pond des dommages mat\u00e9riels et garanties selon les normes l\u00e9gales.<\/p><p class=\"my-2 [&amp;+p]:mt-4 [&amp;_strong:has(+br)]:inline-block [&amp;_strong:has(+br)]:pb-2\"><strong>Obligations \/ For comp\u00e9tent<\/strong><br>Les pr\u00e9sentes conditions de vente sont r\u00e9gies par le droit suisse et seront interpr\u00e9t\u00e9es selon celui-ci. Le tribunal comp\u00e9tent pour tout litige est celui du si\u00e8ge de la soci\u00e9t\u00e9, \u00e0 savoir Mendrisio.<\/p><p class=\"my-2 [&amp;+p]:mt-4 [&amp;_strong:has(+br)]:inline-block [&amp;_strong:has(+br)]:pb-2\"><strong>Clause lib\u00e9ratoire<\/strong><br>Tout ce qui n&rsquo;est pas contenu ou d\u00e9crit dans ces conditions g\u00e9n\u00e9rales est soumis au droit suisse.<\/p>\t\t\t\t\t\t\t\t<\/div>\n\t\t\t\t\t<\/div>\n\t\t\t\t<\/div>\n\t\t\t\t<\/div>\n\t\t","protected":false},"excerpt":{"rendered":"<p>Domaine \/ Conclusion du contratMOKA EFTI est une marque appartenant \u00e0 S.A.C.C.A. dont le si\u00e8ge se trouve via A. Maspoli, 4 6850 Mendrisio. Le site www.mokaefti.ch est l&rsquo;e-commerce officiel de l&rsquo;entreprise S.A.C.C.A. Soci\u00e9t\u00e9 Anonyme Caf\u00e9 Coloniali e Affini, ci-apr\u00e8s S.A.C.C.A. Pour toute relation commerciale entre S.A.C.C.A. et le client, seules les conditions g\u00e9n\u00e9rales suivantes s&rsquo;appliquent. Un contrat avec SACCA est conclu au moment o\u00f9 le client envoie une commande via le commerce \u00e9lectronique. Les modifications des conditions ne sont pas reconnues sans le consentement \u00e9crit de S.AC.C.A. Propri\u00e9t\u00e9La marchandise reste propri\u00e9t\u00e9 de S.A.C.C.A. jusqu&rsquo;au paiement complet de celle-ci par le client. OffreTous les produits pr\u00e9sent\u00e9s dans la boutique seront fournis directement par le producteur. La livraison par la poste ou par coursier. En cas de rupture temporaire d&rsquo;un article, le client sera averti. Les conditions de livraison sont indiqu\u00e9es \u00e0 titre indicatif. Aucune indemnit\u00e9 ne sera accord\u00e9e pour le d\u00e9passement des conditions normalement pr\u00e9vues. PrixTous les prix sont \u00e0 comprendre en francs suisses et valent pour le march\u00e9 suisse. Les prix indiqu\u00e9s sont nets de la taxe sur la valeur ajout\u00e9e (TVA). En suppl\u00e9ment aux prix indiqu\u00e9s, une contribution aux frais de CHF 9,00 est calcul\u00e9e pour chaque exp\u00e9dition sur le territoire suisse, pour chaque exp\u00e9dition inf\u00e9rieure \u00e0 CHF 50. LivraisonSur le territoire suisse, la marchandise command\u00e9e est en r\u00e8gle g\u00e9n\u00e9rale livr\u00e9e dans les 7 jours. Modalit\u00e9s de paiementLe paiement doit s&rsquo;effectuer par carte de cr\u00e9dit, PayPal, ou par virement bancaire. Droit de r\u00e9tractationSur les produits achet\u00e9s, nous accordons un droit de r\u00e9tractation. La r\u00e9vocation doit \u00eatre communiqu\u00e9e par \u00e9crit (lettre ou e-mail) dans les 7 jours suivant la r\u00e9ception de la marchandise. Pour la confirmation de la r\u00e9vocation, la date de livraison est d\u00e9terminante. La r\u00e9tractation doit \u00eatre adress\u00e9e ou envoy\u00e9e \u00e0 : S.A.C.C.A via A. Maspoli, 4 6850 Mendrisio, ou \u00e0 ordini@mokaefti.ch. En cas de r\u00e9vocation, les produits doivent \u00eatre retourn\u00e9s dans leur emballage d&rsquo;origine. Les frais de retour des marchandises sont \u00e0 la charge du client, le prix d&rsquo;achat sera rembours\u00e9 imm\u00e9diatement apr\u00e8s r\u00e9ception des marchandises. Nous nous r\u00e9servons le droit de d\u00e9duire du prix d&rsquo;achat tout dommage ou toute utilisation des produits retourn\u00e9s. Responsabilit\u00e9 \/ GarantieS.A.C.C.A. r\u00e9pond des dommages mat\u00e9riels et garanties selon les normes l\u00e9gales. Obligations \/ For comp\u00e9tentLes pr\u00e9sentes conditions de vente sont r\u00e9gies par le droit suisse et seront interpr\u00e9t\u00e9es selon celui-ci. Le tribunal comp\u00e9tent pour tout litige est celui du si\u00e8ge de la soci\u00e9t\u00e9, \u00e0 savoir Mendrisio. Clause lib\u00e9ratoireTout ce qui n&rsquo;est pas contenu ou d\u00e9crit dans ces conditions g\u00e9n\u00e9rales est soumis au droit suisse.<\/p>\n","protected":false},"author":3129,"featured_media":0,"parent":0,"menu_order":0,"comment_status":"closed","ping_status":"closed","template":"","meta":{"_acf_changed":false,"_eb_attr":"","inline_featured_image":false,"footnotes":""},"folder":[],"class_list":["post-24878","page","type-page","status-publish","hentry"],"acf":[],"aioseo_notices":[],"_links":{"self":[{"href":"https:\/\/mokaefti.ch\/fr\/wp-json\/wp\/v2\/pages\/24878","targetHints":{"allow":["GET"]}}],"collection":[{"href":"https:\/\/mokaefti.ch\/fr\/wp-json\/wp\/v2\/pages"}],"about":[{"href":"https:\/\/mokaefti.ch\/fr\/wp-json\/wp\/v2\/types\/page"}],"author":[{"embeddable":true,"href":"https:\/\/mokaefti.ch\/fr\/wp-json\/wp\/v2\/users\/3129"}],"replies":[{"embeddable":true,"href":"https:\/\/mokaefti.ch\/fr\/wp-json\/wp\/v2\/comments?post=24878"}],"version-history":[{"count":0,"href":"https:\/\/mokaefti.ch\/fr\/wp-json\/wp\/v2\/pages\/24878\/revisions"}],"wp:attachment":[{"href":"https:\/\/mokaefti.ch\/fr\/wp-json\/wp\/v2\/media?parent=24878"}],"wp:term":[{"taxonomy":"folder","embeddable":true,"href":"https:\/\/mokaefti.ch\/fr\/wp-json\/wp\/v2\/folder?post=24878"}],"curies":[{"name":"wp","href":"https:\/\/api.w.org\/{rel}","templated":true}]}}