{"id":26877,"date":"2026-01-07T17:54:36","date_gmt":"2026-01-07T16:54:36","guid":{"rendered":"https:\/\/mokaefti.ch\/votre-vitrine-personnelle\/"},"modified":"2026-04-30T14:49:15","modified_gmt":"2026-04-30T12:49:15","slug":"votre-vitrine-personnelle","status":"publish","type":"page","link":"https:\/\/mokaefti.ch\/fr\/votre-vitrine-personnelle\/","title":{"rendered":"Votre vitrine personnelle"},"content":{"rendered":"\t\t<div data-elementor-type=\"wp-page\" data-elementor-id=\"26877\" class=\"elementor elementor-26877 elementor-26711\" data-elementor-post-type=\"page\">\n\t\t\t\t<div data-particle_enable=\"false\" data-particle-mobile-disabled=\"false\" class=\"elementor-element elementor-element-6568584 e-flex e-con-boxed wpr-particle-no wpr-jarallax-no wpr-parallax-no wpr-sticky-section-no wpr-equal-height-no e-con e-parent\" data-id=\"6568584\" data-element_type=\"container\" data-e-type=\"container\">\n\t\t\t\t\t<div class=\"e-con-inner\">\n\t\t\t\t<div class=\"elementor-element elementor-element-961d7e7 elementor-widget elementor-widget-heading\" data-id=\"961d7e7\" data-element_type=\"widget\" data-e-type=\"widget\" data-widget_type=\"heading.default\">\n\t\t\t\t\t<h2 class=\"elementor-heading-title elementor-size-default\">POUR VISUALISER CETTE PAGE, VOUS DEVEZ VOUS CONNECTER<\/h2>\t\t\t\t<\/div>\n\t\t\t\t\t<\/div>\n\t\t\t\t<\/div>\n\t\t<div data-particle_enable=\"false\" data-particle-mobile-disabled=\"false\" class=\"elementor-element elementor-element-1b61017 e-flex e-con-boxed wpr-particle-no wpr-jarallax-no wpr-parallax-no wpr-sticky-section-no wpr-equal-height-no e-con e-parent\" data-id=\"1b61017\" data-element_type=\"container\" data-e-type=\"container\">\n\t\t\t\t\t<div class=\"e-con-inner\">\n\t\t\t\t<div class=\"elementor-element elementor-element-0e574d5 elementor-widget elementor-widget-menu-anchor\" data-id=\"0e574d5\" data-element_type=\"widget\" data-e-type=\"widget\" data-widget_type=\"menu-anchor.default\">\n\t\t\t\t\t\t\t<div class=\"elementor-menu-anchor\" id=\"ticket\"><\/div>\n\t\t\t\t\t\t<\/div>\n\t\t\t\t<div class=\"elementor-element elementor-element-d463069 elementor-widget elementor-widget-html\" data-id=\"d463069\" data-element_type=\"widget\" data-e-type=\"widget\" data-widget_type=\"html.default\">\n\t\t\t\t\t<!-- Inizio Codice Generato -->\r\n<div style=\"  display: flex; justify-content: center; align-items: center; text-align: center; padding: 2rem; background-color: rgba(31, 41, 55, 0); border-radius: 1.25rem; transition: box-shadow 0.3s ease;  \">\r\n    <h1 style=\"  font-size: 30px; font-weight: 800; background: linear-gradient(to right, #6366f1, #ec4899, #6366f1); background-size: 200% auto; -webkit-background-clip: text; background-clip: text; color: transparent; animation: animated-text-gradient 4s linear infinite;  \">\ud83e\uddfeTICKET<\/h1>\r\n<\/div>\r\n\r\n<!-- Assicurati di avere questa animazione nel tuo CSS -->\r\n<style>\r\n@keyframes animated-text-gradient {\r\n    from {\r\n        background-position: 0% center;\r\n    }\r\n    to {\r\n        background-position: -200% center;\r\n    }\r\n}\r\n<\/style>\r\n<!-- Fine Codice Generato -->\t\t\t\t<\/div>\n\t\t\t\t\t<\/div>\n\t\t\t\t<\/div>\n\t\t\t\t<\/div>\n\t\t","protected":false},"excerpt":{"rendered":"<p>POUR VISUALISER CETTE PAGE, VOUS DEVEZ VOUS CONNECTER Cette section montre les produits achet\u00e9s, le comportement de d\u00e9pense et vous permet d&rsquo;effectuer rapidement vos commandes. LES PRODUITS QUE VOUS AVEZ ACHET\u00c9S \ud83e\uddfeTICKET<\/p>\n","protected":false},"author":7788,"featured_media":0,"parent":0,"menu_order":0,"comment_status":"closed","ping_status":"closed","template":"elementor_header_footer","meta":{"_acf_changed":false,"_eb_attr":"","inline_featured_image":false,"footnotes":""},"folder":[356],"class_list":["post-26877","page","type-page","status-publish","hentry"],"acf":[],"aioseo_notices":[],"_links":{"self":[{"href":"https:\/\/mokaefti.ch\/fr\/wp-json\/wp\/v2\/pages\/26877","targetHints":{"allow":["GET"]}}],"collection":[{"href":"https:\/\/mokaefti.ch\/fr\/wp-json\/wp\/v2\/pages"}],"about":[{"href":"https:\/\/mokaefti.ch\/fr\/wp-json\/wp\/v2\/types\/page"}],"author":[{"embeddable":true,"href":"https:\/\/mokaefti.ch\/fr\/wp-json\/wp\/v2\/users\/7788"}],"replies":[{"embeddable":true,"href":"https:\/\/mokaefti.ch\/fr\/wp-json\/wp\/v2\/comments?post=26877"}],"version-history":[{"count":8,"href":"https:\/\/mokaefti.ch\/fr\/wp-json\/wp\/v2\/pages\/26877\/revisions"}],"predecessor-version":[{"id":28858,"href":"https:\/\/mokaefti.ch\/fr\/wp-json\/wp\/v2\/pages\/26877\/revisions\/28858"}],"wp:attachment":[{"href":"https:\/\/mokaefti.ch\/fr\/wp-json\/wp\/v2\/media?parent=26877"}],"wp:term":[{"taxonomy":"folder","embeddable":true,"href":"https:\/\/mokaefti.ch\/fr\/wp-json\/wp\/v2\/folder?post=26877"}],"curies":[{"name":"wp","href":"https:\/\/api.w.org\/{rel}","templated":true}]}}