{"id":27265,"date":"2026-02-02T10:39:54","date_gmt":"2026-02-02T09:39:54","guid":{"rendered":"https:\/\/mokaefti.ch\/politique-en-matiere-de-cookies\/"},"modified":"2026-02-02T10:46:32","modified_gmt":"2026-02-02T09:46:32","slug":"politique-en-matiere-de-cookies","status":"publish","type":"page","link":"https:\/\/mokaefti.ch\/fr\/politique-en-matiere-de-cookies\/","title":{"rendered":"Politique en mati\u00e8re de cookies"},"content":{"rendered":"\t\t<div data-elementor-type=\"wp-page\" data-elementor-id=\"27265\" class=\"elementor elementor-27265 elementor-27259\" data-elementor-post-type=\"page\">\n\t\t\t\t<div data-particle_enable=\"false\" data-particle-mobile-disabled=\"false\" class=\"elementor-element elementor-element-d9bef7c e-flex e-con-boxed wpr-particle-no wpr-jarallax-no wpr-parallax-no wpr-sticky-section-no wpr-column-slider-no wpr-equal-height-no e-con e-parent\" data-id=\"d9bef7c\" data-element_type=\"container\" data-e-type=\"container\">\n\t\t\t\t\t<div class=\"e-con-inner\">\n\t\t\t\t<div class=\"elementor-element elementor-element-726a415 elementor-widget elementor-widget-text-editor\" data-id=\"726a415\" data-element_type=\"widget\" data-e-type=\"widget\" data-widget_type=\"text-editor.default\">\n\t\t\t\t\t\t\t\t\t<div class=\"ProseMirror\" contenteditable=\"true\" translate=\"no\"><h1>Politique en mati\u00e8re de cookies &#8211; mokaefti.ch<\/h1><p><strong>Derni\u00e8re mise \u00e0 jour :<\/strong> 29 janvier 2026<\/p><p>Cette politique en mati\u00e8re de cookies s&rsquo;applique aux citoyens et aux r\u00e9sidents permanents de l&rsquo;Espace \u00e9conomique europ\u00e9en et de la Suisse.<\/p><h2>1. Introduction<\/h2><p>Notre site web, <strong>https:\/\/mokaefti.ch<\/strong> (ci-apr\u00e8s : \u00ab\u00a0le site web\u00a0\u00bb), utilise des cookies et d&rsquo;autres technologies connexes (par commodit\u00e9, toutes les technologies sont d\u00e9sign\u00e9es par le terme \u00ab\u00a0cookies\u00a0\u00bb). Des cookies sont \u00e9galement plac\u00e9s par des tiers que nous avons engag\u00e9s. Dans le document ci-dessous, nous vous informons sur l&rsquo;utilisation des cookies sur notre site web.  <\/p><p>Le site \u00e9tant disponible en plusieurs langues via le plugin <strong>WPML<\/strong>, les pr\u00e9f\u00e9rences en mati\u00e8re de cookies seront conserv\u00e9es lors de la navigation dans les r\u00e9pertoires <code>\/de\/<\/code>, <code>\/fr\/<\/code>, <code>\/en\/<\/code> et dans la version principale en italien.<\/p><h2>2. Qu&rsquo;est-ce qu&rsquo;un cookie ?<\/h2><p>Les cookies sont de simples fichiers envoy\u00e9s avec les pages de ce site et enregistr\u00e9s par votre navigateur sur le disque dur de votre ordinateur ou autre appareil. Les informations collect\u00e9es peuvent \u00eatre renvoy\u00e9es \u00e0 nos serveurs ou \u00e0 des serveurs tiers lors de votre prochaine visite. <\/p><h2>3. Cookies utilis\u00e9s<\/h2><h3>3.1 Cookies techniques ou fonctionnels<\/h3><p>Ils garantissent que le site fonctionne correctement et que vos pr\u00e9f\u00e9rences (telles que la langue que vous choisissez via WPML ou les produits dans votre panier d&rsquo;achat WooCommerce) restent valides. Nous pouvons placer ces cookies sans votre consentement. <\/p><h3>3.2 Cookies statistiques<\/h3><p>Nous utilisons des cookies statistiques (tels que Google Analytics) pour optimiser l&rsquo;exp\u00e9rience des utilisateurs. Nous vous demandons votre autorisation pour placer ces cookies. <\/p><h3>3.3 Cookies de marketing\/tra\u00e7age<\/h3><p>Utilis\u00e9 pour cr\u00e9er des profils d&rsquo;utilisateurs, afficher de la publicit\u00e9 comportementale ou suivre les utilisateurs sur ce site ou divers sites web \u00e0 des fins de marketing. Cette cat\u00e9gorie comprend les services d&rsquo;<strong>Outbrain<\/strong> et de <strong>Teads<\/strong>. <\/p><h2>4. Cookies d&rsquo;entr\u00e9e<\/h2><h3>Outbrain \/ Teads<\/h3><p><strong>Marketing\/suivi<\/strong><\/p><ul><li><p><strong>Utilisation :<\/strong> Nous utilisons Outbrain et Teads pour la distribution de contenu publicitaire natif et de publicit\u00e9 vid\u00e9o.<\/p><\/li><li><p><strong>Partage des donn\u00e9es :<\/strong> Les donn\u00e9es sont partag\u00e9es avec Outbrain Inc. et Teads TV. Pour plus d&rsquo;informations, veuillez consulter leurs politiques de confidentialit\u00e9 respectives.  <\/p><\/li><li><p><strong>Cookies communs :<\/strong> <code>outbrain_cid_fetch<\/code>, <code>_outbrain_abc<\/code>, <code>tt_viewer<\/code>.<\/p><\/li><\/ul><h3>WPML<\/h3><p><strong>Fonctionnel<\/strong><\/p><ul><li><p><strong>Utilisation :<\/strong> Gestion des versions linguistiques du site (IT, DE, FR, EN).<\/p><\/li><li><p><strong>Nom :<\/strong> <code>_icl_current_language<\/code>, <code>wp-wpml_current_language<\/code>.<\/p><\/li><li><p><strong>D\u00e9lai :<\/strong> 1 jour.<\/p><\/li><\/ul><h3>Elementor<\/h3><p><strong>Statistiques (Anonyme)<\/strong><\/p><ul><li><p><strong>Utilisation :<\/strong> Cr\u00e9ation et optimisation du design du site.<\/p><\/li><li><p><strong>Nom :<\/strong> <code>elementor<\/code>.<\/p><\/li><li><p><strong>Date d&rsquo;expiration :<\/strong> Persistant.<\/p><\/li><\/ul><h3>WooCommerce<\/h3><p><strong>Fonctionnel<\/strong><\/p><ul><li><p><strong>Utilisation :<\/strong> Gestion du panier d&rsquo;achat et de la session d&rsquo;achat du commerce \u00e9lectronique.<\/p><\/li><li><p><strong>Nom :<\/strong> <code>woocommerce_cart_hash<\/code>, <code>woocommerce_items_in_cart<\/code>.<\/p><\/li><li><p><strong>Date limite :<\/strong> Session.<\/p><\/li><\/ul><h3>Google Analytics<\/h3><p><strong>Statistiques<\/strong><\/p><ul><li><p><strong>Utilisation :<\/strong> Analyse du trafic web.<\/p><\/li><li><p><strong>Nom :<\/strong> <code>_ga<\/code>, <code>_gid<\/code>, <code>_gat<\/code>.<\/p><\/li><li><p><strong>Date d&rsquo;expiration :<\/strong> de 1 minute \u00e0 1 an.<\/p><\/li><\/ul><h2>5. Consentement<\/h2><p>Lorsque vous visitez le site web pour la premi\u00e8re fois, nous affichons une fen\u00eatre contextuelle contenant une explication sur les cookies. En cliquant sur \u00ab\u00a0Enregistrer les pr\u00e9f\u00e9rences\u00a0\u00bb, vous autorisez l&rsquo;utilisation des cat\u00e9gories de cookies s\u00e9lectionn\u00e9es. <\/p><h2>6. Vos droits en mati\u00e8re de donn\u00e9es \u00e0 caract\u00e8re personnel<\/h2><p>Vous disposez d&rsquo;un droit d&rsquo;acc\u00e8s, de rectification, de suppression et d&rsquo;opposition au traitement de vos donn\u00e9es. Pour exercer ces droits, veuillez consulter les coordonn\u00e9es ci-dessous. <\/p><h2>7. Coordonn\u00e9es des personnes \u00e0 contacter<\/h2><p>Pour toute question et\/ou commentaire concernant la politique en mati\u00e8re de cookies, veuillez nous contacter :<\/p><p><strong>S.A.C.C.A. Societ\u00e0 Anonima Caff\u00e8 Coloniali Alimentari<\/strong> Via Angelo Maspoli n\u00b04<\/p><p>CH-6850 Mendrisio, Suisse<\/p><ul><li><p><strong>Site web :<\/strong> <a title=\"nul\" href=\"https:\/\/mokaefti.ch\/fr\/\">https:\/\/mokaefti.ch<\/a><\/p><\/li><li><p><strong>Courriel :<\/strong> <a title=\"nul\" href=\"mailto:info@mokaefti.ch\">info@mokaefti.ch<\/a><\/p><\/li><li><p><strong>T\u00e9l\u00e9phone :<\/strong> +41 91 646 39 06<\/p><\/li><li><p><strong>T\u00e9l\u00e9phone gratuit :<\/strong> 0800 851 001<\/p><\/li><li><p><strong>Fax :<\/strong> +41 (0)91 646 04 681<\/p><\/li><\/ul><\/div>\t\t\t\t\t\t\t\t<\/div>\n\t\t\t\t\t<\/div>\n\t\t\t\t<\/div>\n\t\t\t\t<\/div>\n\t\t","protected":false},"excerpt":{"rendered":"<p>Politique en mati\u00e8re de cookies &#8211; mokaefti.ch Derni\u00e8re mise \u00e0 jour : 29 janvier 2026 Cette politique en mati\u00e8re de cookies s&rsquo;applique aux citoyens et aux r\u00e9sidents permanents de l&rsquo;Espace \u00e9conomique europ\u00e9en et de la Suisse. 1. Introduction Notre site web, https:\/\/mokaefti.ch (ci-apr\u00e8s : \u00ab\u00a0le site web\u00a0\u00bb), utilise des cookies et d&rsquo;autres technologies connexes (par commodit\u00e9, toutes les technologies sont d\u00e9sign\u00e9es par le terme \u00ab\u00a0cookies\u00a0\u00bb). Des cookies sont \u00e9galement plac\u00e9s par des tiers que nous avons engag\u00e9s. Dans le document ci-dessous, nous vous informons sur l&rsquo;utilisation des cookies sur notre site web. Le site \u00e9tant disponible en plusieurs langues via le plugin WPML, les pr\u00e9f\u00e9rences en mati\u00e8re de cookies seront conserv\u00e9es lors de la navigation dans les r\u00e9pertoires \/de\/, \/fr\/, \/en\/ et dans la version principale en italien. 2. Qu&rsquo;est-ce qu&rsquo;un cookie ? Les cookies sont de simples fichiers envoy\u00e9s avec les pages de ce site et enregistr\u00e9s par votre navigateur sur le disque dur de votre ordinateur ou autre appareil. Les informations collect\u00e9es peuvent \u00eatre renvoy\u00e9es \u00e0 nos serveurs ou \u00e0 des serveurs tiers lors de votre prochaine visite. 3. Cookies utilis\u00e9s 3.1 Cookies techniques ou fonctionnels Ils garantissent que le site fonctionne correctement et que vos pr\u00e9f\u00e9rences (telles que la langue que vous choisissez via WPML ou les produits dans votre panier d&rsquo;achat WooCommerce) restent valides. Nous pouvons placer ces cookies sans votre consentement. 3.2 Cookies statistiques Nous utilisons des cookies statistiques (tels que Google Analytics) pour optimiser l&rsquo;exp\u00e9rience des utilisateurs. Nous vous demandons votre autorisation pour placer ces cookies. 3.3 Cookies de marketing\/tra\u00e7age Utilis\u00e9 pour cr\u00e9er des profils d&rsquo;utilisateurs, afficher de la publicit\u00e9 comportementale ou suivre les utilisateurs sur ce site ou divers sites web \u00e0 des fins de marketing. Cette cat\u00e9gorie comprend les services d&rsquo;Outbrain et de Teads. 4. Cookies d&rsquo;entr\u00e9e Outbrain \/ Teads Marketing\/suivi Utilisation : Nous utilisons Outbrain et Teads pour la distribution de contenu publicitaire natif et de publicit\u00e9 vid\u00e9o. Partage des donn\u00e9es : Les donn\u00e9es sont partag\u00e9es avec Outbrain Inc. et Teads TV. Pour plus d&rsquo;informations, veuillez consulter leurs politiques de confidentialit\u00e9 respectives. Cookies communs : outbrain_cid_fetch, _outbrain_abc, tt_viewer. WPML Fonctionnel Utilisation : Gestion des versions linguistiques du site (IT, DE, FR, EN). Nom : _icl_current_language, wp-wpml_current_language. D\u00e9lai : 1 jour. Elementor Statistiques (Anonyme) Utilisation : Cr\u00e9ation et optimisation du design du site. Nom : elementor. Date d&rsquo;expiration : Persistant. WooCommerce Fonctionnel Utilisation : Gestion du panier d&rsquo;achat et de la session d&rsquo;achat du commerce \u00e9lectronique. Nom : woocommerce_cart_hash, woocommerce_items_in_cart. Date limite : Session. Google Analytics Statistiques Utilisation : Analyse du trafic web. Nom : _ga, _gid, _gat. Date d&rsquo;expiration : de 1 minute \u00e0 1 an. 5. Consentement Lorsque vous visitez le site web pour la premi\u00e8re fois, nous affichons une fen\u00eatre contextuelle contenant une explication sur les cookies. En cliquant sur \u00ab\u00a0Enregistrer les pr\u00e9f\u00e9rences\u00a0\u00bb, vous autorisez l&rsquo;utilisation des cat\u00e9gories de cookies s\u00e9lectionn\u00e9es. 6. Vos droits en mati\u00e8re de donn\u00e9es \u00e0 caract\u00e8re personnel Vous disposez d&rsquo;un droit d&rsquo;acc\u00e8s, de rectification, de suppression et d&rsquo;opposition au traitement de vos donn\u00e9es. Pour exercer ces droits, veuillez consulter les coordonn\u00e9es ci-dessous. 7. Coordonn\u00e9es des personnes \u00e0 contacter Pour toute question et\/ou commentaire concernant la politique en mati\u00e8re de cookies, veuillez nous contacter : S.A.C.C.A. Societ\u00e0 Anonima Caff\u00e8 Coloniali Alimentari Via Angelo Maspoli n\u00b04 CH-6850 Mendrisio, Suisse Site web : https:\/\/mokaefti.ch Courriel : info@mokaefti.ch T\u00e9l\u00e9phone : +41 91 646 39 06 T\u00e9l\u00e9phone gratuit : 0800 851 001 Fax : +41 (0)91 646 04 681<\/p>\n","protected":false},"author":7788,"featured_media":0,"parent":0,"menu_order":0,"comment_status":"closed","ping_status":"open","template":"","meta":{"_acf_changed":false,"_eb_attr":"","inline_featured_image":false,"footnotes":""},"folder":[],"class_list":["post-27265","page","type-page","status-publish","hentry"],"acf":[],"aioseo_notices":[],"_links":{"self":[{"href":"https:\/\/mokaefti.ch\/fr\/wp-json\/wp\/v2\/pages\/27265","targetHints":{"allow":["GET"]}}],"collection":[{"href":"https:\/\/mokaefti.ch\/fr\/wp-json\/wp\/v2\/pages"}],"about":[{"href":"https:\/\/mokaefti.ch\/fr\/wp-json\/wp\/v2\/types\/page"}],"author":[{"embeddable":true,"href":"https:\/\/mokaefti.ch\/fr\/wp-json\/wp\/v2\/users\/7788"}],"replies":[{"embeddable":true,"href":"https:\/\/mokaefti.ch\/fr\/wp-json\/wp\/v2\/comments?post=27265"}],"version-history":[{"count":0,"href":"https:\/\/mokaefti.ch\/fr\/wp-json\/wp\/v2\/pages\/27265\/revisions"}],"wp:attachment":[{"href":"https:\/\/mokaefti.ch\/fr\/wp-json\/wp\/v2\/media?parent=27265"}],"wp:term":[{"taxonomy":"folder","embeddable":true,"href":"https:\/\/mokaefti.ch\/fr\/wp-json\/wp\/v2\/folder?post=27265"}],"curies":[{"name":"wp","href":"https:\/\/api.w.org\/{rel}","templated":true}]}}