{"id":21190,"date":"2025-04-24T15:54:27","date_gmt":"2025-04-24T13:54:27","guid":{"rendered":"https:\/\/mokaefti.ch\/negozio-online\/parainema-caracolillo-250-gr\/"},"modified":"2025-09-23T14:10:18","modified_gmt":"2025-09-23T12:10:18","slug":"parainema-caracolillo-250-gr","status":"publish","type":"product","link":"https:\/\/mokaefti.ch\/fr\/boutique\/parainema-caracolillo-250-gr\/","title":{"rendered":"PARAINEMA CARACOLILLO 250 GR."},"content":{"rendered":"","protected":false},"excerpt":{"rendered":"<p>MICRO LOT<br \/>\nPerle, ou grain unique de la drupe (baie) du caf\u00e9. font partie de cette s\u00e9lection unique.<\/p>\n<p>Chaque baie (drupa) a une noix divis\u00e9e en deux grains. Certaines de ces noix, cependant, sont sp\u00e9ciales: au lieu d\u2019\u00eatre divis\u00e9es en deux grains, elles sont form\u00e9es d\u2019une seule sph\u00e8re. D\u2019ici le nom de \u00abperle\u00bb ou \u00abcaracolillo\u00bb. Le caf\u00e9 perle est un d\u00e9faut de nature qui devient raret\u00e9.<br \/>\nLa forme sph\u00e9rique du grain de caracolillo permet une <strong>torr\u00e9faction plus homog\u00e8ne<\/strong>, donne un go\u00fbt plus frais, une acidit\u00e9 marqu\u00e9e, un ar\u00f4me plus intense et \u00e9l\u00e9gant. <strong>Les quantit\u00e9s minimales produites rendent ce caf\u00e9 tr\u00e8s recherch\u00e9.<\/strong><\/p>\n","protected":false},"featured_media":20177,"comment_status":"closed","ping_status":"closed","template":"","meta":{"_acf_changed":false,"_eb_attr":"","inline_featured_image":false},"product_brand":[],"product_cat":[381,382,383,380],"product_tag":[384,385,386],"class_list":{"0":"post-21190","1":"product","2":"type-product","3":"status-publish","4":"has-post-thumbnail","6":"product_cat-grains","7":"product_cat-microlot-fr","8":"product_cat-parainema-fr","9":"product_cat-selection-moka-efti-fr","10":"product_tag-arabica","11":"product_tag-mouture-filtre","12":"product_tag-parainema","14":"first","15":"instock","16":"shipping-taxable","17":"purchasable","18":"product-type-simple"},"acf":[],"aioseo_notices":[],"_links":{"self":[{"href":"https:\/\/mokaefti.ch\/fr\/wp-json\/wp\/v2\/product\/21190","targetHints":{"allow":["GET"]}}],"collection":[{"href":"https:\/\/mokaefti.ch\/fr\/wp-json\/wp\/v2\/product"}],"about":[{"href":"https:\/\/mokaefti.ch\/fr\/wp-json\/wp\/v2\/types\/product"}],"replies":[{"embeddable":true,"href":"https:\/\/mokaefti.ch\/fr\/wp-json\/wp\/v2\/comments?post=21190"}],"version-history":[{"count":0,"href":"https:\/\/mokaefti.ch\/fr\/wp-json\/wp\/v2\/product\/21190\/revisions"}],"wp:featuredmedia":[{"embeddable":true,"href":"https:\/\/mokaefti.ch\/fr\/wp-json\/wp\/v2\/media\/20177"}],"wp:attachment":[{"href":"https:\/\/mokaefti.ch\/fr\/wp-json\/wp\/v2\/media?parent=21190"}],"wp:term":[{"taxonomy":"product_brand","embeddable":true,"href":"https:\/\/mokaefti.ch\/fr\/wp-json\/wp\/v2\/product_brand?post=21190"},{"taxonomy":"product_cat","embeddable":true,"href":"https:\/\/mokaefti.ch\/fr\/wp-json\/wp\/v2\/product_cat?post=21190"},{"taxonomy":"product_tag","embeddable":true,"href":"https:\/\/mokaefti.ch\/fr\/wp-json\/wp\/v2\/product_tag?post=21190"}],"curies":[{"name":"wp","href":"https:\/\/api.w.org\/{rel}","templated":true}]}}