{"id":21195,"date":"2025-04-24T15:20:07","date_gmt":"2025-04-24T13:20:07","guid":{"rendered":"https:\/\/mokaefti.ch\/negozio-online\/extra-bar-xl-cafe-en-dosettes\/"},"modified":"2025-11-24T13:34:10","modified_gmt":"2025-11-24T12:34:10","slug":"extra-bar-xl-cafe-en-dosettes","status":"publish","type":"product","link":"https:\/\/mokaefti.ch\/fr\/boutique\/extra-bar-xl-cafe-en-dosettes\/","title":{"rendered":"DOSETTES EXTRA BAR XL"},"content":{"rendered":"","protected":false},"excerpt":{"rendered":"<p>Avec ses 80 % de caf\u00e9 arabica, la dosette Extra Bar XL a un go\u00fbt doux et d\u00e9licat et une teneur en caf\u00e9ine plus faible. La douceur des grains d\u2019arabica, provenant des plantations en haute altitude d\u2019Afrique et d\u2019Am\u00e9rique du Sud, rend ce caf\u00e9 adapt\u00e9 \u00e0 tous les go\u00fbts. C\u2019est une solution id\u00e9ale et pratique \u00e0 tout moment de la journ\u00e9e.<\/p>\n<p><strong>COMPOSITION<\/strong>: 80% arabica, 20% robusta.<br \/>\n<strong>DESCRIPTION:<\/strong> 1 dosette de 7,5 gr. de caf\u00e9<br \/>\n<strong>EMBALLAGE<\/strong>: 100 dosettes<br \/>\n<strong>DIAM\u00c8TRE<\/strong>: 44mm<br \/>\n<strong>DATE D\u2019EXPIRATION<\/strong>: 2 ans \u00e0 compter de la date de production<\/p>\n","protected":false},"featured_media":13037,"comment_status":"closed","ping_status":"closed","template":"","meta":{"_acf_changed":false,"_eb_attr":"","inline_featured_image":false},"product_brand":[],"product_cat":[395],"product_tag":[],"class_list":{"0":"post-21195","1":"product","2":"type-product","3":"status-publish","4":"has-post-thumbnail","6":"product_cat-dosettes","8":"first","9":"instock","10":"shipping-taxable","11":"purchasable","12":"product-type-simple"},"acf":[],"aioseo_notices":[],"_links":{"self":[{"href":"https:\/\/mokaefti.ch\/fr\/wp-json\/wp\/v2\/product\/21195","targetHints":{"allow":["GET"]}}],"collection":[{"href":"https:\/\/mokaefti.ch\/fr\/wp-json\/wp\/v2\/product"}],"about":[{"href":"https:\/\/mokaefti.ch\/fr\/wp-json\/wp\/v2\/types\/product"}],"replies":[{"embeddable":true,"href":"https:\/\/mokaefti.ch\/fr\/wp-json\/wp\/v2\/comments?post=21195"}],"version-history":[{"count":0,"href":"https:\/\/mokaefti.ch\/fr\/wp-json\/wp\/v2\/product\/21195\/revisions"}],"wp:featuredmedia":[{"embeddable":true,"href":"https:\/\/mokaefti.ch\/fr\/wp-json\/wp\/v2\/media\/13037"}],"wp:attachment":[{"href":"https:\/\/mokaefti.ch\/fr\/wp-json\/wp\/v2\/media?parent=21195"}],"wp:term":[{"taxonomy":"product_brand","embeddable":true,"href":"https:\/\/mokaefti.ch\/fr\/wp-json\/wp\/v2\/product_brand?post=21195"},{"taxonomy":"product_cat","embeddable":true,"href":"https:\/\/mokaefti.ch\/fr\/wp-json\/wp\/v2\/product_cat?post=21195"},{"taxonomy":"product_tag","embeddable":true,"href":"https:\/\/mokaefti.ch\/fr\/wp-json\/wp\/v2\/product_tag?post=21195"}],"curies":[{"name":"wp","href":"https:\/\/api.w.org\/{rel}","templated":true}]}}