{"id":21205,"date":"2023-12-14T09:13:26","date_gmt":"2023-12-14T08:13:26","guid":{"rendered":"https:\/\/mokaefti.ch\/negozio-online\/moka-efti-dosettes-fairtrade-espresso\/"},"modified":"2025-11-24T13:59:09","modified_gmt":"2025-11-24T12:59:09","slug":"moka-efti-dosettes-fairtrade-espresso","status":"publish","type":"product","link":"https:\/\/mokaefti.ch\/fr\/boutique\/moka-efti-dosettes-fairtrade-espresso\/","title":{"rendered":"MOKA EFTI DOSETTES FAIRTRADE ESPRESSO"},"content":{"rendered":"","protected":false},"excerpt":{"rendered":"<p>30 dosettes papier ESE en sachet refermable avec zip pr\u00e9servant l&rsquo;ar\u00f4me.<\/p>\n<p>Les 30 dosettes en papier ESE de caf\u00e9 Moka Efti contiennent nos m\u00e9langes d\u2019Arabica et de Robusta pour un espresso cr\u00e9meux \u00e0 la saveur intense et florale. Des m\u00e9langes de caf\u00e9 aussi riches et cr\u00e9meux que ceux du bar.<\/p>\n<p>Cet emballage na\u00eet de la volont\u00e9 de l&rsquo;entreprise de suivre la ligne de la durabilit\u00e9 : Moins de gaspillage, plus de go\u00fbt.<\/p>\n<p>Les dosettes Fairtrade Bar Verde de Moka Efti sont le choix id\u00e9al pour tous les vrais passionn\u00e9s de caf\u00e9 ! Aujourd&rsquo;hui, Bar Verde est l&rsquo;un des produits les plus appr\u00e9ci\u00e9s de notre entreprise gr\u00e2ce au savoir-faire de nos s\u00e9lectionneurs, qui ont identifi\u00e9 les meilleures qualit\u00e9s de caf\u00e9 et les ont transform\u00e9es en ce m\u00e9lange italien traditionnel : fort, riche et intense.<\/p>\n<p><strong>COMPOSITION<\/strong>: 60% arabica, 40% robusta<br \/>\n<strong>DESCRIPTION:<\/strong> 1 dosette de 7,5 gr. de caf\u00e9<br \/>\n<strong>CONDITIONNEMENT<\/strong> : 30 dosettes<br \/>\n<strong>DIAM\u00c8TRE<\/strong>: 44mm<br \/>\n<strong>DATE D\u2019EXPIRATION<\/strong>: 2 ans \u00e0 compter de la date de production<\/p>\n<p>&nbsp;<\/p>\n","protected":false},"featured_media":20727,"comment_status":"closed","ping_status":"closed","template":"","meta":{"_acf_changed":false,"_eb_attr":"","inline_featured_image":false},"product_brand":[],"product_cat":[395,412,411],"product_tag":[413,414],"class_list":{"0":"post-21205","1":"product","2":"type-product","3":"status-publish","4":"has-post-thumbnail","6":"product_cat-dosettes","7":"product_cat-fairtrade-fr","8":"product_cat-melange","9":"product_tag-mouture-espresso","10":"product_tag-mouture-ristretto","12":"first","13":"instock","14":"shipping-taxable","15":"purchasable","16":"product-type-simple"},"acf":[],"aioseo_notices":[],"_links":{"self":[{"href":"https:\/\/mokaefti.ch\/fr\/wp-json\/wp\/v2\/product\/21205","targetHints":{"allow":["GET"]}}],"collection":[{"href":"https:\/\/mokaefti.ch\/fr\/wp-json\/wp\/v2\/product"}],"about":[{"href":"https:\/\/mokaefti.ch\/fr\/wp-json\/wp\/v2\/types\/product"}],"replies":[{"embeddable":true,"href":"https:\/\/mokaefti.ch\/fr\/wp-json\/wp\/v2\/comments?post=21205"}],"version-history":[{"count":0,"href":"https:\/\/mokaefti.ch\/fr\/wp-json\/wp\/v2\/product\/21205\/revisions"}],"wp:featuredmedia":[{"embeddable":true,"href":"https:\/\/mokaefti.ch\/fr\/wp-json\/wp\/v2\/media\/20727"}],"wp:attachment":[{"href":"https:\/\/mokaefti.ch\/fr\/wp-json\/wp\/v2\/media?parent=21205"}],"wp:term":[{"taxonomy":"product_brand","embeddable":true,"href":"https:\/\/mokaefti.ch\/fr\/wp-json\/wp\/v2\/product_brand?post=21205"},{"taxonomy":"product_cat","embeddable":true,"href":"https:\/\/mokaefti.ch\/fr\/wp-json\/wp\/v2\/product_cat?post=21205"},{"taxonomy":"product_tag","embeddable":true,"href":"https:\/\/mokaefti.ch\/fr\/wp-json\/wp\/v2\/product_tag?post=21205"}],"curies":[{"name":"wp","href":"https:\/\/api.w.org\/{rel}","templated":true}]}}