{"id":21206,"date":"2023-12-13T15:00:10","date_gmt":"2023-12-13T14:00:10","guid":{"rendered":"https:\/\/mokaefti.ch\/negozio-online\/moka-efti-dosettes-fairtrade-lungo\/"},"modified":"2025-11-24T14:00:03","modified_gmt":"2025-11-24T13:00:03","slug":"moka-efti-dosettes-fairtrade-lungo","status":"publish","type":"product","link":"https:\/\/mokaefti.ch\/fr\/boutique\/moka-efti-dosettes-fairtrade-lungo\/","title":{"rendered":"MOKA EFTI DOSETTES FAIRTRADE LUNGO"},"content":{"rendered":"","protected":false},"excerpt":{"rendered":"<p>30 dosettes papier ESE en sachet refermable avec zip pr\u00e9servant l&rsquo;ar\u00f4me.<br \/>\nLes 30 dosettes en papier ESE de caf\u00e9 Moka Efti contiennent nos m\u00e9langes d\u2019Arabica et de Robusta pour un espresso cr\u00e9meux \u00e0 la saveur intense et florale. Des m\u00e9langes de caf\u00e9 aussi riches et cr\u00e9meux que ceux du bar.<\/p>\n<p>Cet emballage na\u00eet de la volont\u00e9 de l&rsquo;entreprise de suivre la ligne de la durabilit\u00e9 : Moins de gaspillage, plus de go\u00fbt.<\/p>\n<p>Avec ses 80 % de caf\u00e9 arabica, la dosette Extra Bar Fairtrade XL a une saveur douce et d\u00e9licate et une composante de caf\u00e9ine inf\u00e9rieure. Les notes de douceur des grains arabica, provenant des plantations d&rsquo;altitude d&rsquo;Afrique et d&rsquo;Am\u00e9rique du Sud, rendent ce caf\u00e9 adapt\u00e9 \u00e0 tous les go\u00fbts. L&rsquo;aide id\u00e9ale quand tu en as besoin \u00e0 tout moment de la journ\u00e9e.<\/p>\n<p><strong>COMPOSITION<\/strong>: 80% arabica, 20% robusta<br \/>\n<strong>DESCRIPTION:<\/strong> 1 dosette de 7,5 gr. de caf\u00e9<br \/>\n<strong>CONDITIONNEMENT<\/strong> : 30 dosettes<br \/>\n<strong>DIAM\u00c8TRE<\/strong>: 44mm<br \/>\n<strong>DATE D\u2019EXPIRATION<\/strong>: 2 ans \u00e0 compter de la date de production<\/p>\n<p>&nbsp;<\/p>\n","protected":false},"featured_media":20727,"comment_status":"closed","ping_status":"closed","template":"","meta":{"_acf_changed":false,"_eb_attr":"","inline_featured_image":false},"product_brand":[],"product_cat":[395,412,411],"product_tag":[413],"class_list":{"0":"post-21206","1":"product","2":"type-product","3":"status-publish","4":"has-post-thumbnail","6":"product_cat-dosettes","7":"product_cat-fairtrade-fr","8":"product_cat-melange","9":"product_tag-mouture-espresso","11":"first","12":"instock","13":"shipping-taxable","14":"purchasable","15":"product-type-simple"},"acf":[],"aioseo_notices":[],"_links":{"self":[{"href":"https:\/\/mokaefti.ch\/fr\/wp-json\/wp\/v2\/product\/21206","targetHints":{"allow":["GET"]}}],"collection":[{"href":"https:\/\/mokaefti.ch\/fr\/wp-json\/wp\/v2\/product"}],"about":[{"href":"https:\/\/mokaefti.ch\/fr\/wp-json\/wp\/v2\/types\/product"}],"replies":[{"embeddable":true,"href":"https:\/\/mokaefti.ch\/fr\/wp-json\/wp\/v2\/comments?post=21206"}],"version-history":[{"count":0,"href":"https:\/\/mokaefti.ch\/fr\/wp-json\/wp\/v2\/product\/21206\/revisions"}],"wp:featuredmedia":[{"embeddable":true,"href":"https:\/\/mokaefti.ch\/fr\/wp-json\/wp\/v2\/media\/20727"}],"wp:attachment":[{"href":"https:\/\/mokaefti.ch\/fr\/wp-json\/wp\/v2\/media?parent=21206"}],"wp:term":[{"taxonomy":"product_brand","embeddable":true,"href":"https:\/\/mokaefti.ch\/fr\/wp-json\/wp\/v2\/product_brand?post=21206"},{"taxonomy":"product_cat","embeddable":true,"href":"https:\/\/mokaefti.ch\/fr\/wp-json\/wp\/v2\/product_cat?post=21206"},{"taxonomy":"product_tag","embeddable":true,"href":"https:\/\/mokaefti.ch\/fr\/wp-json\/wp\/v2\/product_tag?post=21206"}],"curies":[{"name":"wp","href":"https:\/\/api.w.org\/{rel}","templated":true}]}}