{"id":21220,"date":"2022-11-17T14:34:45","date_gmt":"2022-11-17T13:34:45","guid":{"rendered":"https:\/\/mokaefti.ch\/negozio-online\/capsules-pittissima-espresso-long-en-alluminium\/"},"modified":"2025-11-24T11:20:53","modified_gmt":"2025-11-24T10:20:53","slug":"capsules-pittissima-espresso-long-en-alluminium","status":"publish","type":"product","link":"https:\/\/mokaefti.ch\/fr\/boutique\/capsules-pittissima-espresso-long-en-alluminium\/","title":{"rendered":"CAPSULES PITTISSIMA ESPRESSO LONG EN ALUMINIUM"},"content":{"rendered":"","protected":false},"excerpt":{"rendered":"<p><span class=\"selected\">Les capsules Pitti Caff\u00e8 Lungo de la gamme Pittissima sont le choix parfait pour les amateurs de caf\u00e9 long en Suisse, offrant une exp\u00e9rience gustative enveloppante et captivante. Compatibles avec les machines Nespresso\u00ae, ces capsules sont conditionn\u00e9es dans des \u00e9tuis pratiques de 10 unit\u00e9s, garantissant fra\u00eecheur et qualit\u00e9 dans chaque tasse. <\/span><\/p>\n<p><span class=\"selected\">Le m\u00e9lange utilis\u00e9 dans ces capsules est savamment \u00e9quilibr\u00e9, compos\u00e9 \u00e0 70 % d&rsquo;Arabica et \u00e0 30 % de Robusta. Les grains s\u00e9lectionn\u00e9s proviennent du Br\u00e9sil, d&rsquo;\u00c9thiopie, d&rsquo;Inde, d&rsquo;Ouganda et d&rsquo;Indon\u00e9sie, r\u00e9gions r\u00e9put\u00e9es pour la production de caf\u00e9 de haute qualit\u00e9. La torr\u00e9faction fonc\u00e9e en exalte les propri\u00e9t\u00e9s organoleptiques, conf\u00e9rant au caf\u00e9 un go\u00fbt cr\u00e9meux avec des notes velout\u00e9es de chocolat. <\/span><\/p>\n<p><span class=\"selected\">Chaque capsule contient 5,5 grammes de caf\u00e9, la dose id\u00e9ale pour pr\u00e9parer un espresso lungo dans le parfait style am\u00e9ricain, sans renoncer \u00e0 l&rsquo;intensit\u00e9 et \u00e0 la corpulence de l&rsquo;espresso italien. Cette combinaison fait du Pitti Caff\u00e8 Lungo le choix id\u00e9al pour ceux qui d\u00e9sirent un go\u00fbt persistant, parfait pour les moments de d\u00e9tente ou pour commencer la journ\u00e9e avec la bonne \u00e9nergie. <\/span><\/p>\n<p><strong>FORMAT: <\/strong><span lang=\"IT-CH\" style=\"font-size: 12.0pt; font-family: 'Hind Siliguri'; color: #4c4c4c; font-weight: normal;\">NESPRESSO\u00ae<br \/>\n<\/span><strong>COMPOSITION: <\/strong>70% Arabica 30% Robusta<strong><br \/>\n<\/strong><strong>ORIGINES:<\/strong> Br\u00e9sil, \u00c9thiopie, Inde, Ouganda, Indon\u00e9sie.<br \/>\n<strong>ROTISSAGE<\/strong>: Sombre<br \/>\n<strong>DESCRIPTION: <\/strong>1 Capsule de 5.5 gr. de Caf\u00e8<br \/>\n<strong>EMBALLAGE: <\/strong>10 Capsules<\/p>\n","protected":false},"featured_media":3101,"comment_status":"closed","ping_status":"closed","template":"","meta":{"_acf_changed":false,"_eb_attr":"","inline_featured_image":false},"product_brand":[],"product_cat":[426,411],"product_tag":[413,427],"class_list":{"0":"post-21220","1":"product","2":"type-product","3":"status-publish","4":"has-post-thumbnail","6":"product_cat-capsules","7":"product_cat-melange","8":"product_tag-mouture-espresso","9":"product_tag-pittissima","11":"first","12":"instock","13":"shipping-taxable","14":"purchasable","15":"product-type-simple"},"acf":[],"aioseo_notices":[],"_links":{"self":[{"href":"https:\/\/mokaefti.ch\/fr\/wp-json\/wp\/v2\/product\/21220","targetHints":{"allow":["GET"]}}],"collection":[{"href":"https:\/\/mokaefti.ch\/fr\/wp-json\/wp\/v2\/product"}],"about":[{"href":"https:\/\/mokaefti.ch\/fr\/wp-json\/wp\/v2\/types\/product"}],"replies":[{"embeddable":true,"href":"https:\/\/mokaefti.ch\/fr\/wp-json\/wp\/v2\/comments?post=21220"}],"version-history":[{"count":0,"href":"https:\/\/mokaefti.ch\/fr\/wp-json\/wp\/v2\/product\/21220\/revisions"}],"wp:featuredmedia":[{"embeddable":true,"href":"https:\/\/mokaefti.ch\/fr\/wp-json\/wp\/v2\/media\/3101"}],"wp:attachment":[{"href":"https:\/\/mokaefti.ch\/fr\/wp-json\/wp\/v2\/media?parent=21220"}],"wp:term":[{"taxonomy":"product_brand","embeddable":true,"href":"https:\/\/mokaefti.ch\/fr\/wp-json\/wp\/v2\/product_brand?post=21220"},{"taxonomy":"product_cat","embeddable":true,"href":"https:\/\/mokaefti.ch\/fr\/wp-json\/wp\/v2\/product_cat?post=21220"},{"taxonomy":"product_tag","embeddable":true,"href":"https:\/\/mokaefti.ch\/fr\/wp-json\/wp\/v2\/product_tag?post=21220"}],"curies":[{"name":"wp","href":"https:\/\/api.w.org\/{rel}","templated":true}]}}