{"id":21223,"date":"2022-11-17T14:14:33","date_gmt":"2022-11-17T13:14:33","guid":{"rendered":"https:\/\/mokaefti.ch\/negozio-online\/capsules-pitti-nero-compatibles\/"},"modified":"2025-11-24T11:21:29","modified_gmt":"2025-11-24T10:21:29","slug":"capsules-pitti-nero-compatibles","status":"publish","type":"product","link":"https:\/\/mokaefti.ch\/fr\/boutique\/capsules-pitti-nero-compatibles\/","title":{"rendered":"CAPSULES PITTI NERO"},"content":{"rendered":"","protected":false},"excerpt":{"rendered":"<p><span class=\"selected\">Les capsules Pitti Caff\u00e8 Essenza Nero sont le choix id\u00e9al pour les amateurs d&rsquo;un espresso fort et cors\u00e9. Disponibles en paquets de 100 pi\u00e8ces, ces capsules sont compatibles avec les machines Lavazza Espresso Point\u00ae et offrent une pr\u00e9paration pratique et rapide, sans compromettre la qualit\u00e9 du caf\u00e9. <\/span><\/p>\n<p><span class=\"selected\">Le m\u00e9lange est compos\u00e9 \u00e0 70 % de grains d&rsquo;Arabica de qualit\u00e9 et \u00e0 30 % de Robusta, provenant de r\u00e9gions productrices renomm\u00e9es d&rsquo;Afrique, d&rsquo;Asie et d&rsquo;Am\u00e9rique centrale, notamment le Br\u00e9sil, l&rsquo;\u00c9thiopie, l&rsquo;Indon\u00e9sie, l&rsquo;Ouganda et l&rsquo;Inde. Gr\u00e2ce \u00e0 cette s\u00e9lection attentive, le caf\u00e9 d\u00e9veloppe un ar\u00f4me incomparable et une structure \u00e9quilibr\u00e9e, id\u00e9ale pour ceux qui pr\u00e9f\u00e8rent un go\u00fbt intense et d\u00e9cid\u00e9. <\/span><\/p>\n<p><span class=\"selected\">La torr\u00e9faction fonc\u00e9e exalte davantage les notes aromatiques du m\u00e9lange, conf\u00e9rant au caf\u00e9 une saveur pleine et persistante, parfaite pour commencer la journ\u00e9e avec \u00e9nergie ou pour s&rsquo;accorder une pause plaisir. Chaque capsule contient 7 grammes de caf\u00e9, la dose id\u00e9ale pour un espresso au corps plein et \u00e0 l&rsquo;ar\u00f4me riche. <\/span><\/p>\n<p><strong>FORMAT<\/strong>: FAP Espresso Point<br \/>\n<strong>COMPOSITION: <\/strong>70% Arabica 30% Robusta<br \/>\n<strong>ORIGINI: <\/strong>Br\u00e9sil, \u00c9thiopie, Indon\u00e9sie, Ouganda, Inde<br \/>\n<strong>ROTISSAGE<\/strong>: Sombre<br \/>\n<strong>DESCRIPTION: <\/strong>1 Capsule de 7 gr. de caf\u00e9<br \/>\n<strong>EMBALLAGE: <\/strong>100 Capsules<\/p>\n<p>&nbsp;<\/p>\n","protected":false},"featured_media":3109,"comment_status":"closed","ping_status":"closed","template":"","meta":{"_acf_changed":false,"_eb_attr":"","inline_featured_image":false},"product_brand":[],"product_cat":[426,411],"product_tag":[431,413,414],"class_list":{"0":"post-21223","1":"product","2":"type-product","3":"status-publish","4":"has-post-thumbnail","6":"product_cat-capsules","7":"product_cat-melange","8":"product_tag-fap","9":"product_tag-mouture-espresso","10":"product_tag-mouture-ristretto","12":"first","13":"instock","14":"shipping-taxable","15":"purchasable","16":"product-type-simple"},"acf":[],"aioseo_notices":[],"_links":{"self":[{"href":"https:\/\/mokaefti.ch\/fr\/wp-json\/wp\/v2\/product\/21223","targetHints":{"allow":["GET"]}}],"collection":[{"href":"https:\/\/mokaefti.ch\/fr\/wp-json\/wp\/v2\/product"}],"about":[{"href":"https:\/\/mokaefti.ch\/fr\/wp-json\/wp\/v2\/types\/product"}],"replies":[{"embeddable":true,"href":"https:\/\/mokaefti.ch\/fr\/wp-json\/wp\/v2\/comments?post=21223"}],"version-history":[{"count":0,"href":"https:\/\/mokaefti.ch\/fr\/wp-json\/wp\/v2\/product\/21223\/revisions"}],"wp:featuredmedia":[{"embeddable":true,"href":"https:\/\/mokaefti.ch\/fr\/wp-json\/wp\/v2\/media\/3109"}],"wp:attachment":[{"href":"https:\/\/mokaefti.ch\/fr\/wp-json\/wp\/v2\/media?parent=21223"}],"wp:term":[{"taxonomy":"product_brand","embeddable":true,"href":"https:\/\/mokaefti.ch\/fr\/wp-json\/wp\/v2\/product_brand?post=21223"},{"taxonomy":"product_cat","embeddable":true,"href":"https:\/\/mokaefti.ch\/fr\/wp-json\/wp\/v2\/product_cat?post=21223"},{"taxonomy":"product_tag","embeddable":true,"href":"https:\/\/mokaefti.ch\/fr\/wp-json\/wp\/v2\/product_tag?post=21223"}],"curies":[{"name":"wp","href":"https:\/\/api.w.org\/{rel}","templated":true}]}}