{"id":21226,"date":"2022-11-17T13:56:11","date_gmt":"2022-11-17T12:56:11","guid":{"rendered":"https:\/\/mokaefti.ch\/negozio-online\/capsules-compatibles-pitti-24-seven\/"},"modified":"2025-11-24T11:13:58","modified_gmt":"2025-11-24T10:13:58","slug":"capsules-compatibles-pitti-24-seven","status":"publish","type":"product","link":"https:\/\/mokaefti.ch\/fr\/boutique\/capsules-compatibles-pitti-24-seven\/","title":{"rendered":"CAPSULES PITTI 24 SEVEN"},"content":{"rendered":"","protected":false},"excerpt":{"rendered":"<p><span class=\"selected\">Les capsules Pitti 24 Seven de Moka Efti ont \u00e9t\u00e9 cr\u00e9\u00e9es sp\u00e9cialement pour les amateurs d&rsquo;un espresso intense et cr\u00e9meux en Suisse. Compatibles avec les machines Lavazza Espresso Point\u00ae, ces capsules offrent un m\u00e9lange harmonieux compos\u00e9 \u00e0 80 % de grains d&rsquo;Arabica et \u00e0 20 % de Robusta. La torr\u00e9faction fonc\u00e9e de ce m\u00e9lange en exalte les ar\u00f4mes intenses, garantissant un go\u00fbt cors\u00e9 qui rappelle le classique espresso des bars italiens. <\/span><\/p>\n<p><span class=\"selected\">Les grains, soigneusement s\u00e9lectionn\u00e9s, proviennent de r\u00e9gions caf\u00e9i\u00e8res renomm\u00e9es comme le Mexique, le Br\u00e9sil, l&rsquo;\u00c9thiopie, l&rsquo;Inde, l&rsquo;Ouganda et l&rsquo;Indon\u00e9sie. Chaque capsule contient 7 grammes de ce m\u00e9lange exquis, la quantit\u00e9 id\u00e9ale pour pr\u00e9parer un espresso intense et aromatique. <\/span><\/p>\n<p><span class=\"selected\">L&#8217;emballage de 100 capsules est parfait pour une consommation fr\u00e9quente et pour le bureau. La facilit\u00e9 d&rsquo;utilisation et la compatibilit\u00e9 avec les machines Lavazza Espresso Point\u00ae assurent une pr\u00e9paration rapide et simple, sans compromis sur la qualit\u00e9. <\/span><\/p>\n<p><span class=\"selected\">Pour les connaisseurs de caf\u00e9 en Suisse qui appr\u00e9cient qualit\u00e9 et authenticit\u00e9, les capsules Pitti 24 Seven de Moka Efti offrent une exp\u00e9rience gustative in\u00e9galable, alliant la tradition de l&rsquo;espresso italien \u00e0 la praticit\u00e9 des syst\u00e8mes modernes \u00e0 capsules.<\/span><\/p>\n<p><strong>FORMAT<\/strong>: FAP Espresso Point<br \/>\n<strong>COMPOSITION<\/strong>: 80% Arabica 20% Robusta<br \/>\n<strong>ORIGINES: <\/strong>Mexique, Br\u00e9sil, \u00c9thiopie, Inde, Ouganda, Indon\u00e9sie<br \/>\n<strong>ROTISSAGE<\/strong>: Sombre<br \/>\n<strong>DESCRIPTION: <\/strong>1 Capsule de 7 gr. de caf\u00e9<br \/>\n<strong>EMBALLAGE: <\/strong>100 Capsules<\/p>\n<p>&nbsp;<\/p>\n","protected":false},"featured_media":3097,"comment_status":"closed","ping_status":"closed","template":"","meta":{"_acf_changed":false,"_eb_attr":"","inline_featured_image":false},"product_brand":[],"product_cat":[426,411],"product_tag":[431,413,414],"class_list":{"0":"post-21226","1":"product","2":"type-product","3":"status-publish","4":"has-post-thumbnail","6":"product_cat-capsules","7":"product_cat-melange","8":"product_tag-fap","9":"product_tag-mouture-espresso","10":"product_tag-mouture-ristretto","12":"first","13":"instock","14":"shipping-taxable","15":"purchasable","16":"product-type-simple"},"acf":[],"aioseo_notices":[],"_links":{"self":[{"href":"https:\/\/mokaefti.ch\/fr\/wp-json\/wp\/v2\/product\/21226","targetHints":{"allow":["GET"]}}],"collection":[{"href":"https:\/\/mokaefti.ch\/fr\/wp-json\/wp\/v2\/product"}],"about":[{"href":"https:\/\/mokaefti.ch\/fr\/wp-json\/wp\/v2\/types\/product"}],"replies":[{"embeddable":true,"href":"https:\/\/mokaefti.ch\/fr\/wp-json\/wp\/v2\/comments?post=21226"}],"version-history":[{"count":0,"href":"https:\/\/mokaefti.ch\/fr\/wp-json\/wp\/v2\/product\/21226\/revisions"}],"wp:featuredmedia":[{"embeddable":true,"href":"https:\/\/mokaefti.ch\/fr\/wp-json\/wp\/v2\/media\/3097"}],"wp:attachment":[{"href":"https:\/\/mokaefti.ch\/fr\/wp-json\/wp\/v2\/media?parent=21226"}],"wp:term":[{"taxonomy":"product_brand","embeddable":true,"href":"https:\/\/mokaefti.ch\/fr\/wp-json\/wp\/v2\/product_brand?post=21226"},{"taxonomy":"product_cat","embeddable":true,"href":"https:\/\/mokaefti.ch\/fr\/wp-json\/wp\/v2\/product_cat?post=21226"},{"taxonomy":"product_tag","embeddable":true,"href":"https:\/\/mokaefti.ch\/fr\/wp-json\/wp\/v2\/product_tag?post=21226"}],"curies":[{"name":"wp","href":"https:\/\/api.w.org\/{rel}","templated":true}]}}