{"id":21234,"date":"2022-09-29T11:19:55","date_gmt":"2022-09-29T09:19:55","guid":{"rendered":"https:\/\/mokaefti.ch\/negozio-online\/parainema-lavado-250-gr\/"},"modified":"2025-09-23T14:09:50","modified_gmt":"2025-09-23T12:09:50","slug":"parainema-lavado-250-gr","status":"publish","type":"product","link":"https:\/\/mokaefti.ch\/fr\/boutique\/parainema-lavado-250-gr\/","title":{"rendered":"PARAINEMA LAVADO 250 GR."},"content":{"rendered":"","protected":false},"excerpt":{"rendered":"<p>Un caf\u00e9 au go\u00fbt \u00e9pur\u00e9, acidul\u00e9 et florales.<\/p>\n<p>La m\u00e9thode de lavage est un peu plus complexe que la m\u00e9thode naturelle et comprend diff\u00e9rentes \u00e9tapes de traitement. On commence par s\u00e9parer les cerises matures des cerises s\u00e8ches et des corps \u00e9trangers l\u00e9gers, qui sont \u00e9limin\u00e9s dans des bassins remplis d\u2019eau o\u00f9 les cerises sont immerg\u00e9es. La s\u00e9lection s\u2019effectue par flottaison du produit pendant que les cerises matures se d\u00e9posent sur le fond. L\u2019\u00e9tape suivante est le d\u00e9pouillement (pulping) qui consiste \u00e0 \u00e9liminer la pulpe de la drupe m\u00fbre. Elle doit avoir lieu imm\u00e9diatement apr\u00e8s la r\u00e9colte pour \u00e9viter la fermentation des sucres. Elle est r\u00e9alis\u00e9e par une machine de d\u00e9poussi\u00e9rage sp\u00e9ciale qui s\u00e9pare les grains de la pulpe avec une l\u00e9g\u00e8re pression. La phase finale est le s\u00e9chage qui consiste \u00e0 s\u00e9cher les grains en parchemin au soleil sur des lits sur\u00e9lev\u00e9s jusqu\u2019\u00e0 atteindre une humidit\u00e9 de 10 \u00e0 12%. Les grains de caf\u00e9 lav\u00e9s prennent une couleur plus brillante que le caf\u00e9 naturel et contiennent moins de solides, ce qui rend leur profil en tasse moins cors\u00e9, mais en m\u00eame temps plus complexe, avec une acidit\u00e9 marqu\u00e9e et des notes aromatiques plus florales et fruit\u00e9es.<\/p>\n","protected":false},"featured_media":20185,"comment_status":"closed","ping_status":"closed","template":"","meta":{"_acf_changed":false,"_eb_attr":"","inline_featured_image":false},"product_brand":[],"product_cat":[381,382,383,380],"product_tag":[384,385,386],"class_list":{"0":"post-21234","1":"product","2":"type-product","3":"status-publish","4":"has-post-thumbnail","6":"product_cat-grains","7":"product_cat-microlot-fr","8":"product_cat-parainema-fr","9":"product_cat-selection-moka-efti-fr","10":"product_tag-arabica","11":"product_tag-mouture-filtre","12":"product_tag-parainema","14":"first","15":"instock","16":"shipping-taxable","17":"purchasable","18":"product-type-variable"},"acf":[],"aioseo_notices":[],"_links":{"self":[{"href":"https:\/\/mokaefti.ch\/fr\/wp-json\/wp\/v2\/product\/21234","targetHints":{"allow":["GET"]}}],"collection":[{"href":"https:\/\/mokaefti.ch\/fr\/wp-json\/wp\/v2\/product"}],"about":[{"href":"https:\/\/mokaefti.ch\/fr\/wp-json\/wp\/v2\/types\/product"}],"replies":[{"embeddable":true,"href":"https:\/\/mokaefti.ch\/fr\/wp-json\/wp\/v2\/comments?post=21234"}],"version-history":[{"count":0,"href":"https:\/\/mokaefti.ch\/fr\/wp-json\/wp\/v2\/product\/21234\/revisions"}],"wp:featuredmedia":[{"embeddable":true,"href":"https:\/\/mokaefti.ch\/fr\/wp-json\/wp\/v2\/media\/20185"}],"wp:attachment":[{"href":"https:\/\/mokaefti.ch\/fr\/wp-json\/wp\/v2\/media?parent=21234"}],"wp:term":[{"taxonomy":"product_brand","embeddable":true,"href":"https:\/\/mokaefti.ch\/fr\/wp-json\/wp\/v2\/product_brand?post=21234"},{"taxonomy":"product_cat","embeddable":true,"href":"https:\/\/mokaefti.ch\/fr\/wp-json\/wp\/v2\/product_cat?post=21234"},{"taxonomy":"product_tag","embeddable":true,"href":"https:\/\/mokaefti.ch\/fr\/wp-json\/wp\/v2\/product_tag?post=21234"}],"curies":[{"name":"wp","href":"https:\/\/api.w.org\/{rel}","templated":true}]}}