{"id":21248,"date":"2022-09-29T11:07:05","date_gmt":"2022-09-29T09:07:05","guid":{"rendered":"https:\/\/mokaefti.ch\/negozio-online\/parainema-melado-250-gr\/"},"modified":"2025-09-23T14:09:51","modified_gmt":"2025-09-23T12:09:51","slug":"parainema-melado-250-gr","status":"publish","type":"product","link":"https:\/\/mokaefti.ch\/fr\/boutique\/parainema-melado-250-gr\/","title":{"rendered":"PARAINEMA MELADO 250 GR."},"content":{"rendered":"","protected":false},"excerpt":{"rendered":"<p>Une acidit\u00e9 \u00e9quilibr\u00e9e, une palette de saveurs complexes du sucr\u00e9 au dessin\u00e9 selon les vari\u00e9t\u00e9s.<\/p>\n<p>La m\u00e9thode naturelle, ou \u00e0 sec, est le proc\u00e9d\u00e9 le plus traditionnel, o\u00f9 les cerises de caf\u00e9 sont s\u00e9ch\u00e9es avec toute la peau, la pulpe, le parchemin et la graine. Cette m\u00e9thode est tr\u00e8s appr\u00e9ci\u00e9e pour l\u2019\u00e9quilibre et la douceur qu\u2019elle conf\u00e8re au go\u00fbt de la tasse. Le travail avec ce syst\u00e8me est plus complexe que le naturel et le lavage car le caf\u00e9 en parchemin est s\u00e9ch\u00e9 avec la totalit\u00e9 ou une grande partie du mucilage, qui est une substance tr\u00e8s collante. En cons\u00e9quence, les grains de caf\u00e9 se collent souvent entre eux, augmentant le risque de moisissure si une ventilation et une manutention correctes et constantes ne sont pas effectu\u00e9es. C\u2019est pourquoi le s\u00e9chage se fait dans des lits sur\u00e9lev\u00e9s.<\/p>\n","protected":false},"featured_media":20189,"comment_status":"closed","ping_status":"closed","template":"","meta":{"_acf_changed":false,"_eb_attr":"","inline_featured_image":false},"product_brand":[],"product_cat":[381,382,383,380],"product_tag":[384,385,421,386],"class_list":{"0":"post-21248","1":"product","2":"type-product","3":"status-publish","4":"has-post-thumbnail","6":"product_cat-grains","7":"product_cat-microlot-fr","8":"product_cat-parainema-fr","9":"product_cat-selection-moka-efti-fr","10":"product_tag-arabica","11":"product_tag-mouture-filtre","12":"product_tag-mouture-moka","13":"product_tag-parainema","15":"first","16":"instock","17":"shipping-taxable","18":"purchasable","19":"product-type-variable"},"acf":[],"aioseo_notices":[],"_links":{"self":[{"href":"https:\/\/mokaefti.ch\/fr\/wp-json\/wp\/v2\/product\/21248","targetHints":{"allow":["GET"]}}],"collection":[{"href":"https:\/\/mokaefti.ch\/fr\/wp-json\/wp\/v2\/product"}],"about":[{"href":"https:\/\/mokaefti.ch\/fr\/wp-json\/wp\/v2\/types\/product"}],"replies":[{"embeddable":true,"href":"https:\/\/mokaefti.ch\/fr\/wp-json\/wp\/v2\/comments?post=21248"}],"version-history":[{"count":0,"href":"https:\/\/mokaefti.ch\/fr\/wp-json\/wp\/v2\/product\/21248\/revisions"}],"wp:featuredmedia":[{"embeddable":true,"href":"https:\/\/mokaefti.ch\/fr\/wp-json\/wp\/v2\/media\/20189"}],"wp:attachment":[{"href":"https:\/\/mokaefti.ch\/fr\/wp-json\/wp\/v2\/media?parent=21248"}],"wp:term":[{"taxonomy":"product_brand","embeddable":true,"href":"https:\/\/mokaefti.ch\/fr\/wp-json\/wp\/v2\/product_brand?post=21248"},{"taxonomy":"product_cat","embeddable":true,"href":"https:\/\/mokaefti.ch\/fr\/wp-json\/wp\/v2\/product_cat?post=21248"},{"taxonomy":"product_tag","embeddable":true,"href":"https:\/\/mokaefti.ch\/fr\/wp-json\/wp\/v2\/product_tag?post=21248"}],"curies":[{"name":"wp","href":"https:\/\/api.w.org\/{rel}","templated":true}]}}