{"id":21257,"date":"2022-09-24T17:58:44","date_gmt":"2022-09-24T15:58:44","guid":{"rendered":"https:\/\/mokaefti.ch\/negozio-online\/speciality-coffee-arabica-100-en-grains-500-gr\/"},"modified":"2025-09-23T14:09:48","modified_gmt":"2025-09-23T12:09:48","slug":"speciality-coffee-arabica-100-en-grains-500-gr","status":"publish","type":"product","link":"https:\/\/mokaefti.ch\/fr\/boutique\/speciality-coffee-arabica-100-en-grains-500-gr\/","title":{"rendered":"SPECIALITY COFFEE ARABICA 100% EN GRAINS 500 GR."},"content":{"rendered":"","protected":false},"excerpt":{"rendered":"<p><span class=\"selected\">Le caf\u00e9 de sp\u00e9cialit\u00e9 de Moka Efti offre un go\u00fbt exceptionnel qui le rend parfait pour chaque moment de la journ\u00e9e. Ce m\u00e9lange est le r\u00e9sultat d&rsquo;une s\u00e9lection minutieuse des meilleurs caf\u00e9s du monde, garantissant une exp\u00e9rience unique et raffin\u00e9e. <\/span><\/p>\n<p><span class=\"selected\">Compos\u00e9 \u00e0 100 % d&rsquo;Arabica, le caf\u00e9 de sp\u00e9cialit\u00e9 Moka Efti en grains est conditionn\u00e9 dans des sachets sp\u00e9ciaux avec valve de d\u00e9gazage, pour pr\u00e9server longtemps sa fra\u00eecheur et son intensit\u00e9 aromatique.<\/span><\/p>\n<p><span class=\"selected\">Une excellence qui s&rsquo;ajoute aux produits haut de gamme de la marque Moka Efti, pens\u00e9e pour les vrais amateurs et connaisseurs de caf\u00e9 qui recherchent un go\u00fbt authentique et sophistiqu\u00e9. Gr\u00e2ce \u00e0 ces produits de haute qualit\u00e9, Moka Efti est reconnue comme l&rsquo;une des plus importantes et meilleures torr\u00e9factions de Suisse. <\/span><\/p>\n<p><strong>COMPOSITION<\/strong> :<br \/>\nBrazil Santos arabica Sul de Minas Ny2 fine cup<br \/>\nWashed arabica Ethiopia<br \/>\nColombia Coffee Excelso<\/p>\n","protected":false},"featured_media":20193,"comment_status":"closed","ping_status":"closed","template":"","meta":{"_acf_changed":false,"_eb_attr":"","inline_featured_image":false},"product_brand":[],"product_cat":[381,380,434],"product_tag":[384,413,385],"class_list":{"0":"post-21257","1":"product","2":"type-product","3":"status-publish","4":"has-post-thumbnail","6":"product_cat-grains","7":"product_cat-selection-moka-efti-fr","8":"product_cat-speciality-fr","9":"product_tag-arabica","10":"product_tag-mouture-espresso","11":"product_tag-mouture-filtre","13":"first","14":"instock","15":"shipping-taxable","16":"purchasable","17":"product-type-simple"},"acf":[],"aioseo_notices":[],"_links":{"self":[{"href":"https:\/\/mokaefti.ch\/fr\/wp-json\/wp\/v2\/product\/21257","targetHints":{"allow":["GET"]}}],"collection":[{"href":"https:\/\/mokaefti.ch\/fr\/wp-json\/wp\/v2\/product"}],"about":[{"href":"https:\/\/mokaefti.ch\/fr\/wp-json\/wp\/v2\/types\/product"}],"replies":[{"embeddable":true,"href":"https:\/\/mokaefti.ch\/fr\/wp-json\/wp\/v2\/comments?post=21257"}],"version-history":[{"count":0,"href":"https:\/\/mokaefti.ch\/fr\/wp-json\/wp\/v2\/product\/21257\/revisions"}],"wp:featuredmedia":[{"embeddable":true,"href":"https:\/\/mokaefti.ch\/fr\/wp-json\/wp\/v2\/media\/20193"}],"wp:attachment":[{"href":"https:\/\/mokaefti.ch\/fr\/wp-json\/wp\/v2\/media?parent=21257"}],"wp:term":[{"taxonomy":"product_brand","embeddable":true,"href":"https:\/\/mokaefti.ch\/fr\/wp-json\/wp\/v2\/product_brand?post=21257"},{"taxonomy":"product_cat","embeddable":true,"href":"https:\/\/mokaefti.ch\/fr\/wp-json\/wp\/v2\/product_cat?post=21257"},{"taxonomy":"product_tag","embeddable":true,"href":"https:\/\/mokaefti.ch\/fr\/wp-json\/wp\/v2\/product_tag?post=21257"}],"curies":[{"name":"wp","href":"https:\/\/api.w.org\/{rel}","templated":true}]}}