{"id":21260,"date":"2022-09-09T13:07:09","date_gmt":"2022-09-09T11:07:09","guid":{"rendered":"https:\/\/mokaefti.ch\/negozio-online\/capsules-pittissima-decafeine-en-aluminium\/"},"modified":"2025-11-24T11:22:34","modified_gmt":"2025-11-24T10:22:34","slug":"capsules-pittissima-decafeine-en-aluminium","status":"publish","type":"product","link":"https:\/\/mokaefti.ch\/fr\/boutique\/capsules-pittissima-decafeine-en-aluminium\/","title":{"rendered":"CAPSULES PITTISSIMA ESPRESSO D\u00c9CAF\u00c9IN\u00c9 EN ALUMINIUM"},"content":{"rendered":"<p><span class=\"selected\">Le m\u00e9lange des capsules Espresso D\u00e9caf de la ligne Pittissima est compos\u00e9 \u00e0 80 % de grains d&rsquo;Arabica de qualit\u00e9 et \u00e0 20 % de Robusta, provenant de r\u00e9gions productrices renomm\u00e9es comme le Br\u00e9sil, l&rsquo;\u00c9thiopie, l&rsquo;Indon\u00e9sie, l&rsquo;Ouganda et l&rsquo;Inde. Gr\u00e2ce \u00e0 cette s\u00e9lection minutieuse et \u00e0 une torr\u00e9faction fonc\u00e9e, ce caf\u00e9 d\u00e9caf\u00e9in\u00e9 d\u00e9gage un ar\u00f4me riche et intense, offrant une exp\u00e9rience gustative cors\u00e9e. <\/span><\/p>\n<p><span class=\"selected\">Chaque capsule contient 5,5 grammes de caf\u00e9, la dose id\u00e9ale pour un espresso cr\u00e9meux et au go\u00fbt \u00e9quilibr\u00e9. Les capsules en aluminium pr\u00e9servent au mieux les propri\u00e9t\u00e9s organoleptiques du m\u00e9lange, garantissant fra\u00eecheur et intensit\u00e9 dans chaque tasse. <\/span><\/p>\n<p><span class=\"selected\">Conditionn\u00e9es dans des \u00e9tuis pratiques de 10, ces capsules compatibles avec les machines Nespresso\u00ae sont la solution id\u00e9ale pour savourer un excellent caf\u00e9 d\u00e9caf\u00e9in\u00e9 \u00e0 tout moment, sans renoncer au plaisir d&rsquo;un espresso cors\u00e9 et aromatique. Parfaites pour ceux qui souhaitent s&rsquo;accorder un moment de d\u00e9tente avec un caf\u00e9 de haute qualit\u00e9, les capsules Pittissima offrent une exp\u00e9rience gustative unique \u00e0 chaque gorg\u00e9e. <\/span><\/p>\n","protected":false},"excerpt":{"rendered":"<p>D\u00e9couvre les capsules en aluminium Pittissima D\u00e9caf de Pitti Caff\u00e8, cr\u00e9\u00e9es par Moka Efti et parfaitement compatibles avec les machines \u00e0 caf\u00e9 Nespresso\u00ae. Ce m\u00e9lange de qualit\u00e9 de caf\u00e9 d\u00e9caf\u00e9in\u00e9 a \u00e9t\u00e9 s\u00e9lectionn\u00e9 pour t&rsquo;offrir le plaisir authentique d&rsquo;un excellent espresso, id\u00e9al pour chaque moment de la journ\u00e9e et sans caf\u00e9ine. L&#8217;emballage en aluminium pr\u00e9serve intact l&rsquo;ar\u00f4me et le go\u00fbt riche du m\u00e9lange, garantissant une qualit\u00e9 sup\u00e9rieure dans chaque tasse. Les capsules sont vendues dans des emballages pratiques de 10, parfaites pour ton stock de saveur sans limites.<\/p>\n<p><strong>ORIGINES<\/strong>: Br\u00e9sil, Ethiopie, Indon\u00e9sie, Ouganda, Inde<br \/>\n<strong>ROTISSAGE<\/strong>: Sombre<br \/>\n<strong>FORMAT<\/strong>: <strong>NESPRESSO\u00ae<br \/>\n<\/strong><strong>COMPOSITION<\/strong>: 80% Arabica 20% Robusta<br \/>\n<strong>DESCRIPTION: <\/strong>1 Capsule de 5.5 gr. de Caf\u00e8<br \/>\n<strong>EMBALLAGE: <\/strong>10 Capsules<\/p>\n","protected":false},"featured_media":1657,"comment_status":"closed","ping_status":"closed","template":"","meta":{"_acf_changed":false,"_eb_attr":"","inline_featured_image":false},"product_brand":[],"product_cat":[426,411],"product_tag":[437,413,427],"class_list":{"0":"post-21260","1":"product","2":"type-product","3":"status-publish","4":"has-post-thumbnail","6":"product_cat-capsules","7":"product_cat-melange","8":"product_tag-deca","9":"product_tag-mouture-espresso","10":"product_tag-pittissima","12":"first","13":"instock","14":"shipping-taxable","15":"purchasable","16":"product-type-simple"},"acf":[],"aioseo_notices":[],"_links":{"self":[{"href":"https:\/\/mokaefti.ch\/fr\/wp-json\/wp\/v2\/product\/21260","targetHints":{"allow":["GET"]}}],"collection":[{"href":"https:\/\/mokaefti.ch\/fr\/wp-json\/wp\/v2\/product"}],"about":[{"href":"https:\/\/mokaefti.ch\/fr\/wp-json\/wp\/v2\/types\/product"}],"replies":[{"embeddable":true,"href":"https:\/\/mokaefti.ch\/fr\/wp-json\/wp\/v2\/comments?post=21260"}],"version-history":[{"count":0,"href":"https:\/\/mokaefti.ch\/fr\/wp-json\/wp\/v2\/product\/21260\/revisions"}],"wp:featuredmedia":[{"embeddable":true,"href":"https:\/\/mokaefti.ch\/fr\/wp-json\/wp\/v2\/media\/1657"}],"wp:attachment":[{"href":"https:\/\/mokaefti.ch\/fr\/wp-json\/wp\/v2\/media?parent=21260"}],"wp:term":[{"taxonomy":"product_brand","embeddable":true,"href":"https:\/\/mokaefti.ch\/fr\/wp-json\/wp\/v2\/product_brand?post=21260"},{"taxonomy":"product_cat","embeddable":true,"href":"https:\/\/mokaefti.ch\/fr\/wp-json\/wp\/v2\/product_cat?post=21260"},{"taxonomy":"product_tag","embeddable":true,"href":"https:\/\/mokaefti.ch\/fr\/wp-json\/wp\/v2\/product_tag?post=21260"}],"curies":[{"name":"wp","href":"https:\/\/api.w.org\/{rel}","templated":true}]}}