{"id":21263,"date":"2022-09-09T13:04:56","date_gmt":"2022-09-09T11:04:56","guid":{"rendered":"https:\/\/mokaefti.ch\/negozio-online\/capsules-moka-efti-compatibles-au-ginseng\/"},"modified":"2025-11-24T11:15:28","modified_gmt":"2025-11-24T10:15:28","slug":"capsules-moka-efti-compatibles-au-ginseng","status":"publish","type":"product","link":"https:\/\/mokaefti.ch\/fr\/boutique\/capsules-moka-efti-compatibles-au-ginseng\/","title":{"rendered":"CAPSULES MOKA EFTI GINSENG"},"content":{"rendered":"","protected":false},"excerpt":{"rendered":"<p>Offre-toi une pause de pur bien-\u00eatre avec les capsules au Ginseng de Moka Efti, compatibles avec les machines \u00e0 caf\u00e9 Lavazza Espresso Point. Cette boisson repr\u00e9sente l&rsquo;alternative id\u00e9ale au caf\u00e9 traditionnel, alliant les propri\u00e9t\u00e9s \u00e9nergisantes et revitalisantes du ginseng \u00e0 la cr\u00e9mosit\u00e9 enveloppante d&rsquo;un espresso. Parfaite pour ceux qui cherchent un boost d&rsquo;\u00e9nergie naturelle et sans caf\u00e9ine, chaque capsule monodose renferme une pr\u00e9paration de haute qualit\u00e9 au go\u00fbt unique et incomparable. Transforme chaque pause en un moment sain et plein de saveur.<\/p>\n","protected":false},"featured_media":1654,"comment_status":"closed","ping_status":"closed","template":"","meta":{"_acf_changed":false,"_eb_attr":"","inline_featured_image":false},"product_brand":[],"product_cat":[399],"product_tag":[],"class_list":{"0":"post-21263","1":"product","2":"type-product","3":"status-publish","4":"has-post-thumbnail","6":"product_cat-autres-produits","8":"first","9":"instock","10":"shipping-taxable","11":"purchasable","12":"product-type-simple"},"acf":[],"aioseo_notices":[],"_links":{"self":[{"href":"https:\/\/mokaefti.ch\/fr\/wp-json\/wp\/v2\/product\/21263","targetHints":{"allow":["GET"]}}],"collection":[{"href":"https:\/\/mokaefti.ch\/fr\/wp-json\/wp\/v2\/product"}],"about":[{"href":"https:\/\/mokaefti.ch\/fr\/wp-json\/wp\/v2\/types\/product"}],"replies":[{"embeddable":true,"href":"https:\/\/mokaefti.ch\/fr\/wp-json\/wp\/v2\/comments?post=21263"}],"version-history":[{"count":0,"href":"https:\/\/mokaefti.ch\/fr\/wp-json\/wp\/v2\/product\/21263\/revisions"}],"wp:featuredmedia":[{"embeddable":true,"href":"https:\/\/mokaefti.ch\/fr\/wp-json\/wp\/v2\/media\/1654"}],"wp:attachment":[{"href":"https:\/\/mokaefti.ch\/fr\/wp-json\/wp\/v2\/media?parent=21263"}],"wp:term":[{"taxonomy":"product_brand","embeddable":true,"href":"https:\/\/mokaefti.ch\/fr\/wp-json\/wp\/v2\/product_brand?post=21263"},{"taxonomy":"product_cat","embeddable":true,"href":"https:\/\/mokaefti.ch\/fr\/wp-json\/wp\/v2\/product_cat?post=21263"},{"taxonomy":"product_tag","embeddable":true,"href":"https:\/\/mokaefti.ch\/fr\/wp-json\/wp\/v2\/product_tag?post=21263"}],"curies":[{"name":"wp","href":"https:\/\/api.w.org\/{rel}","templated":true}]}}