{"id":21275,"date":"2022-09-09T12:55:15","date_gmt":"2022-09-09T10:55:15","guid":{"rendered":"https:\/\/mokaefti.ch\/negozio-online\/capsules-compatibles-arabica-100\/"},"modified":"2025-11-24T11:25:56","modified_gmt":"2025-11-24T10:25:56","slug":"capsules-compatibles-arabica-100","status":"publish","type":"product","link":"https:\/\/mokaefti.ch\/fr\/boutique\/capsules-compatibles-arabica-100\/","title":{"rendered":"CAPSULES COMPATIBLES ARABICA 100%"},"content":{"rendered":"","protected":false},"excerpt":{"rendered":"<p>Essayez nos capsules 100 % arabica et vous n\u2019en reviendrez pas ! C\u2019est un caf\u00e9 qui ne n\u00e9cessite pas une longue description : cultiv\u00e9 entre 600 et 2 000 m\u00e8tres d\u2019altitude, dans des sols riches en min\u00e9raux et en d\u2019autres \u00e9l\u00e9ments, il prend une saveur unique gr\u00e2ce \u00e0 la torr\u00e9faction qui met en valeur toutes ses caract\u00e9ristiques : parfum, douceur et corps. D\u00e9gustez-le, vous serez conquis !<\/p>\n<p>Vis une exp\u00e9rience gustative sup\u00e9rieure avec les capsules 100% Arabica de Moka Efti, compatibles avec le syst\u00e8me FAP Lavazza Espresso Point. Ce m\u00e9lange est une ode \u00e0 la puret\u00e9 du caf\u00e9, cr\u00e9\u00e9 pour les palais les plus raffin\u00e9s qui recherchent un go\u00fbt \u00e9quilibr\u00e9 et un ar\u00f4me inoubliable. Notre s\u00e9lection r\u00e9unit exclusivement les meilleurs grains d&rsquo;Arabica de Colombie, du Br\u00e9sil, d&rsquo;\u00c9thiopie, du Honduras et de Tanzanie, cultiv\u00e9s en altitude pour d\u00e9velopper une complexit\u00e9 aromatique unique. La torr\u00e9faction moyenne exalte sa douceur et sa souplesse naturelles, cr\u00e9ant un espresso enveloppant au corps plein et \u00e0 l&rsquo;arri\u00e8re-go\u00fbt d\u00e9licat. Chaque capsule, scell\u00e9e pour pr\u00e9server la fra\u00eecheur, contient 7 grammes de caf\u00e9 pour garantir la qualit\u00e9 maximale en tasse. Le pratique conditionnement de 100 capsules est parfait pour ton stock \u00e0 la maison ou au bureau, alliant la commodit\u00e9 \u00e0 la certitude d&rsquo;un espresso italien d&rsquo;excellence, chaque fois que tu le souhaites.<\/p>\n<p><strong>FORMAT<\/strong>: FAP Espresso Point<br \/>\n<strong>COMPOSITION<\/strong>: 100% arabica<br \/>\n<strong>ORIGINES:<\/strong> Colombie, Br\u00e9sil, \u00c9thiopie, Honduras, Tanzanie.<strong>.<br \/>\n<\/strong><strong>ROTISSAGE:<\/strong> moyen<br \/>\n<strong>DESCRIPTION:<\/strong> 1 Capsule de 7 gr. de caf\u00e9<br \/>\n<strong>EMBALLAGE: <\/strong>100 Capsules<\/p>\n","protected":false},"featured_media":1630,"comment_status":"closed","ping_status":"closed","template":"","meta":{"_acf_changed":false,"_eb_attr":"","inline_featured_image":false},"product_brand":[],"product_cat":[426,411],"product_tag":[384,431,413,414],"class_list":{"0":"post-21275","1":"product","2":"type-product","3":"status-publish","4":"has-post-thumbnail","6":"product_cat-capsules","7":"product_cat-melange","8":"product_tag-arabica","9":"product_tag-fap","10":"product_tag-mouture-espresso","11":"product_tag-mouture-ristretto","13":"first","14":"instock","15":"shipping-taxable","16":"purchasable","17":"product-type-simple"},"acf":[],"aioseo_notices":[],"_links":{"self":[{"href":"https:\/\/mokaefti.ch\/fr\/wp-json\/wp\/v2\/product\/21275","targetHints":{"allow":["GET"]}}],"collection":[{"href":"https:\/\/mokaefti.ch\/fr\/wp-json\/wp\/v2\/product"}],"about":[{"href":"https:\/\/mokaefti.ch\/fr\/wp-json\/wp\/v2\/types\/product"}],"replies":[{"embeddable":true,"href":"https:\/\/mokaefti.ch\/fr\/wp-json\/wp\/v2\/comments?post=21275"}],"version-history":[{"count":0,"href":"https:\/\/mokaefti.ch\/fr\/wp-json\/wp\/v2\/product\/21275\/revisions"}],"wp:featuredmedia":[{"embeddable":true,"href":"https:\/\/mokaefti.ch\/fr\/wp-json\/wp\/v2\/media\/1630"}],"wp:attachment":[{"href":"https:\/\/mokaefti.ch\/fr\/wp-json\/wp\/v2\/media?parent=21275"}],"wp:term":[{"taxonomy":"product_brand","embeddable":true,"href":"https:\/\/mokaefti.ch\/fr\/wp-json\/wp\/v2\/product_brand?post=21275"},{"taxonomy":"product_cat","embeddable":true,"href":"https:\/\/mokaefti.ch\/fr\/wp-json\/wp\/v2\/product_cat?post=21275"},{"taxonomy":"product_tag","embeddable":true,"href":"https:\/\/mokaefti.ch\/fr\/wp-json\/wp\/v2\/product_tag?post=21275"}],"curies":[{"name":"wp","href":"https:\/\/api.w.org\/{rel}","templated":true}]}}