{"id":21278,"date":"2022-09-09T12:54:06","date_gmt":"2022-09-09T10:54:06","guid":{"rendered":"https:\/\/mokaefti.ch\/negozio-online\/capsules-cafe-decafeine\/"},"modified":"2025-11-24T11:26:46","modified_gmt":"2025-11-24T10:26:46","slug":"capsules-cafe-decafeine","status":"publish","type":"product","link":"https:\/\/mokaefti.ch\/fr\/boutique\/capsules-cafe-decafeine\/","title":{"rendered":"CAPSULES D\u00c9CAF\u00c9IN\u00c9"},"content":{"rendered":"","protected":false},"excerpt":{"rendered":"<p><span class=\"selected\">Un caf\u00e9 qui n&rsquo;a rien \u00e0 envier aux m\u00e9langes avec caf\u00e9ine : notre D\u00e9caf\u00e9in\u00e9 Moka Efti conserve un go\u00fbt intense et floral. Nous te d\u00e9fions de trouver la diff\u00e9rence avec un espresso classique ! <\/span><\/p>\n<p><span class=\"selected\">Les capsules FAP Espresso Point sont con\u00e7ues pour garantir un caf\u00e9 de haute qualit\u00e9, pratique et authentique. Le m\u00e9lange, compos\u00e9 \u00e0 80 % d&rsquo;Arabica et \u00e0 20 % de Robusta, provient de certaines des meilleures r\u00e9gions caf\u00e9i\u00e8res : Br\u00e9sil, \u00c9thiopie, Tanzanie, Inde et Guatemala. <\/span><\/p>\n<p><span class=\"selected\">Gr\u00e2ce \u00e0 la torr\u00e9faction moyenne, le D\u00e9caf\u00e9in\u00e9 Moka Efti lib\u00e8re un ar\u00f4me \u00e9quilibr\u00e9 et raffin\u00e9, offrant une exp\u00e9rience gustative cors\u00e9e et enveloppante. Chaque capsule contient 7 grammes de caf\u00e9, la dose id\u00e9ale pour un espresso intense au go\u00fbt authentique. <\/span><\/p>\n<p><span class=\"selected\">La bo\u00eete de 100 capsules est parfaite pour ceux qui souhaitent un excellent stock de caf\u00e9 d\u00e9caf\u00e9in\u00e9, sans renoncer \u00e0 la qualit\u00e9 et \u00e0 la praticit\u00e9.<\/span><\/p>\n<p><strong>FORMAT<\/strong>: FAP Espresso Point<br \/>\n<strong>COMPOSITION<\/strong>: 80% Arabica 20% Robusta<br \/>\n<strong>ORIGINES:<\/strong> Br\u00e9sil, \u00c9thiopie, Tanzanie, Inde et Guatemala.<br \/>\n<strong>ROTISSAGE: <\/strong>Moyen<br \/>\n<strong>DESCRIPTION: <\/strong>1 Capsule de 7 gr. de caf\u00e9<br \/>\n<strong>EMBALLAGE: <\/strong>100 Capsules<\/p>\n","protected":false},"featured_media":1627,"comment_status":"closed","ping_status":"closed","template":"","meta":{"_acf_changed":false,"_eb_attr":"","inline_featured_image":false},"product_brand":[],"product_cat":[426,411],"product_tag":[437,431,413],"class_list":{"0":"post-21278","1":"product","2":"type-product","3":"status-publish","4":"has-post-thumbnail","6":"product_cat-capsules","7":"product_cat-melange","8":"product_tag-deca","9":"product_tag-fap","10":"product_tag-mouture-espresso","12":"first","13":"instock","14":"shipping-taxable","15":"purchasable","16":"product-type-simple"},"acf":[],"aioseo_notices":[],"_links":{"self":[{"href":"https:\/\/mokaefti.ch\/fr\/wp-json\/wp\/v2\/product\/21278","targetHints":{"allow":["GET"]}}],"collection":[{"href":"https:\/\/mokaefti.ch\/fr\/wp-json\/wp\/v2\/product"}],"about":[{"href":"https:\/\/mokaefti.ch\/fr\/wp-json\/wp\/v2\/types\/product"}],"replies":[{"embeddable":true,"href":"https:\/\/mokaefti.ch\/fr\/wp-json\/wp\/v2\/comments?post=21278"}],"version-history":[{"count":0,"href":"https:\/\/mokaefti.ch\/fr\/wp-json\/wp\/v2\/product\/21278\/revisions"}],"wp:featuredmedia":[{"embeddable":true,"href":"https:\/\/mokaefti.ch\/fr\/wp-json\/wp\/v2\/media\/1627"}],"wp:attachment":[{"href":"https:\/\/mokaefti.ch\/fr\/wp-json\/wp\/v2\/media?parent=21278"}],"wp:term":[{"taxonomy":"product_brand","embeddable":true,"href":"https:\/\/mokaefti.ch\/fr\/wp-json\/wp\/v2\/product_brand?post=21278"},{"taxonomy":"product_cat","embeddable":true,"href":"https:\/\/mokaefti.ch\/fr\/wp-json\/wp\/v2\/product_cat?post=21278"},{"taxonomy":"product_tag","embeddable":true,"href":"https:\/\/mokaefti.ch\/fr\/wp-json\/wp\/v2\/product_tag?post=21278"}],"curies":[{"name":"wp","href":"https:\/\/api.w.org\/{rel}","templated":true}]}}