{"id":21282,"date":"2022-09-09T12:50:49","date_gmt":"2022-09-09T10:50:49","guid":{"rendered":"https:\/\/mokaefti.ch\/negozio-online\/porte-sachets-de-sucre-moka-efti\/"},"modified":"2025-11-24T13:52:17","modified_gmt":"2025-11-24T12:52:17","slug":"porte-sachets-de-sucre-moka-efti","status":"publish","type":"product","link":"https:\/\/mokaefti.ch\/fr\/boutique\/porte-sachets-de-sucre-moka-efti\/","title":{"rendered":"PORTE-SACHETS DE SUCRE MOKA EFTI"},"content":{"rendered":"","protected":false},"excerpt":{"rendered":"<p>D\u00e9couvre notre porte-sachets de sucre, l&rsquo;accessoire indispensable pour les tables et comptoirs de bars et \u00e9tablissements tendance. Con\u00e7u pour ceux qui souhaitent allier fonctionnalit\u00e9 et design, cet organiseur ne se contente pas de maintenir en ordre les sachets de sucre, mais ajoute une touche d&rsquo;\u00e9l\u00e9gance \u00e0 ton environnement. Rends l&rsquo;exp\u00e9rience de tes clients encore plus agr\u00e9able et soign\u00e9e, en communiquant une attention aux d\u00e9tails qui fait la diff\u00e9rence. R\u00e9alis\u00e9 avec des mat\u00e9riaux de qualit\u00e9, c&rsquo;est la solution parfaite pour apporter style et professionnalisme \u00e0 ton service.<\/p>\n","protected":false},"featured_media":20695,"comment_status":"closed","ping_status":"closed","template":"","meta":{"_acf_changed":false,"_eb_attr":"","inline_featured_image":false},"product_brand":[],"product_cat":[417],"product_tag":[],"class_list":{"0":"post-21282","1":"product","2":"type-product","3":"status-publish","4":"has-post-thumbnail","6":"product_cat-merchandise-fr","8":"first","9":"instock","10":"shipping-taxable","11":"purchasable","12":"product-type-simple"},"acf":[],"aioseo_notices":[],"_links":{"self":[{"href":"https:\/\/mokaefti.ch\/fr\/wp-json\/wp\/v2\/product\/21282","targetHints":{"allow":["GET"]}}],"collection":[{"href":"https:\/\/mokaefti.ch\/fr\/wp-json\/wp\/v2\/product"}],"about":[{"href":"https:\/\/mokaefti.ch\/fr\/wp-json\/wp\/v2\/types\/product"}],"replies":[{"embeddable":true,"href":"https:\/\/mokaefti.ch\/fr\/wp-json\/wp\/v2\/comments?post=21282"}],"version-history":[{"count":0,"href":"https:\/\/mokaefti.ch\/fr\/wp-json\/wp\/v2\/product\/21282\/revisions"}],"wp:featuredmedia":[{"embeddable":true,"href":"https:\/\/mokaefti.ch\/fr\/wp-json\/wp\/v2\/media\/20695"}],"wp:attachment":[{"href":"https:\/\/mokaefti.ch\/fr\/wp-json\/wp\/v2\/media?parent=21282"}],"wp:term":[{"taxonomy":"product_brand","embeddable":true,"href":"https:\/\/mokaefti.ch\/fr\/wp-json\/wp\/v2\/product_brand?post=21282"},{"taxonomy":"product_cat","embeddable":true,"href":"https:\/\/mokaefti.ch\/fr\/wp-json\/wp\/v2\/product_cat?post=21282"},{"taxonomy":"product_tag","embeddable":true,"href":"https:\/\/mokaefti.ch\/fr\/wp-json\/wp\/v2\/product_tag?post=21282"}],"curies":[{"name":"wp","href":"https:\/\/api.w.org\/{rel}","templated":true}]}}