{"id":21285,"date":"2022-09-09T12:47:53","date_gmt":"2022-09-09T10:47:53","guid":{"rendered":"https:\/\/mokaefti.ch\/negozio-online\/grande-tasse-porte-sucre\/"},"modified":"2025-09-23T14:09:26","modified_gmt":"2025-09-23T12:09:26","slug":"grande-tasse-porte-sucre","status":"publish","type":"product","link":"https:\/\/mokaefti.ch\/fr\/boutique\/grande-tasse-porte-sucre\/","title":{"rendered":"GRANDE TASSE PORTE-SUCRE"},"content":{"rendered":"","protected":false},"excerpt":{"rendered":"<p>La tasse porte-sucre Moka Efti, avec son design \u00e9pur\u00e9 et lin\u00e9aire, est l&rsquo;accessoire indispensable pour les bars, h\u00f4tels et restaurants qui misent sur l&rsquo;\u00e9l\u00e9gance et un service de haute qualit\u00e9. Parfaite pour compl\u00e9ter l&rsquo;exp\u00e9rience d&rsquo;un caf\u00e9 premium, cette tasse s&rsquo;int\u00e8gre harmonieusement avec les autres fournitures pour le secteur <strong>HO.RE.CA.<\/strong> en combinant fonctionnalit\u00e9 et esth\u00e9tique raffin\u00e9e. Id\u00e9ale pour ceux qui souhaitent offrir \u00e0 leurs clients non seulement un objet pratique, mais un d\u00e9tail de style qui valorise l&rsquo;environnement et l&rsquo;attention au service.  <\/p>\n","protected":false},"featured_media":20715,"comment_status":"closed","ping_status":"closed","template":"","meta":{"_acf_changed":false,"_eb_attr":"","inline_featured_image":false},"product_brand":[],"product_cat":[417],"product_tag":[],"class_list":{"0":"post-21285","1":"product","2":"type-product","3":"status-publish","4":"has-post-thumbnail","6":"product_cat-merchandise-fr","8":"first","9":"instock","10":"shipping-taxable","11":"purchasable","12":"product-type-simple"},"acf":[],"aioseo_notices":[],"_links":{"self":[{"href":"https:\/\/mokaefti.ch\/fr\/wp-json\/wp\/v2\/product\/21285","targetHints":{"allow":["GET"]}}],"collection":[{"href":"https:\/\/mokaefti.ch\/fr\/wp-json\/wp\/v2\/product"}],"about":[{"href":"https:\/\/mokaefti.ch\/fr\/wp-json\/wp\/v2\/types\/product"}],"replies":[{"embeddable":true,"href":"https:\/\/mokaefti.ch\/fr\/wp-json\/wp\/v2\/comments?post=21285"}],"version-history":[{"count":0,"href":"https:\/\/mokaefti.ch\/fr\/wp-json\/wp\/v2\/product\/21285\/revisions"}],"wp:featuredmedia":[{"embeddable":true,"href":"https:\/\/mokaefti.ch\/fr\/wp-json\/wp\/v2\/media\/20715"}],"wp:attachment":[{"href":"https:\/\/mokaefti.ch\/fr\/wp-json\/wp\/v2\/media?parent=21285"}],"wp:term":[{"taxonomy":"product_brand","embeddable":true,"href":"https:\/\/mokaefti.ch\/fr\/wp-json\/wp\/v2\/product_brand?post=21285"},{"taxonomy":"product_cat","embeddable":true,"href":"https:\/\/mokaefti.ch\/fr\/wp-json\/wp\/v2\/product_cat?post=21285"},{"taxonomy":"product_tag","embeddable":true,"href":"https:\/\/mokaefti.ch\/fr\/wp-json\/wp\/v2\/product_tag?post=21285"}],"curies":[{"name":"wp","href":"https:\/\/api.w.org\/{rel}","templated":true}]}}