{"id":21290,"date":"2022-09-09T12:46:49","date_gmt":"2022-09-09T10:46:49","guid":{"rendered":"https:\/\/mokaefti.ch\/negozio-online\/service-6-tasses-cappuccino-avec-soucoupe-moka-efti\/"},"modified":"2025-11-24T13:55:54","modified_gmt":"2025-11-24T12:55:54","slug":"service-6-tasses-cappuccino-avec-soucoupe-moka-efti","status":"publish","type":"product","link":"https:\/\/mokaefti.ch\/fr\/boutique\/service-6-tasses-cappuccino-avec-soucoupe-moka-efti\/","title":{"rendered":"6 TASSES \u00c0 CAPPUCCINO + SOUS-TASSES MOKA EFTI"},"content":{"rendered":"","protected":false},"excerpt":{"rendered":"<p><span class=\"selected\">D\u00e9couvre le set exclusif de 6 tasses \u00e0 cappuccino Moka Efti + sous-tasses. Parfait aussi bien pour les bars de classe que pour d&rsquo;\u00e9l\u00e9gants petits-d\u00e9jeuners en famille, ce set est le choix id\u00e9al pour ceux qui souhaitent offrir ou savourer une exp\u00e9rience de haut niveau. R\u00e9alis\u00e9es avec des mat\u00e9riaux de premi\u00e8re qualit\u00e9, ces tasses sont con\u00e7ues pour sublimer l&rsquo;onctuosit\u00e9 et l&rsquo;ar\u00f4me d&rsquo;un cappuccino parfait, garantissant un style impeccable et la qualit\u00e9 maximale aussi bien au niveau professionnel qu&rsquo;\u00e0 la maison. <\/span><\/p>\n","protected":false},"featured_media":20703,"comment_status":"closed","ping_status":"closed","template":"","meta":{"_acf_changed":false,"_eb_attr":"","inline_featured_image":false},"product_brand":[],"product_cat":[417],"product_tag":[],"class_list":{"0":"post-21290","1":"product","2":"type-product","3":"status-publish","4":"has-post-thumbnail","6":"product_cat-merchandise-fr","8":"first","9":"instock","10":"shipping-taxable","11":"purchasable","12":"product-type-simple"},"acf":[],"aioseo_notices":[],"_links":{"self":[{"href":"https:\/\/mokaefti.ch\/fr\/wp-json\/wp\/v2\/product\/21290","targetHints":{"allow":["GET"]}}],"collection":[{"href":"https:\/\/mokaefti.ch\/fr\/wp-json\/wp\/v2\/product"}],"about":[{"href":"https:\/\/mokaefti.ch\/fr\/wp-json\/wp\/v2\/types\/product"}],"replies":[{"embeddable":true,"href":"https:\/\/mokaefti.ch\/fr\/wp-json\/wp\/v2\/comments?post=21290"}],"version-history":[{"count":0,"href":"https:\/\/mokaefti.ch\/fr\/wp-json\/wp\/v2\/product\/21290\/revisions"}],"wp:featuredmedia":[{"embeddable":true,"href":"https:\/\/mokaefti.ch\/fr\/wp-json\/wp\/v2\/media\/20703"}],"wp:attachment":[{"href":"https:\/\/mokaefti.ch\/fr\/wp-json\/wp\/v2\/media?parent=21290"}],"wp:term":[{"taxonomy":"product_brand","embeddable":true,"href":"https:\/\/mokaefti.ch\/fr\/wp-json\/wp\/v2\/product_brand?post=21290"},{"taxonomy":"product_cat","embeddable":true,"href":"https:\/\/mokaefti.ch\/fr\/wp-json\/wp\/v2\/product_cat?post=21290"},{"taxonomy":"product_tag","embeddable":true,"href":"https:\/\/mokaefti.ch\/fr\/wp-json\/wp\/v2\/product_tag?post=21290"}],"curies":[{"name":"wp","href":"https:\/\/api.w.org\/{rel}","templated":true}]}}