{"id":21293,"date":"2022-09-09T10:47:13","date_gmt":"2022-09-09T08:47:13","guid":{"rendered":"https:\/\/mokaefti.ch\/negozio-online\/6-pots-a-lait-moka-efti\/"},"modified":"2025-11-24T13:57:18","modified_gmt":"2025-11-24T12:57:18","slug":"6-pots-a-lait-moka-efti","status":"publish","type":"product","link":"https:\/\/mokaefti.ch\/fr\/boutique\/6-pots-a-lait-moka-efti\/","title":{"rendered":"6 POTS \u00c0 LAIT MOKA EFTI"},"content":{"rendered":"","protected":false},"excerpt":{"rendered":"<p>Service de 6 pots \u00e0 lait pour caf\u00e9 macchiato froid + sous-tasses Moka Efti.<\/p>\n<p>&nbsp;<\/p>\n","protected":false},"featured_media":20707,"comment_status":"closed","ping_status":"closed","template":"","meta":{"_acf_changed":false,"_eb_attr":"","inline_featured_image":false},"product_brand":[],"product_cat":[417],"product_tag":[],"class_list":{"0":"post-21293","1":"product","2":"type-product","3":"status-publish","4":"has-post-thumbnail","6":"product_cat-merchandise-fr","8":"first","9":"instock","10":"shipping-taxable","11":"purchasable","12":"product-type-simple"},"acf":[],"aioseo_notices":[],"_links":{"self":[{"href":"https:\/\/mokaefti.ch\/fr\/wp-json\/wp\/v2\/product\/21293","targetHints":{"allow":["GET"]}}],"collection":[{"href":"https:\/\/mokaefti.ch\/fr\/wp-json\/wp\/v2\/product"}],"about":[{"href":"https:\/\/mokaefti.ch\/fr\/wp-json\/wp\/v2\/types\/product"}],"replies":[{"embeddable":true,"href":"https:\/\/mokaefti.ch\/fr\/wp-json\/wp\/v2\/comments?post=21293"}],"version-history":[{"count":0,"href":"https:\/\/mokaefti.ch\/fr\/wp-json\/wp\/v2\/product\/21293\/revisions"}],"wp:featuredmedia":[{"embeddable":true,"href":"https:\/\/mokaefti.ch\/fr\/wp-json\/wp\/v2\/media\/20707"}],"wp:attachment":[{"href":"https:\/\/mokaefti.ch\/fr\/wp-json\/wp\/v2\/media?parent=21293"}],"wp:term":[{"taxonomy":"product_brand","embeddable":true,"href":"https:\/\/mokaefti.ch\/fr\/wp-json\/wp\/v2\/product_brand?post=21293"},{"taxonomy":"product_cat","embeddable":true,"href":"https:\/\/mokaefti.ch\/fr\/wp-json\/wp\/v2\/product_cat?post=21293"},{"taxonomy":"product_tag","embeddable":true,"href":"https:\/\/mokaefti.ch\/fr\/wp-json\/wp\/v2\/product_tag?post=21293"}],"curies":[{"name":"wp","href":"https:\/\/api.w.org\/{rel}","templated":true}]}}