{"id":21296,"date":"2022-09-09T10:33:03","date_gmt":"2022-09-09T08:33:03","guid":{"rendered":"https:\/\/mokaefti.ch\/negozio-online\/6-tasses-a-cafe-avec-soucoupe-moka-efti\/"},"modified":"2025-11-24T13:54:17","modified_gmt":"2025-11-24T12:54:17","slug":"6-tasses-a-cafe-avec-soucoupe-moka-efti","status":"publish","type":"product","link":"https:\/\/mokaefti.ch\/fr\/boutique\/6-tasses-a-cafe-avec-soucoupe-moka-efti\/","title":{"rendered":"6 TASSES \u00c0 CAF\u00c9 + SOUS-TASSES MOKA EFTI"},"content":{"rendered":"","protected":false},"excerpt":{"rendered":"<p>Moka Efti <strong>HO.RE.CA<\/strong> Tasses \u00e0 Caf\u00e9 comprennent un service de 6 tasses \u00e0 caf\u00e9 en c\u00e9ramique + sous-tasses<\/p>\n","protected":false},"featured_media":20711,"comment_status":"closed","ping_status":"closed","template":"","meta":{"_acf_changed":false,"_eb_attr":"","inline_featured_image":false},"product_brand":[],"product_cat":[417],"product_tag":[],"class_list":{"0":"post-21296","1":"product","2":"type-product","3":"status-publish","4":"has-post-thumbnail","6":"product_cat-merchandise-fr","8":"first","9":"instock","10":"shipping-taxable","11":"purchasable","12":"product-type-simple"},"acf":[],"aioseo_notices":[],"_links":{"self":[{"href":"https:\/\/mokaefti.ch\/fr\/wp-json\/wp\/v2\/product\/21296","targetHints":{"allow":["GET"]}}],"collection":[{"href":"https:\/\/mokaefti.ch\/fr\/wp-json\/wp\/v2\/product"}],"about":[{"href":"https:\/\/mokaefti.ch\/fr\/wp-json\/wp\/v2\/types\/product"}],"replies":[{"embeddable":true,"href":"https:\/\/mokaefti.ch\/fr\/wp-json\/wp\/v2\/comments?post=21296"}],"version-history":[{"count":0,"href":"https:\/\/mokaefti.ch\/fr\/wp-json\/wp\/v2\/product\/21296\/revisions"}],"wp:featuredmedia":[{"embeddable":true,"href":"https:\/\/mokaefti.ch\/fr\/wp-json\/wp\/v2\/media\/20711"}],"wp:attachment":[{"href":"https:\/\/mokaefti.ch\/fr\/wp-json\/wp\/v2\/media?parent=21296"}],"wp:term":[{"taxonomy":"product_brand","embeddable":true,"href":"https:\/\/mokaefti.ch\/fr\/wp-json\/wp\/v2\/product_brand?post=21296"},{"taxonomy":"product_cat","embeddable":true,"href":"https:\/\/mokaefti.ch\/fr\/wp-json\/wp\/v2\/product_cat?post=21296"},{"taxonomy":"product_tag","embeddable":true,"href":"https:\/\/mokaefti.ch\/fr\/wp-json\/wp\/v2\/product_tag?post=21296"}],"curies":[{"name":"wp","href":"https:\/\/api.w.org\/{rel}","templated":true}]}}