{"id":21301,"date":"2022-09-09T10:11:26","date_gmt":"2022-09-09T08:11:26","guid":{"rendered":"https:\/\/mokaefti.ch\/negozio-online\/sachets-a-dose-individuelle-decaefti\/"},"modified":"2025-11-24T13:40:14","modified_gmt":"2025-11-24T12:40:14","slug":"sachets-a-dose-individuelle-decaefti","status":"publish","type":"product","link":"https:\/\/mokaefti.ch\/fr\/boutique\/sachets-a-dose-individuelle-decaefti\/","title":{"rendered":"SACHETS INDIVIDUELLES DE CAF\u00c9 D\u00c9CAF\u00c9IN\u00c9"},"content":{"rendered":"","protected":false},"excerpt":{"rendered":"<p>Le caf\u00e9 d\u00e9caf\u00e9in\u00e9 \u00e0 dose unique Decaefti est id\u00e9al pour ceux qui veulent un caf\u00e9 d\u00e9caf\u00e9in\u00e9 au go\u00fbt intense et \u00e0 l\u2019ar\u00f4me traditionnel. Red\u00e9couvrez le plaisir du caf\u00e9 \u00e0 tout moment gr\u00e2ce aux sachets individuels de Moka Efti.<\/p>\n<p><strong>CONDITIONNEMENT<\/strong> : contient 50 sachets individuels de 6,5 g<br \/>\n<strong>INGREDIENTS: <\/strong>M\u00e9lange de caf\u00e9 d\u00e9caf\u00e9in\u00e9, torref\u00e9, moulu. Contenu de caf\u00e9ine maximum 0,10%<\/p>\n<p><strong>Produit et imball\u00e9 \u00e0 l&rsquo;usine de:<br \/>\n<\/strong>Via Meucci 16\/22 200094 Corsico (MI) Italy<\/p>\n","protected":false},"featured_media":1591,"comment_status":"open","ping_status":"closed","template":"","meta":{"_acf_changed":false,"_eb_attr":"","inline_featured_image":false},"product_brand":[],"product_cat":[399],"product_tag":[437,413],"class_list":{"0":"post-21301","1":"product","2":"type-product","3":"status-publish","4":"has-post-thumbnail","6":"product_cat-autres-produits","7":"product_tag-deca","8":"product_tag-mouture-espresso","10":"first","11":"instock","12":"shipping-taxable","13":"purchasable","14":"product-type-simple"},"acf":[],"aioseo_notices":[],"_links":{"self":[{"href":"https:\/\/mokaefti.ch\/fr\/wp-json\/wp\/v2\/product\/21301","targetHints":{"allow":["GET"]}}],"collection":[{"href":"https:\/\/mokaefti.ch\/fr\/wp-json\/wp\/v2\/product"}],"about":[{"href":"https:\/\/mokaefti.ch\/fr\/wp-json\/wp\/v2\/types\/product"}],"replies":[{"embeddable":true,"href":"https:\/\/mokaefti.ch\/fr\/wp-json\/wp\/v2\/comments?post=21301"}],"version-history":[{"count":0,"href":"https:\/\/mokaefti.ch\/fr\/wp-json\/wp\/v2\/product\/21301\/revisions"}],"wp:featuredmedia":[{"embeddable":true,"href":"https:\/\/mokaefti.ch\/fr\/wp-json\/wp\/v2\/media\/1591"}],"wp:attachment":[{"href":"https:\/\/mokaefti.ch\/fr\/wp-json\/wp\/v2\/media?parent=21301"}],"wp:term":[{"taxonomy":"product_brand","embeddable":true,"href":"https:\/\/mokaefti.ch\/fr\/wp-json\/wp\/v2\/product_brand?post=21301"},{"taxonomy":"product_cat","embeddable":true,"href":"https:\/\/mokaefti.ch\/fr\/wp-json\/wp\/v2\/product_cat?post=21301"},{"taxonomy":"product_tag","embeddable":true,"href":"https:\/\/mokaefti.ch\/fr\/wp-json\/wp\/v2\/product_tag?post=21301"}],"curies":[{"name":"wp","href":"https:\/\/api.w.org\/{rel}","templated":true}]}}