{"id":21305,"date":"2022-09-09T10:10:12","date_gmt":"2022-09-09T08:10:12","guid":{"rendered":"https:\/\/mokaefti.ch\/negozio-online\/efti-ciok-en-bote\/"},"modified":"2025-11-24T13:42:40","modified_gmt":"2025-11-24T12:42:40","slug":"efti-ciok-en-bote","status":"publish","type":"product","link":"https:\/\/mokaefti.ch\/fr\/boutique\/efti-ciok-en-bote\/","title":{"rendered":"EFTI CIOK EN BO\u00ceTE"},"content":{"rendered":"","protected":false},"excerpt":{"rendered":"<p>Laisse-toi envelopper par le go\u00fbt intense et la consistance cr\u00e9meuse d&rsquo;Efti Ciok, le chocolat chaud \u00e9pais parfait pour r\u00e9chauffer tes journ\u00e9es. Bien plus qu&rsquo;une simple boisson, Efti Ciok est un moment de pur plaisir \u00e0 te permettre en toute occasion. Cette pr\u00e9paration en poudre de haute qualit\u00e9, fruit d&rsquo;une s\u00e9lection minutieuse d&rsquo;ingr\u00e9dients de choix, d\u00e9gage un ar\u00f4me unique qui conquiert les sens, id\u00e9al pour une pause gourmande \u00e0 tout moment de la journ\u00e9e.<\/p>\n<p><strong>EMBALLAGE<\/strong>: en bo\u00eete de 1,5 kg<br \/>\n<strong>INGR\u00c8DIENTS:<\/strong> sucre, cacao maigre, (cacao maigre, correcteur d\u2019acidit\u00e9, : carbonate de potassium), amidom de mais, sel, vanilline.<br \/>\nPeut contenir des traces de : lait et d\u00e9riv\u00e9s.<\/p>\n<p><strong>D\u00c9CLARATION NUTRITIONNELLE : <\/strong>Valeurs moyennes pour 100 g<br \/>\n\u00c9nergie 1554 KJ &#8211; 368 Kcal<br \/>\nMati\u00e8res grasses 2,9 g dont acides gras satur\u00e9s 1,8 g<br \/>\nGlucides 74,9 g dont sucres 53,0 g<br \/>\nFibres 8,9 g<br \/>\nProt\u00e9ines 6,0 g<br \/>\nsel 0,3 g<\/p>\n<p><strong>Produit et emball\u00e9 \u00e0 l&rsquo;usine de:<br \/>\n<\/strong>Montichiari (BS) Italy &#8211; Via Grazia Deledda 43<\/p>\n<p>&nbsp;<\/p>\n","protected":false},"featured_media":1588,"comment_status":"open","ping_status":"closed","template":"","meta":{"_acf_changed":false,"_eb_attr":"","inline_featured_image":false},"product_brand":[],"product_cat":[399],"product_tag":[],"class_list":{"0":"post-21305","1":"product","2":"type-product","3":"status-publish","4":"has-post-thumbnail","6":"product_cat-autres-produits","8":"first","9":"instock","10":"shipping-taxable","11":"purchasable","12":"product-type-simple"},"acf":[],"aioseo_notices":[],"_links":{"self":[{"href":"https:\/\/mokaefti.ch\/fr\/wp-json\/wp\/v2\/product\/21305","targetHints":{"allow":["GET"]}}],"collection":[{"href":"https:\/\/mokaefti.ch\/fr\/wp-json\/wp\/v2\/product"}],"about":[{"href":"https:\/\/mokaefti.ch\/fr\/wp-json\/wp\/v2\/types\/product"}],"replies":[{"embeddable":true,"href":"https:\/\/mokaefti.ch\/fr\/wp-json\/wp\/v2\/comments?post=21305"}],"version-history":[{"count":0,"href":"https:\/\/mokaefti.ch\/fr\/wp-json\/wp\/v2\/product\/21305\/revisions"}],"wp:featuredmedia":[{"embeddable":true,"href":"https:\/\/mokaefti.ch\/fr\/wp-json\/wp\/v2\/media\/1588"}],"wp:attachment":[{"href":"https:\/\/mokaefti.ch\/fr\/wp-json\/wp\/v2\/media?parent=21305"}],"wp:term":[{"taxonomy":"product_brand","embeddable":true,"href":"https:\/\/mokaefti.ch\/fr\/wp-json\/wp\/v2\/product_brand?post=21305"},{"taxonomy":"product_cat","embeddable":true,"href":"https:\/\/mokaefti.ch\/fr\/wp-json\/wp\/v2\/product_cat?post=21305"},{"taxonomy":"product_tag","embeddable":true,"href":"https:\/\/mokaefti.ch\/fr\/wp-json\/wp\/v2\/product_tag?post=21305"}],"curies":[{"name":"wp","href":"https:\/\/api.w.org\/{rel}","templated":true}]}}