{"id":21308,"date":"2022-09-09T10:08:27","date_gmt":"2022-09-09T08:08:27","guid":{"rendered":"https:\/\/mokaefti.ch\/negozio-online\/efti-ciok-en-sachets\/"},"modified":"2025-09-23T14:09:15","modified_gmt":"2025-09-23T12:09:15","slug":"efti-ciok-en-sachets","status":"publish","type":"product","link":"https:\/\/mokaefti.ch\/fr\/boutique\/efti-ciok-en-sachets\/","title":{"rendered":"EFTI CIOK EN SACHETS"},"content":{"rendered":"","protected":false},"excerpt":{"rendered":"<p><span class=\"selected\">Offre \u00e0 tes clients une pause de pur plaisir avec nos sachets de chocolat chaud. Cr\u00e9\u00e9s pour les bars, caf\u00e9s et \u00e9tablissements qui veulent garantir une boisson riche et cr\u00e9meuse, ces pratiques sachets individuels sont la solution id\u00e9ale pour un service rapide et de haute qualit\u00e9. Le r\u00e9sultat est un chocolat dense et enveloppant, parfait pour r\u00e9chauffer chaque moment de la journ\u00e9e et satisfaire m\u00eame les palais les plus gourmands.  <\/span><\/p>\n<p><span class=\"selected\">Du point de vue nutritionnel, 100 g de produit fournissent l&rsquo;\u00e9nergie id\u00e9ale pour une pause r\u00e9g\u00e9n\u00e9rante (1554 KJ \/ 368 Kcal), avec un go\u00fbt riche donn\u00e9 par 74,9 g de glucides, dont 53,0 g de sucres. La formule est \u00e9quilibr\u00e9e avec 2,9 g de mati\u00e8res grasses (dont 1,8 g satur\u00e9es), 6,0 g de prot\u00e9ines et un bon apport de 8,9 g de fibres, avec seulement 0,3 g de sel. <\/span><\/p>\n","protected":false},"featured_media":1585,"comment_status":"open","ping_status":"closed","template":"","meta":{"_acf_changed":false,"_eb_attr":"","inline_featured_image":false},"product_brand":[],"product_cat":[399],"product_tag":[],"class_list":{"0":"post-21308","1":"product","2":"type-product","3":"status-publish","4":"has-post-thumbnail","6":"product_cat-autres-produits","8":"first","9":"instock","10":"shipping-taxable","11":"purchasable","12":"product-type-simple"},"acf":[],"aioseo_notices":[],"_links":{"self":[{"href":"https:\/\/mokaefti.ch\/fr\/wp-json\/wp\/v2\/product\/21308","targetHints":{"allow":["GET"]}}],"collection":[{"href":"https:\/\/mokaefti.ch\/fr\/wp-json\/wp\/v2\/product"}],"about":[{"href":"https:\/\/mokaefti.ch\/fr\/wp-json\/wp\/v2\/types\/product"}],"replies":[{"embeddable":true,"href":"https:\/\/mokaefti.ch\/fr\/wp-json\/wp\/v2\/comments?post=21308"}],"version-history":[{"count":0,"href":"https:\/\/mokaefti.ch\/fr\/wp-json\/wp\/v2\/product\/21308\/revisions"}],"wp:featuredmedia":[{"embeddable":true,"href":"https:\/\/mokaefti.ch\/fr\/wp-json\/wp\/v2\/media\/1585"}],"wp:attachment":[{"href":"https:\/\/mokaefti.ch\/fr\/wp-json\/wp\/v2\/media?parent=21308"}],"wp:term":[{"taxonomy":"product_brand","embeddable":true,"href":"https:\/\/mokaefti.ch\/fr\/wp-json\/wp\/v2\/product_brand?post=21308"},{"taxonomy":"product_cat","embeddable":true,"href":"https:\/\/mokaefti.ch\/fr\/wp-json\/wp\/v2\/product_cat?post=21308"},{"taxonomy":"product_tag","embeddable":true,"href":"https:\/\/mokaefti.ch\/fr\/wp-json\/wp\/v2\/product_tag?post=21308"}],"curies":[{"name":"wp","href":"https:\/\/api.w.org\/{rel}","templated":true}]}}