{"id":21311,"date":"2022-09-09T09:59:53","date_gmt":"2022-09-09T07:59:53","guid":{"rendered":"https:\/\/mokaefti.ch\/negozio-online\/dosettes-de-cafe-bar-verde\/"},"modified":"2025-11-24T13:33:01","modified_gmt":"2025-11-24T12:33:01","slug":"dosettes-de-cafe-bar-verde","status":"publish","type":"product","link":"https:\/\/mokaefti.ch\/fr\/boutique\/dosettes-de-cafe-bar-verde\/","title":{"rendered":"DOSETTES BAR VERDE"},"content":{"rendered":"","protected":false},"excerpt":{"rendered":"<p>Les dosettes ESE Bar Verde de Moka Efti repr\u00e9sentent le choix conscient pour ceux qui d\u00e9sirent un caf\u00e9 excellent, produit dans le plein respect de l&rsquo;environnement. R\u00e9alis\u00e9es avec une s\u00e9lection raffin\u00e9e de caf\u00e9 Arabica et Robusta issus de l&rsquo;agriculture durable, ces dosettes renferment une saveur unique, sublim\u00e9e par une torr\u00e9faction lente qui en pr\u00e9serve l&rsquo;intensit\u00e9 et les notes harmoniques. Chaque dosette est emball\u00e9e individuellement pour garantir une fra\u00eecheur et un ar\u00f4me maximaux, refl\u00e9tant l&rsquo;engagement de Moka Efti pour une fili\u00e8re de production responsable et un avenir plus vert. Compatibles avec les machines \u00e0 dosettes les plus r\u00e9pandues, elles sont parfaites pour savourer en quelques instants un expresso de haute qualit\u00e9 qui unit saveur et responsabilit\u00e9.<\/p>\n<p><strong>COMPOSITION<\/strong>: 60% arabica, 40% robusta<br \/>\n<strong>DESCRIPTION:<\/strong> 1 dosette de 7,5 gr. de caf\u00e9<br \/>\n<strong>EMBALLAGE<\/strong>: 100 dosettes<br \/>\n<strong>DIAM\u00c8TRE<\/strong>: 44mm<br \/>\n<strong>DATE D\u2019EXPIRATION<\/strong>: 2 ans \u00e0 compter de la date de production<\/p>\n","protected":false},"featured_media":4248,"comment_status":"closed","ping_status":"closed","template":"","meta":{"_acf_changed":false,"_eb_attr":"","inline_featured_image":false},"product_brand":[],"product_cat":[395,411],"product_tag":[413],"class_list":{"0":"post-21311","1":"product","2":"type-product","3":"status-publish","4":"has-post-thumbnail","6":"product_cat-dosettes","7":"product_cat-melange","8":"product_tag-mouture-espresso","10":"first","11":"instock","12":"shipping-taxable","13":"purchasable","14":"product-type-simple"},"acf":[],"aioseo_notices":[],"_links":{"self":[{"href":"https:\/\/mokaefti.ch\/fr\/wp-json\/wp\/v2\/product\/21311","targetHints":{"allow":["GET"]}}],"collection":[{"href":"https:\/\/mokaefti.ch\/fr\/wp-json\/wp\/v2\/product"}],"about":[{"href":"https:\/\/mokaefti.ch\/fr\/wp-json\/wp\/v2\/types\/product"}],"replies":[{"embeddable":true,"href":"https:\/\/mokaefti.ch\/fr\/wp-json\/wp\/v2\/comments?post=21311"}],"version-history":[{"count":0,"href":"https:\/\/mokaefti.ch\/fr\/wp-json\/wp\/v2\/product\/21311\/revisions"}],"wp:featuredmedia":[{"embeddable":true,"href":"https:\/\/mokaefti.ch\/fr\/wp-json\/wp\/v2\/media\/4248"}],"wp:attachment":[{"href":"https:\/\/mokaefti.ch\/fr\/wp-json\/wp\/v2\/media?parent=21311"}],"wp:term":[{"taxonomy":"product_brand","embeddable":true,"href":"https:\/\/mokaefti.ch\/fr\/wp-json\/wp\/v2\/product_brand?post=21311"},{"taxonomy":"product_cat","embeddable":true,"href":"https:\/\/mokaefti.ch\/fr\/wp-json\/wp\/v2\/product_cat?post=21311"},{"taxonomy":"product_tag","embeddable":true,"href":"https:\/\/mokaefti.ch\/fr\/wp-json\/wp\/v2\/product_tag?post=21311"}],"curies":[{"name":"wp","href":"https:\/\/api.w.org\/{rel}","templated":true}]}}