{"id":21314,"date":"2022-09-09T09:58:42","date_gmt":"2022-09-09T07:58:42","guid":{"rendered":"https:\/\/mokaefti.ch\/negozio-online\/decaefti-dosettes-de-cafe-decafeine\/"},"modified":"2025-11-24T13:32:29","modified_gmt":"2025-11-24T12:32:29","slug":"decaefti-dosettes-de-cafe-decafeine","status":"publish","type":"product","link":"https:\/\/mokaefti.ch\/fr\/boutique\/decaefti-dosettes-de-cafe-decafeine\/","title":{"rendered":"DOSETTES D\u00c9CAF\u00c9IN\u00c9"},"content":{"rendered":"","protected":false},"excerpt":{"rendered":"<p><span class=\"selected\">Le plaisir du caf\u00e9 d\u00e9caf\u00e9in\u00e9 : d\u00e9couvre Decaefti en dosettes individuelles 100 % Arabica. Decaefti en dosettes est plus qu&rsquo;un simple caf\u00e9 d\u00e9caf\u00e9in\u00e9 ; c&rsquo;est une exp\u00e9rience qui unit go\u00fbt et bien-\u00eatre en parfaite harmonie, pens\u00e9e pour ceux qui souhaitent s&rsquo;accorder une pause caf\u00e9 \u00e0 tout moment de la journ\u00e9e, sans les effets de la caf\u00e9ine. Ce produit de haute qualit\u00e9 incarne l&rsquo;excellence artisanale de Moka Efti, se positionnant comme l&rsquo;un des meilleurs caf\u00e9s d\u00e9caf\u00e9in\u00e9s en Suisse. <\/span><\/p>\n<p><span class=\"selected\">Decaefti na\u00eet d&rsquo;une s\u00e9lection raffin\u00e9e de caf\u00e9 100 % Arabica, choisie pour cr\u00e9er un \u00e9quilibre id\u00e9al entre d\u00e9licatesse et intensit\u00e9. Le processus de d\u00e9caf\u00e9ination naturel pr\u00e9serve intact le go\u00fbt authentique du caf\u00e9, offrant un ar\u00f4me plein et riche qui satisfait m\u00eame les palais les plus exigeants. <\/span><\/p>\n<p><span class=\"selected\">Avec Decaefti, tu peux savourer tout le bon du caf\u00e9 sans renoncer \u00e0 la l\u00e9g\u00e8ret\u00e9, id\u00e9al pour ceux qui aiment un excellent espresso m\u00eame le soir ou pour ceux qui pr\u00e9f\u00e8rent limiter leur consommation de caf\u00e9ine.<\/span><\/p>\n<p><span class=\"selected\">Derri\u00e8re chaque emballage se cache la grande tradition de Moka Efti, qui depuis des d\u00e9cennies se consacre avec passion \u00e0 la cr\u00e9ation de caf\u00e9s de qualit\u00e9 sup\u00e9rieure. La torr\u00e9faction lente et uniforme exalte les notes aromatiques des grains, garantissant un r\u00e9sultat impeccable dans chaque tasse. <\/span><\/p>\n<p><span class=\"selected\">Moka Efti s&rsquo;engage \u00e0 r\u00e9aliser des produits qui respectent l&rsquo;environnement et les travailleurs de la fili\u00e8re. Decaefti est le fruit de cette d\u00e9votion, qui unit innovation et durabilit\u00e9 pour offrir un caf\u00e9 exceptionnel et responsable. <\/span><\/p>\n<p><strong style=\"font-family: inherit; font-size: inherit; font-style: inherit; font-variant-ligatures: inherit; font-variant-caps: inherit;\"><strong>DESCRIPTION<\/strong>:<\/strong><span style=\"font-family: inherit; font-size: inherit; font-style: inherit; font-variant-ligatures: inherit; font-variant-caps: inherit; font-weight: inherit;\">1 dosette de 7,5 gr. de caf\u00e9<br \/>\n<\/span><strong>EMBALLAGE<\/strong>: 100 dosettes<br \/>\n<strong>DIAM\u00c8TRE<\/strong>: 44mm<br \/>\n<strong>DATE D\u2019EXPIRATION<\/strong>: 2 ans \u00e0 compter de la date de production<\/p>\n","protected":false},"featured_media":4243,"comment_status":"closed","ping_status":"closed","template":"","meta":{"_acf_changed":false,"_eb_attr":"","inline_featured_image":false},"product_brand":[],"product_cat":[395,411],"product_tag":[437,413,414],"class_list":{"0":"post-21314","1":"product","2":"type-product","3":"status-publish","4":"has-post-thumbnail","6":"product_cat-dosettes","7":"product_cat-melange","8":"product_tag-deca","9":"product_tag-mouture-espresso","10":"product_tag-mouture-ristretto","12":"first","13":"instock","14":"shipping-taxable","15":"purchasable","16":"product-type-simple"},"acf":[],"aioseo_notices":[],"_links":{"self":[{"href":"https:\/\/mokaefti.ch\/fr\/wp-json\/wp\/v2\/product\/21314","targetHints":{"allow":["GET"]}}],"collection":[{"href":"https:\/\/mokaefti.ch\/fr\/wp-json\/wp\/v2\/product"}],"about":[{"href":"https:\/\/mokaefti.ch\/fr\/wp-json\/wp\/v2\/types\/product"}],"replies":[{"embeddable":true,"href":"https:\/\/mokaefti.ch\/fr\/wp-json\/wp\/v2\/comments?post=21314"}],"version-history":[{"count":0,"href":"https:\/\/mokaefti.ch\/fr\/wp-json\/wp\/v2\/product\/21314\/revisions"}],"wp:featuredmedia":[{"embeddable":true,"href":"https:\/\/mokaefti.ch\/fr\/wp-json\/wp\/v2\/media\/4243"}],"wp:attachment":[{"href":"https:\/\/mokaefti.ch\/fr\/wp-json\/wp\/v2\/media?parent=21314"}],"wp:term":[{"taxonomy":"product_brand","embeddable":true,"href":"https:\/\/mokaefti.ch\/fr\/wp-json\/wp\/v2\/product_brand?post=21314"},{"taxonomy":"product_cat","embeddable":true,"href":"https:\/\/mokaefti.ch\/fr\/wp-json\/wp\/v2\/product_cat?post=21314"},{"taxonomy":"product_tag","embeddable":true,"href":"https:\/\/mokaefti.ch\/fr\/wp-json\/wp\/v2\/product_tag?post=21314"}],"curies":[{"name":"wp","href":"https:\/\/api.w.org\/{rel}","templated":true}]}}