{"id":21317,"date":"2022-09-09T09:57:19","date_gmt":"2022-09-09T07:57:19","guid":{"rendered":"https:\/\/mokaefti.ch\/negozio-online\/dosettes-de-cafe-extra-bar\/"},"modified":"2025-11-24T13:33:38","modified_gmt":"2025-11-24T12:33:38","slug":"dosettes-de-cafe-extra-bar","status":"publish","type":"product","link":"https:\/\/mokaefti.ch\/fr\/boutique\/dosettes-de-cafe-extra-bar\/","title":{"rendered":"DOSETTES EXTRA BAR"},"content":{"rendered":"","protected":false},"excerpt":{"rendered":"<p><span class=\"selected\">Les dosettes de caf\u00e9 Extra Bar de Moka Efti sont le choix id\u00e9al pour ceux qui d\u00e9sirent un caf\u00e9 de qualit\u00e9 sup\u00e9rieure, alli\u00e9 \u00e0 la commodit\u00e9 d&rsquo;une pr\u00e9paration pratique et rapide. Parfaites pour une pause \u00e9nergisante ou un moment de pur d\u00e9tente, ces dosettes renferment l&rsquo;authentique tradition artisanale italienne, combin\u00e9e avec l&rsquo;efficacit\u00e9 moderne qui caract\u00e9rise le march\u00e9 suisse. <\/span><\/p>\n<p><span class=\"selected\">Chaque dosette contient un pr\u00e9cieux m\u00e9lange de caf\u00e9 Arabica et Robusta, soigneusement s\u00e9lectionn\u00e9s et soumis \u00e0 une torr\u00e9faction lente pour exalter leur ar\u00f4me et leur profil gustatif. Le r\u00e9sultat est un expresso au go\u00fbt intense et \u00e9quilibr\u00e9, capable de conqu\u00e9rir aussi bien les amateurs de caf\u00e9 fort que ceux qui pr\u00e9f\u00e8rent des saveurs plus d\u00e9licates. <\/span><\/p>\n<p><span class=\"selected\">Les dosettes sont emball\u00e9es individuellement pour pr\u00e9server au mieux la fra\u00eecheur et l&rsquo;int\u00e9grit\u00e9 de l&rsquo;ar\u00f4me. Compatibles avec la plupart des machines \u00e0 caf\u00e9 \u00e0 dosettes, elles offrent un moyen simple et rapide de pr\u00e9parer une tasse de caf\u00e9 parfaite, sans jamais compromettre le go\u00fbt authentique. <\/span><\/p>\n<p><span class=\"selected\">Moka Efti accorde une attention particuli\u00e8re \u00e0 la durabilit\u00e9, en r\u00e9alisant les dosettes avec des mat\u00e9riaux \u00e9cologiques et recyclables. Cet engagement se refl\u00e8te dans le soin pour l&rsquo;environnement et le respect pour les personnes qui travaillent tout au long de la cha\u00eene de production. <\/span><\/p>\n<p><span class=\"selected\">Que ce soit pour commencer la journ\u00e9e, pour une pause d\u00e9jeuner r\u00e9g\u00e9n\u00e9rante ou pour un moment convivial avec les amis, les dosettes Extra Bar sont la solution parfaite pour chaque occasion, garantissant toujours un plaisir imm\u00e9diat et un caf\u00e9 impeccable.<\/span><\/p>\n<p><strong>COMPOSITION<\/strong>: 80% arabica, 20% robusta.<br \/>\n<strong>DESCRIPTION:<\/strong> 1 dosette de 7,5 gr. de caf\u00e9<br \/>\n<strong>EMBALLAGE<\/strong>: 100 dosettes<br \/>\n<strong>DIAM\u00c8TRE<\/strong>: 44mm<br \/>\n<strong>DATE D\u2019EXPIRATION<\/strong>: 2 ans \u00e0 compter de la date de production<\/p>\n","protected":false},"featured_media":4252,"comment_status":"closed","ping_status":"closed","template":"","meta":{"_acf_changed":false,"_eb_attr":"","inline_featured_image":false},"product_brand":[],"product_cat":[395,411],"product_tag":[413,414],"class_list":{"0":"post-21317","1":"product","2":"type-product","3":"status-publish","4":"has-post-thumbnail","6":"product_cat-dosettes","7":"product_cat-melange","8":"product_tag-mouture-espresso","9":"product_tag-mouture-ristretto","11":"first","12":"instock","13":"shipping-taxable","14":"purchasable","15":"product-type-simple"},"acf":[],"aioseo_notices":[],"_links":{"self":[{"href":"https:\/\/mokaefti.ch\/fr\/wp-json\/wp\/v2\/product\/21317","targetHints":{"allow":["GET"]}}],"collection":[{"href":"https:\/\/mokaefti.ch\/fr\/wp-json\/wp\/v2\/product"}],"about":[{"href":"https:\/\/mokaefti.ch\/fr\/wp-json\/wp\/v2\/types\/product"}],"replies":[{"embeddable":true,"href":"https:\/\/mokaefti.ch\/fr\/wp-json\/wp\/v2\/comments?post=21317"}],"version-history":[{"count":0,"href":"https:\/\/mokaefti.ch\/fr\/wp-json\/wp\/v2\/product\/21317\/revisions"}],"wp:featuredmedia":[{"embeddable":true,"href":"https:\/\/mokaefti.ch\/fr\/wp-json\/wp\/v2\/media\/4252"}],"wp:attachment":[{"href":"https:\/\/mokaefti.ch\/fr\/wp-json\/wp\/v2\/media?parent=21317"}],"wp:term":[{"taxonomy":"product_brand","embeddable":true,"href":"https:\/\/mokaefti.ch\/fr\/wp-json\/wp\/v2\/product_brand?post=21317"},{"taxonomy":"product_cat","embeddable":true,"href":"https:\/\/mokaefti.ch\/fr\/wp-json\/wp\/v2\/product_cat?post=21317"},{"taxonomy":"product_tag","embeddable":true,"href":"https:\/\/mokaefti.ch\/fr\/wp-json\/wp\/v2\/product_tag?post=21317"}],"curies":[{"name":"wp","href":"https:\/\/api.w.org\/{rel}","templated":true}]}}