{"id":21323,"date":"2022-09-08T13:12:46","date_gmt":"2022-09-08T11:12:46","guid":{"rendered":"https:\/\/mokaefti.ch\/negozio-online\/cafe-filtre-250-gr\/"},"modified":"2025-11-24T08:44:52","modified_gmt":"2025-11-24T07:44:52","slug":"cafe-filtre-250-gr","status":"publish","type":"product","link":"https:\/\/mokaefti.ch\/fr\/boutique\/cafe-filtre-250-gr\/","title":{"rendered":"CAF\u00c9 FILTRE MOULU 250 GR."},"content":{"rendered":"","protected":false},"excerpt":{"rendered":"<p>D\u00e9couvre notre caf\u00e9 sp\u00e9cialement \u00e9tudi\u00e9 pour l&rsquo;extraction \u00e0 filtre, une m\u00e9thode de pr\u00e9paration qui exalte de mani\u00e8re unique les ar\u00f4mes et les parfums naturels de chaque grain. Durant cette extraction d\u00e9licate, l&rsquo;eau chaude traverse lentement le caf\u00e9 moulu, dissolvant les substances les plus pr\u00e9cieuses. Le r\u00e9sultat est une boisson exceptionnellement aromatique et riche en nuances. Avec notre caf\u00e9 filtre, tu pourras red\u00e9couvrir les diff\u00e9rents profils de go\u00fbt qui restent souvent cach\u00e9s dans l&rsquo;espresso traditionnel : une exp\u00e9rience authentique pour les vrais amateurs de caf\u00e9.<\/p>\n<p><strong>PARAM\u00c8TRES DU CAF\u00c9 FILTRE :<br \/>\nMOULAGE<\/strong>: moyenne<br \/>\n<strong>QUANTIT\u00c9 CAF\u00c9:<\/strong> 7,5-8gr.<br \/>\n<strong>TEMP\u00c9RATURE DE L\u2019EAU:<\/strong> 92-96\u00b0C<br \/>\n<strong>VOLUME DE L\u2019EAU:<\/strong> 125ml<br \/>\n<strong>TEMPS DE CONTACT (eau\/caf\u00e9):<\/strong> 4-6 minutes<\/p>\n","protected":false},"featured_media":20643,"comment_status":"closed","ping_status":"closed","template":"","meta":{"_acf_changed":false,"_eb_attr":"","inline_featured_image":false},"product_brand":[],"product_cat":[411,420],"product_tag":[385,421],"class_list":{"0":"post-21323","1":"product","2":"type-product","3":"status-publish","4":"has-post-thumbnail","6":"product_cat-melange","7":"product_cat-moulus","8":"product_tag-mouture-filtre","9":"product_tag-mouture-moka","11":"first","12":"instock","13":"shipping-taxable","14":"purchasable","15":"product-type-simple"},"acf":[],"aioseo_notices":[],"_links":{"self":[{"href":"https:\/\/mokaefti.ch\/fr\/wp-json\/wp\/v2\/product\/21323","targetHints":{"allow":["GET"]}}],"collection":[{"href":"https:\/\/mokaefti.ch\/fr\/wp-json\/wp\/v2\/product"}],"about":[{"href":"https:\/\/mokaefti.ch\/fr\/wp-json\/wp\/v2\/types\/product"}],"replies":[{"embeddable":true,"href":"https:\/\/mokaefti.ch\/fr\/wp-json\/wp\/v2\/comments?post=21323"}],"version-history":[{"count":0,"href":"https:\/\/mokaefti.ch\/fr\/wp-json\/wp\/v2\/product\/21323\/revisions"}],"wp:featuredmedia":[{"embeddable":true,"href":"https:\/\/mokaefti.ch\/fr\/wp-json\/wp\/v2\/media\/20643"}],"wp:attachment":[{"href":"https:\/\/mokaefti.ch\/fr\/wp-json\/wp\/v2\/media?parent=21323"}],"wp:term":[{"taxonomy":"product_brand","embeddable":true,"href":"https:\/\/mokaefti.ch\/fr\/wp-json\/wp\/v2\/product_brand?post=21323"},{"taxonomy":"product_cat","embeddable":true,"href":"https:\/\/mokaefti.ch\/fr\/wp-json\/wp\/v2\/product_cat?post=21323"},{"taxonomy":"product_tag","embeddable":true,"href":"https:\/\/mokaefti.ch\/fr\/wp-json\/wp\/v2\/product_tag?post=21323"}],"curies":[{"name":"wp","href":"https:\/\/api.w.org\/{rel}","templated":true}]}}