{"id":21329,"date":"2022-09-08T13:09:18","date_gmt":"2022-09-08T11:09:18","guid":{"rendered":"https:\/\/mokaefti.ch\/negozio-online\/cafe-filtre-1-000-gr\/"},"modified":"2025-11-24T08:42:37","modified_gmt":"2025-11-24T07:42:37","slug":"cafe-filtre-1-000-gr","status":"publish","type":"product","link":"https:\/\/mokaefti.ch\/fr\/boutique\/cafe-filtre-1-000-gr\/","title":{"rendered":"CAF\u00c9 FILTRE MOULU 1000 GR."},"content":{"rendered":"","protected":false},"excerpt":{"rendered":"<p>Le caf\u00e9 filtre a le principe de laisser couler lentement l\u2019eau chaude \u00e0 travers une couche de caf\u00e9 moulu, situ\u00e9e dans un filtre de papier. En percolant, l&rsquo;eau dissout les substances hydrosolubles contenues dans la poudre de caf\u00e9, les transf\u00e9rant dans la boisson.<br \/>\nLa red\u00e9couverte de formes d&rsquo;extraction diff\u00e9rentes, comme le caf\u00e9 filtre, fait d\u00e9couvrir au consommateur des ar\u00f4mes, des parfums et des caract\u00e9ristiques du caf\u00e9 jusqu&rsquo;alors inconnus ou perceptibles de mani\u00e8re diff\u00e9rente par rapport \u00e0 l&rsquo;espresso.<\/p>\n<p><strong>PARAM\u00c8TRES DU CAF\u00c9 FILTRE :<br \/>\nMOULAGE<\/strong>: moyenne<br \/>\n<strong>QUANTIT\u00c9 CAF\u00c9:<\/strong> 7,5-8gr.<br \/>\n<strong>TEMP\u00c9RATURE DE L\u2019EAU:<\/strong> 92-96\u00b0C<br \/>\n<strong>VOLUME DE L\u2019EAU:<\/strong> 125ml<br \/>\n<strong>TEMPS DE CONTACT (eau\/caf\u00e9):<\/strong> 4-6 minutes<\/p>\n","protected":false},"featured_media":20651,"comment_status":"closed","ping_status":"closed","template":"","meta":{"_acf_changed":false,"_eb_attr":"","inline_featured_image":false},"product_brand":[],"product_cat":[411,420],"product_tag":[385,421],"class_list":{"0":"post-21329","1":"product","2":"type-product","3":"status-publish","4":"has-post-thumbnail","6":"product_cat-melange","7":"product_cat-moulus","8":"product_tag-mouture-filtre","9":"product_tag-mouture-moka","11":"first","12":"instock","13":"shipping-taxable","14":"purchasable","15":"product-type-simple"},"acf":[],"aioseo_notices":[],"_links":{"self":[{"href":"https:\/\/mokaefti.ch\/fr\/wp-json\/wp\/v2\/product\/21329","targetHints":{"allow":["GET"]}}],"collection":[{"href":"https:\/\/mokaefti.ch\/fr\/wp-json\/wp\/v2\/product"}],"about":[{"href":"https:\/\/mokaefti.ch\/fr\/wp-json\/wp\/v2\/types\/product"}],"replies":[{"embeddable":true,"href":"https:\/\/mokaefti.ch\/fr\/wp-json\/wp\/v2\/comments?post=21329"}],"version-history":[{"count":0,"href":"https:\/\/mokaefti.ch\/fr\/wp-json\/wp\/v2\/product\/21329\/revisions"}],"wp:featuredmedia":[{"embeddable":true,"href":"https:\/\/mokaefti.ch\/fr\/wp-json\/wp\/v2\/media\/20651"}],"wp:attachment":[{"href":"https:\/\/mokaefti.ch\/fr\/wp-json\/wp\/v2\/media?parent=21329"}],"wp:term":[{"taxonomy":"product_brand","embeddable":true,"href":"https:\/\/mokaefti.ch\/fr\/wp-json\/wp\/v2\/product_brand?post=21329"},{"taxonomy":"product_cat","embeddable":true,"href":"https:\/\/mokaefti.ch\/fr\/wp-json\/wp\/v2\/product_cat?post=21329"},{"taxonomy":"product_tag","embeddable":true,"href":"https:\/\/mokaefti.ch\/fr\/wp-json\/wp\/v2\/product_tag?post=21329"}],"curies":[{"name":"wp","href":"https:\/\/api.w.org\/{rel}","templated":true}]}}