{"id":21333,"date":"2022-09-08T13:06:54","date_gmt":"2022-09-08T11:06:54","guid":{"rendered":"https:\/\/mokaefti.ch\/negozio-online\/speciality-coffee-en-grains-500-gr\/"},"modified":"2025-09-23T14:09:04","modified_gmt":"2025-09-23T12:09:04","slug":"speciality-coffee-en-grains-500-gr","status":"publish","type":"product","link":"https:\/\/mokaefti.ch\/fr\/boutique\/speciality-coffee-en-grains-500-gr\/","title":{"rendered":"SPECIALITY COFFEE EN GRAINS 500 GR."},"content":{"rendered":"","protected":false},"excerpt":{"rendered":"<p><span class=\"selected\">Le Caf\u00e9 de Sp\u00e9cialit\u00e9 Moka Efti offre un go\u00fbt d\u00e9licat et raffin\u00e9, parfait pour chaque moment de la journ\u00e9e. Son m\u00e9lange est le r\u00e9sultat d&rsquo;une s\u00e9lection minutieuse des meilleurs caf\u00e9s du monde et garantit une exp\u00e9rience sensorielle unique. <\/span><\/p>\n<p><span class=\"selected\">Ce caf\u00e9 en grains est conditionn\u00e9 dans des sachets avec valve d&rsquo;ar\u00f4me, qui pr\u00e9serve sa fra\u00eecheur et son intensit\u00e9, assurant un plaisir prolong\u00e9. La composition \u00e9quilibr\u00e9e, avec 80 % d&rsquo;Arabica et 20 % de Robusta, assure l&rsquo;\u00e9quilibre parfait entre douceur, acidit\u00e9 et corps. <\/span><\/p>\n<p><span class=\"selected\">Gr\u00e2ce \u00e0 cette combinaison exclusive, le Caf\u00e9 de Sp\u00e9cialit\u00e9 Moka Efti est le choix id\u00e9al pour ceux qui souhaitent d\u00e9guster un caf\u00e9 de tr\u00e8s haute qualit\u00e9, parfait pour chaque occasion.<\/span><\/p>\n<p><strong>COMPOSITION<\/strong> :<br \/>\nBrazil Santos arabica Sul de Minas Ny2 fine cup<br \/>\nWashed arabica Ethiopia<br \/>\nWashed Colombia coffee Excelso arabica<br \/>\nWashed Indian robusta Kaapi Royale<\/p>\n","protected":false},"featured_media":20197,"comment_status":"closed","ping_status":"closed","template":"","meta":{"_acf_changed":false,"_eb_attr":"","inline_featured_image":false},"product_brand":[],"product_cat":[381,380,434],"product_tag":[413],"class_list":{"0":"post-21333","1":"product","2":"type-product","3":"status-publish","4":"has-post-thumbnail","6":"product_cat-grains","7":"product_cat-selection-moka-efti-fr","8":"product_cat-speciality-fr","9":"product_tag-mouture-espresso","11":"first","12":"instock","13":"shipping-taxable","14":"purchasable","15":"product-type-simple"},"acf":[],"aioseo_notices":[],"_links":{"self":[{"href":"https:\/\/mokaefti.ch\/fr\/wp-json\/wp\/v2\/product\/21333","targetHints":{"allow":["GET"]}}],"collection":[{"href":"https:\/\/mokaefti.ch\/fr\/wp-json\/wp\/v2\/product"}],"about":[{"href":"https:\/\/mokaefti.ch\/fr\/wp-json\/wp\/v2\/types\/product"}],"replies":[{"embeddable":true,"href":"https:\/\/mokaefti.ch\/fr\/wp-json\/wp\/v2\/comments?post=21333"}],"version-history":[{"count":0,"href":"https:\/\/mokaefti.ch\/fr\/wp-json\/wp\/v2\/product\/21333\/revisions"}],"wp:featuredmedia":[{"embeddable":true,"href":"https:\/\/mokaefti.ch\/fr\/wp-json\/wp\/v2\/media\/20197"}],"wp:attachment":[{"href":"https:\/\/mokaefti.ch\/fr\/wp-json\/wp\/v2\/media?parent=21333"}],"wp:term":[{"taxonomy":"product_brand","embeddable":true,"href":"https:\/\/mokaefti.ch\/fr\/wp-json\/wp\/v2\/product_brand?post=21333"},{"taxonomy":"product_cat","embeddable":true,"href":"https:\/\/mokaefti.ch\/fr\/wp-json\/wp\/v2\/product_cat?post=21333"},{"taxonomy":"product_tag","embeddable":true,"href":"https:\/\/mokaefti.ch\/fr\/wp-json\/wp\/v2\/product_tag?post=21333"}],"curies":[{"name":"wp","href":"https:\/\/api.w.org\/{rel}","templated":true}]}}