{"id":21336,"date":"2022-09-08T13:04:58","date_gmt":"2022-09-08T11:04:58","guid":{"rendered":"https:\/\/mokaefti.ch\/negozio-online\/speciality-coffee-robusta-100-en-grains-500-gr\/"},"modified":"2025-09-23T14:09:01","modified_gmt":"2025-09-23T12:09:01","slug":"speciality-coffee-robusta-100-en-grains-500-gr","status":"publish","type":"product","link":"https:\/\/mokaefti.ch\/fr\/boutique\/speciality-coffee-robusta-100-en-grains-500-gr\/","title":{"rendered":"SPECIALITY COFFEE ROBUSTA 100% EN GRAINS 500 GR."},"content":{"rendered":"","protected":false},"excerpt":{"rendered":"<h6>500 gr.<\/h6>\n<p>Le caf\u00e9 Speciality Coffe Moka Efti a un go\u00fbt d\u00e9licat qui le rend appropri\u00e9 \u00e0 tout moment de la journ\u00e9e. M\u00e9lange pr\u00e9cis issu de la s\u00e9lection des meilleurs caf\u00e9s du monde.<br \/>\nLe caf\u00e9 Speciality Coffee Moka Efti en grains est conditionn\u00e9 dans des sachets sp\u00e9ciaux avec valve de pr\u00e9servation des ar\u00f4mes, pour un plaisir prolong\u00e9 dans le temps.<\/p>\n<p><strong>COMPOSITION<\/strong> :<br \/>\nRobusta indien lav\u00e9 Kaapi Royale<\/p>\n","protected":false},"featured_media":20201,"comment_status":"closed","ping_status":"closed","template":"","meta":{"_acf_changed":false,"_eb_attr":"","inline_featured_image":false},"product_brand":[],"product_cat":[381,380,434],"product_tag":[413,414],"class_list":{"0":"post-21336","1":"product","2":"type-product","3":"status-publish","4":"has-post-thumbnail","6":"product_cat-grains","7":"product_cat-selection-moka-efti-fr","8":"product_cat-speciality-fr","9":"product_tag-mouture-espresso","10":"product_tag-mouture-ristretto","12":"first","13":"instock","14":"shipping-taxable","15":"purchasable","16":"product-type-simple"},"acf":[],"aioseo_notices":[],"_links":{"self":[{"href":"https:\/\/mokaefti.ch\/fr\/wp-json\/wp\/v2\/product\/21336","targetHints":{"allow":["GET"]}}],"collection":[{"href":"https:\/\/mokaefti.ch\/fr\/wp-json\/wp\/v2\/product"}],"about":[{"href":"https:\/\/mokaefti.ch\/fr\/wp-json\/wp\/v2\/types\/product"}],"replies":[{"embeddable":true,"href":"https:\/\/mokaefti.ch\/fr\/wp-json\/wp\/v2\/comments?post=21336"}],"version-history":[{"count":0,"href":"https:\/\/mokaefti.ch\/fr\/wp-json\/wp\/v2\/product\/21336\/revisions"}],"wp:featuredmedia":[{"embeddable":true,"href":"https:\/\/mokaefti.ch\/fr\/wp-json\/wp\/v2\/media\/20201"}],"wp:attachment":[{"href":"https:\/\/mokaefti.ch\/fr\/wp-json\/wp\/v2\/media?parent=21336"}],"wp:term":[{"taxonomy":"product_brand","embeddable":true,"href":"https:\/\/mokaefti.ch\/fr\/wp-json\/wp\/v2\/product_brand?post=21336"},{"taxonomy":"product_cat","embeddable":true,"href":"https:\/\/mokaefti.ch\/fr\/wp-json\/wp\/v2\/product_cat?post=21336"},{"taxonomy":"product_tag","embeddable":true,"href":"https:\/\/mokaefti.ch\/fr\/wp-json\/wp\/v2\/product_tag?post=21336"}],"curies":[{"name":"wp","href":"https:\/\/api.w.org\/{rel}","templated":true}]}}