{"id":21339,"date":"2022-09-08T12:58:20","date_gmt":"2022-09-08T10:58:20","guid":{"rendered":"https:\/\/mokaefti.ch\/negozio-online\/melange-domus-en-grains-1000-gr\/"},"modified":"2025-09-23T14:08:56","modified_gmt":"2025-09-23T12:08:56","slug":"melange-domus-en-grains-1000-gr","status":"publish","type":"product","link":"https:\/\/mokaefti.ch\/fr\/boutique\/melange-domus-en-grains-1000-gr\/","title":{"rendered":"M\u00c9LANGE DOMUS EN GRAINS 1000 GR."},"content":{"rendered":"","protected":false},"excerpt":{"rendered":"<p>Notre m\u00e9lange Domus en grains est cr\u00e9\u00e9 avec des grains soigneusement s\u00e9lectionn\u00e9s provenant des meilleures plantations de la ceinture \u00e9quatoriale, une r\u00e9gion r\u00e9put\u00e9e pour l&rsquo;excellence de son caf\u00e9. Avec une composition de 50 % d&rsquo;Arabica et 50 % de Robusta, ce m\u00e9lange offre un \u00e9quilibre parfait entre un go\u00fbt fort et cors\u00e9 et un caract\u00e8re rond, id\u00e9al pour les amateurs de caf\u00e9 qui recherchent une exp\u00e9rience gustative compl\u00e8te. Le m\u00e9lange Domus est conditionn\u00e9 sous atmosph\u00e8re protectrice dans des sachets pratiques de 1000 g, scell\u00e9s herm\u00e9tiquement et dot\u00e9s d&rsquo;une valve ar\u00f4me pour pr\u00e9server la fra\u00eecheur et la qualit\u00e9 du caf\u00e9 jusqu&rsquo;\u00e0 la derni\u00e8re tasse.  <\/p>\n","protected":false},"featured_media":20205,"comment_status":"closed","ping_status":"closed","template":"","meta":{"_acf_changed":false,"_eb_attr":"","inline_featured_image":false},"product_brand":[],"product_cat":[381,411],"product_tag":[413,414],"class_list":{"0":"post-21339","1":"product","2":"type-product","3":"status-publish","4":"has-post-thumbnail","6":"product_cat-grains","7":"product_cat-melange","8":"product_tag-mouture-espresso","9":"product_tag-mouture-ristretto","11":"first","12":"instock","13":"shipping-taxable","14":"purchasable","15":"product-type-simple"},"acf":[],"aioseo_notices":[],"_links":{"self":[{"href":"https:\/\/mokaefti.ch\/fr\/wp-json\/wp\/v2\/product\/21339","targetHints":{"allow":["GET"]}}],"collection":[{"href":"https:\/\/mokaefti.ch\/fr\/wp-json\/wp\/v2\/product"}],"about":[{"href":"https:\/\/mokaefti.ch\/fr\/wp-json\/wp\/v2\/types\/product"}],"replies":[{"embeddable":true,"href":"https:\/\/mokaefti.ch\/fr\/wp-json\/wp\/v2\/comments?post=21339"}],"version-history":[{"count":0,"href":"https:\/\/mokaefti.ch\/fr\/wp-json\/wp\/v2\/product\/21339\/revisions"}],"wp:featuredmedia":[{"embeddable":true,"href":"https:\/\/mokaefti.ch\/fr\/wp-json\/wp\/v2\/media\/20205"}],"wp:attachment":[{"href":"https:\/\/mokaefti.ch\/fr\/wp-json\/wp\/v2\/media?parent=21339"}],"wp:term":[{"taxonomy":"product_brand","embeddable":true,"href":"https:\/\/mokaefti.ch\/fr\/wp-json\/wp\/v2\/product_brand?post=21339"},{"taxonomy":"product_cat","embeddable":true,"href":"https:\/\/mokaefti.ch\/fr\/wp-json\/wp\/v2\/product_cat?post=21339"},{"taxonomy":"product_tag","embeddable":true,"href":"https:\/\/mokaefti.ch\/fr\/wp-json\/wp\/v2\/product_tag?post=21339"}],"curies":[{"name":"wp","href":"https:\/\/api.w.org\/{rel}","templated":true}]}}