{"id":21345,"date":"2022-09-08T12:53:42","date_gmt":"2022-09-08T10:53:42","guid":{"rendered":"https:\/\/mokaefti.ch\/negozio-online\/bio-fairtrade-en-grains-250-gr\/"},"modified":"2025-09-23T14:08:56","modified_gmt":"2025-09-23T12:08:56","slug":"bio-fairtrade-en-grains-250-gr","status":"publish","type":"product","link":"https:\/\/mokaefti.ch\/fr\/boutique\/bio-fairtrade-en-grains-250-gr\/","title":{"rendered":"BIO FAIRTRADE EN GRAINS 250 GR."},"content":{"rendered":"","protected":false},"excerpt":{"rendered":"<p>Depuis quelques ann\u00e9es, de plus en plus de consommateurs pr\u00e9f\u00e8rent acheter des produits du commerce \u00e9quitable. D\u00e9sireux de faire partie de cette campagne de sensibilisation, nous avons cr\u00e9\u00e9 la gamme Fairtrade. Le caf\u00e9 Fairtrade en grains de Moka Efti permet \u00e0 ceux qui le souhaitent de faire un choix dans le respect de l\u2019environnement et des petits agriculteurs, sans que cela affecte le go\u00fbt doux et sucr\u00e9 typique des m\u00e9langes arabica.<\/p>\n<p><strong>COMPOSITION<\/strong>: 100% Arabica.<\/p>\n","protected":false},"featured_media":20209,"comment_status":"closed","ping_status":"closed","template":"","meta":{"_acf_changed":false,"_eb_attr":"","inline_featured_image":false},"product_brand":[],"product_cat":[445,412,381,444,380],"product_tag":[384,413],"class_list":{"0":"post-21345","1":"product","2":"type-product","3":"status-publish","4":"has-post-thumbnail","6":"product_cat-bio-fr","7":"product_cat-fairtrade-fr","8":"product_cat-grains","9":"product_cat-origine-unique","10":"product_cat-selection-moka-efti-fr","11":"product_tag-arabica","12":"product_tag-mouture-espresso","14":"first","15":"instock","16":"shipping-taxable","17":"purchasable","18":"product-type-simple"},"acf":[],"aioseo_notices":[],"_links":{"self":[{"href":"https:\/\/mokaefti.ch\/fr\/wp-json\/wp\/v2\/product\/21345","targetHints":{"allow":["GET"]}}],"collection":[{"href":"https:\/\/mokaefti.ch\/fr\/wp-json\/wp\/v2\/product"}],"about":[{"href":"https:\/\/mokaefti.ch\/fr\/wp-json\/wp\/v2\/types\/product"}],"replies":[{"embeddable":true,"href":"https:\/\/mokaefti.ch\/fr\/wp-json\/wp\/v2\/comments?post=21345"}],"version-history":[{"count":0,"href":"https:\/\/mokaefti.ch\/fr\/wp-json\/wp\/v2\/product\/21345\/revisions"}],"wp:featuredmedia":[{"embeddable":true,"href":"https:\/\/mokaefti.ch\/fr\/wp-json\/wp\/v2\/media\/20209"}],"wp:attachment":[{"href":"https:\/\/mokaefti.ch\/fr\/wp-json\/wp\/v2\/media?parent=21345"}],"wp:term":[{"taxonomy":"product_brand","embeddable":true,"href":"https:\/\/mokaefti.ch\/fr\/wp-json\/wp\/v2\/product_brand?post=21345"},{"taxonomy":"product_cat","embeddable":true,"href":"https:\/\/mokaefti.ch\/fr\/wp-json\/wp\/v2\/product_cat?post=21345"},{"taxonomy":"product_tag","embeddable":true,"href":"https:\/\/mokaefti.ch\/fr\/wp-json\/wp\/v2\/product_tag?post=21345"}],"curies":[{"name":"wp","href":"https:\/\/api.w.org\/{rel}","templated":true}]}}