{"id":21351,"date":"2022-09-08T12:44:20","date_gmt":"2022-09-08T10:44:20","guid":{"rendered":"https:\/\/mokaefti.ch\/negozio-online\/decaefti-cafe-moulu-250g\/"},"modified":"2025-11-24T08:29:52","modified_gmt":"2025-11-24T07:29:52","slug":"decaefti-cafe-moulu-250g","status":"publish","type":"product","link":"https:\/\/mokaefti.ch\/fr\/boutique\/decaefti-cafe-moulu-250g\/","title":{"rendered":"D\u00c9CAF\u00c9IN\u00c9 MOULU 250G"},"content":{"rendered":"","protected":false},"excerpt":{"rendered":"<p>D\u00e9caf\u00e9in\u00e9 moulu est un m\u00e9lange exclusif, d\u00e9velopp\u00e9 pour les amateurs de caf\u00e9 traditionnel qui souhaitent une alternative sans caf\u00e9ine. Avec son go\u00fbt fort et rond, c&rsquo;est le choix id\u00e9al pour chaque moment de la journ\u00e9e et il offre tout le plaisir du caf\u00e9 sans limitations. Disponible en format moulu, Decaefti est conditionn\u00e9 sous atmosph\u00e8re protectrice pour pr\u00e9server au mieux sa fra\u00eecheur et son ar\u00f4me. Chaque sachet de 250g, scell\u00e9 herm\u00e9tiquement et dot\u00e9 d&rsquo;une valve de d\u00e9gazage, garantit une exp\u00e9rience gustative in\u00e9galable jusqu&rsquo;\u00e0 la derni\u00e8re tasse.<\/p>\n","protected":false},"featured_media":20659,"comment_status":"closed","ping_status":"closed","template":"","meta":{"_acf_changed":false,"_eb_attr":"","inline_featured_image":false},"product_brand":[],"product_cat":[411,420],"product_tag":[437,421],"class_list":{"0":"post-21351","1":"product","2":"type-product","3":"status-publish","4":"has-post-thumbnail","6":"product_cat-melange","7":"product_cat-moulus","8":"product_tag-deca","9":"product_tag-mouture-moka","11":"first","12":"instock","13":"shipping-taxable","14":"purchasable","15":"product-type-simple"},"acf":[],"aioseo_notices":[],"_links":{"self":[{"href":"https:\/\/mokaefti.ch\/fr\/wp-json\/wp\/v2\/product\/21351","targetHints":{"allow":["GET"]}}],"collection":[{"href":"https:\/\/mokaefti.ch\/fr\/wp-json\/wp\/v2\/product"}],"about":[{"href":"https:\/\/mokaefti.ch\/fr\/wp-json\/wp\/v2\/types\/product"}],"replies":[{"embeddable":true,"href":"https:\/\/mokaefti.ch\/fr\/wp-json\/wp\/v2\/comments?post=21351"}],"version-history":[{"count":0,"href":"https:\/\/mokaefti.ch\/fr\/wp-json\/wp\/v2\/product\/21351\/revisions"}],"wp:featuredmedia":[{"embeddable":true,"href":"https:\/\/mokaefti.ch\/fr\/wp-json\/wp\/v2\/media\/20659"}],"wp:attachment":[{"href":"https:\/\/mokaefti.ch\/fr\/wp-json\/wp\/v2\/media?parent=21351"}],"wp:term":[{"taxonomy":"product_brand","embeddable":true,"href":"https:\/\/mokaefti.ch\/fr\/wp-json\/wp\/v2\/product_brand?post=21351"},{"taxonomy":"product_cat","embeddable":true,"href":"https:\/\/mokaefti.ch\/fr\/wp-json\/wp\/v2\/product_cat?post=21351"},{"taxonomy":"product_tag","embeddable":true,"href":"https:\/\/mokaefti.ch\/fr\/wp-json\/wp\/v2\/product_tag?post=21351"}],"curies":[{"name":"wp","href":"https:\/\/api.w.org\/{rel}","templated":true}]}}