{"id":21357,"date":"2022-09-08T12:40:10","date_gmt":"2022-09-08T10:40:10","guid":{"rendered":"https:\/\/mokaefti.ch\/negozio-online\/decaefti-cafe-en-grains-250g\/"},"modified":"2025-11-24T08:24:34","modified_gmt":"2025-11-24T07:24:34","slug":"decaefti-cafe-en-grains-250g","status":"publish","type":"product","link":"https:\/\/mokaefti.ch\/fr\/boutique\/decaefti-cafe-en-grains-250g\/","title":{"rendered":"D\u00c9CAF\u00c9IN\u00c9 EN GRAINS 250G"},"content":{"rendered":"","protected":false},"excerpt":{"rendered":"<p><span class=\"selected\">D\u00e9caf\u00e9in\u00e9 en grains est notre m\u00e9lange exclusif qui conserve le go\u00fbt authentique et l&rsquo;ar\u00f4me incomparable du caf\u00e9 traditionnel, mais sans caf\u00e9ine. Avec sa saveur intense et ronde, c&rsquo;est le choix parfait pour chaque moment de la journ\u00e9e, id\u00e9al pour ceux qui ne veulent pas faire de compromis sur le plaisir du caf\u00e9. Disponible en grains entiers, Decaefti est conditionn\u00e9 sous atmosph\u00e8re protectrice pour pr\u00e9server au mieux sa fra\u00eecheur et sa qualit\u00e9. Chaque sachet de 250g, scell\u00e9 herm\u00e9tiquement et \u00e9quip\u00e9 d&rsquo;une valve pr\u00e9serve-ar\u00f4me, garantit une exp\u00e9rience gustative intense jusqu&rsquo;au dernier grain. <\/span><\/p>\n","protected":false},"featured_media":20217,"comment_status":"closed","ping_status":"closed","template":"","meta":{"_acf_changed":false,"_eb_attr":"","inline_featured_image":false},"product_brand":[],"product_cat":[381,411],"product_tag":[437,413,414],"class_list":{"0":"post-21357","1":"product","2":"type-product","3":"status-publish","4":"has-post-thumbnail","6":"product_cat-grains","7":"product_cat-melange","8":"product_tag-deca","9":"product_tag-mouture-espresso","10":"product_tag-mouture-ristretto","12":"first","13":"instock","14":"shipping-taxable","15":"purchasable","16":"product-type-simple"},"acf":[],"aioseo_notices":[],"_links":{"self":[{"href":"https:\/\/mokaefti.ch\/fr\/wp-json\/wp\/v2\/product\/21357","targetHints":{"allow":["GET"]}}],"collection":[{"href":"https:\/\/mokaefti.ch\/fr\/wp-json\/wp\/v2\/product"}],"about":[{"href":"https:\/\/mokaefti.ch\/fr\/wp-json\/wp\/v2\/types\/product"}],"replies":[{"embeddable":true,"href":"https:\/\/mokaefti.ch\/fr\/wp-json\/wp\/v2\/comments?post=21357"}],"version-history":[{"count":0,"href":"https:\/\/mokaefti.ch\/fr\/wp-json\/wp\/v2\/product\/21357\/revisions"}],"wp:featuredmedia":[{"embeddable":true,"href":"https:\/\/mokaefti.ch\/fr\/wp-json\/wp\/v2\/media\/20217"}],"wp:attachment":[{"href":"https:\/\/mokaefti.ch\/fr\/wp-json\/wp\/v2\/media?parent=21357"}],"wp:term":[{"taxonomy":"product_brand","embeddable":true,"href":"https:\/\/mokaefti.ch\/fr\/wp-json\/wp\/v2\/product_brand?post=21357"},{"taxonomy":"product_cat","embeddable":true,"href":"https:\/\/mokaefti.ch\/fr\/wp-json\/wp\/v2\/product_cat?post=21357"},{"taxonomy":"product_tag","embeddable":true,"href":"https:\/\/mokaefti.ch\/fr\/wp-json\/wp\/v2\/product_tag?post=21357"}],"curies":[{"name":"wp","href":"https:\/\/api.w.org\/{rel}","templated":true}]}}