{"id":21360,"date":"2022-09-08T12:38:43","date_gmt":"2022-09-08T10:38:43","guid":{"rendered":"https:\/\/mokaefti.ch\/negozio-online\/decaefti-cafe-en-grains-500g\/"},"modified":"2025-11-24T08:26:40","modified_gmt":"2025-11-24T07:26:40","slug":"decaefti-cafe-en-grains-500g","status":"publish","type":"product","link":"https:\/\/mokaefti.ch\/fr\/boutique\/decaefti-cafe-en-grains-500g\/","title":{"rendered":"D\u00c9CAF\u00c9IN\u00c9 EN GRAINS 500G"},"content":{"rendered":"","protected":false},"excerpt":{"rendered":"<p><span class=\"selected\">Avec son caract\u00e8re intense et rond, c&rsquo;est le choix parfait pour chaque moment de la journ\u00e9e, id\u00e9al pour un plaisir sans limites. Disponible en grains entiers, D\u00e9caf\u00e9in\u00e9 en grains est conditionn\u00e9 sous atmosph\u00e8re protectrice pour conserver ses pr\u00e9cieuses propri\u00e9t\u00e9s organoleptiques. Chaque sachet de 500g, herm\u00e9tiquement scell\u00e9 et \u00e9quip\u00e9 d&rsquo;une valve pr\u00e9serve-ar\u00f4me, garantit fra\u00eecheur et qualit\u00e9 maximale jusqu&rsquo;\u00e0 la derni\u00e8re tasse. <\/span><\/p>\n","protected":false},"featured_media":20221,"comment_status":"closed","ping_status":"closed","template":"","meta":{"_acf_changed":false,"_eb_attr":"","inline_featured_image":false},"product_brand":[],"product_cat":[381,411],"product_tag":[437,413,414],"class_list":{"0":"post-21360","1":"product","2":"type-product","3":"status-publish","4":"has-post-thumbnail","6":"product_cat-grains","7":"product_cat-melange","8":"product_tag-deca","9":"product_tag-mouture-espresso","10":"product_tag-mouture-ristretto","12":"first","13":"instock","14":"shipping-taxable","15":"purchasable","16":"product-type-simple"},"acf":[],"aioseo_notices":[],"_links":{"self":[{"href":"https:\/\/mokaefti.ch\/fr\/wp-json\/wp\/v2\/product\/21360","targetHints":{"allow":["GET"]}}],"collection":[{"href":"https:\/\/mokaefti.ch\/fr\/wp-json\/wp\/v2\/product"}],"about":[{"href":"https:\/\/mokaefti.ch\/fr\/wp-json\/wp\/v2\/types\/product"}],"replies":[{"embeddable":true,"href":"https:\/\/mokaefti.ch\/fr\/wp-json\/wp\/v2\/comments?post=21360"}],"version-history":[{"count":0,"href":"https:\/\/mokaefti.ch\/fr\/wp-json\/wp\/v2\/product\/21360\/revisions"}],"wp:featuredmedia":[{"embeddable":true,"href":"https:\/\/mokaefti.ch\/fr\/wp-json\/wp\/v2\/media\/20221"}],"wp:attachment":[{"href":"https:\/\/mokaefti.ch\/fr\/wp-json\/wp\/v2\/media?parent=21360"}],"wp:term":[{"taxonomy":"product_brand","embeddable":true,"href":"https:\/\/mokaefti.ch\/fr\/wp-json\/wp\/v2\/product_brand?post=21360"},{"taxonomy":"product_cat","embeddable":true,"href":"https:\/\/mokaefti.ch\/fr\/wp-json\/wp\/v2\/product_cat?post=21360"},{"taxonomy":"product_tag","embeddable":true,"href":"https:\/\/mokaefti.ch\/fr\/wp-json\/wp\/v2\/product_tag?post=21360"}],"curies":[{"name":"wp","href":"https:\/\/api.w.org\/{rel}","templated":true}]}}