{"id":21368,"date":"2022-09-08T12:30:08","date_gmt":"2022-09-08T10:30:08","guid":{"rendered":"https:\/\/mokaefti.ch\/negozio-online\/melange-special-cafe-moulu-500g\/"},"modified":"2025-09-23T14:08:07","modified_gmt":"2025-09-23T12:08:07","slug":"melange-special-cafe-moulu-500g","status":"publish","type":"product","link":"https:\/\/mokaefti.ch\/fr\/boutique\/melange-special-cafe-moulu-500g\/","title":{"rendered":"M\u00c9LANGE SP\u00c9CIAL CAF\u00c9 MOULU 500G"},"content":{"rendered":"","protected":false},"excerpt":{"rendered":"<p>Le M\u00e9lange Sp\u00e9cial de Moka Efti incarne la plus authentique tradition de la torr\u00e9faction italienne, offrant une exp\u00e9rience gustative unique aux connaisseurs en Suisse. Ce blend exclusif est compos\u00e9 de grains soigneusement s\u00e9lectionn\u00e9s provenant de plantations renomm\u00e9es, garantissant une qualit\u00e9 sup\u00e9rieure dans chaque tasse. <\/p>\n<p>La torr\u00e9faction artisanale en exalte les propri\u00e9t\u00e9s aromatiques, conf\u00e9rant au caf\u00e9 un profil gustatif harmonieux et profond. Au palais se distinguent des notes de cacao et d&rsquo;\u00e9pices raffin\u00e9es, avec un arri\u00e8re-go\u00fbt moelleux et persistant qui invite \u00e0 chaque gorg\u00e9e. <\/p>\n<p>Le conditionnement de 500g de caf\u00e9 moulu de qualit\u00e9 est \u00e9tudi\u00e9 pour pr\u00e9server la fra\u00eecheur du produit et r\u00e9pondre aux besoins quotidiens des amateurs de caf\u00e9. La s\u00e9lection rigoureuse des mati\u00e8res premi\u00e8res et l&rsquo;attention m\u00e9ticuleuse durant tout le processus de production refl\u00e8tent l&rsquo;engagement de Moka Efti \u00e0 offrir un caf\u00e9 de premier choix. <\/p>\n<p>Pour les consommateurs suisses, reconnus pour leur appr\u00e9ciation des produits premium, le M\u00e9lange Sp\u00e9cial repr\u00e9sente une occasion de d\u00e9couvrir et de savourer la passion et la ma\u00eetrise italiennes dans le monde du caf\u00e9.<\/p>\n","protected":false},"featured_media":20671,"comment_status":"closed","ping_status":"closed","template":"","meta":{"_acf_changed":false,"_eb_attr":"","inline_featured_image":false},"product_brand":[],"product_cat":[411,420],"product_tag":[421],"class_list":{"0":"post-21368","1":"product","2":"type-product","3":"status-publish","4":"has-post-thumbnail","6":"product_cat-melange","7":"product_cat-moulus","8":"product_tag-mouture-moka","10":"first","11":"instock","12":"shipping-taxable","13":"purchasable","14":"product-type-simple"},"acf":[],"aioseo_notices":[],"_links":{"self":[{"href":"https:\/\/mokaefti.ch\/fr\/wp-json\/wp\/v2\/product\/21368","targetHints":{"allow":["GET"]}}],"collection":[{"href":"https:\/\/mokaefti.ch\/fr\/wp-json\/wp\/v2\/product"}],"about":[{"href":"https:\/\/mokaefti.ch\/fr\/wp-json\/wp\/v2\/types\/product"}],"replies":[{"embeddable":true,"href":"https:\/\/mokaefti.ch\/fr\/wp-json\/wp\/v2\/comments?post=21368"}],"version-history":[{"count":0,"href":"https:\/\/mokaefti.ch\/fr\/wp-json\/wp\/v2\/product\/21368\/revisions"}],"wp:featuredmedia":[{"embeddable":true,"href":"https:\/\/mokaefti.ch\/fr\/wp-json\/wp\/v2\/media\/20671"}],"wp:attachment":[{"href":"https:\/\/mokaefti.ch\/fr\/wp-json\/wp\/v2\/media?parent=21368"}],"wp:term":[{"taxonomy":"product_brand","embeddable":true,"href":"https:\/\/mokaefti.ch\/fr\/wp-json\/wp\/v2\/product_brand?post=21368"},{"taxonomy":"product_cat","embeddable":true,"href":"https:\/\/mokaefti.ch\/fr\/wp-json\/wp\/v2\/product_cat?post=21368"},{"taxonomy":"product_tag","embeddable":true,"href":"https:\/\/mokaefti.ch\/fr\/wp-json\/wp\/v2\/product_tag?post=21368"}],"curies":[{"name":"wp","href":"https:\/\/api.w.org\/{rel}","templated":true}]}}