{"id":21380,"date":"2022-09-08T12:16:38","date_gmt":"2022-09-08T10:16:38","guid":{"rendered":"https:\/\/mokaefti.ch\/negozio-online\/cafe-moulu-nonplus-ultra-500g\/"},"modified":"2025-09-23T14:07:24","modified_gmt":"2025-09-23T12:07:24","slug":"cafe-moulu-nonplus-ultra-500g","status":"publish","type":"product","link":"https:\/\/mokaefti.ch\/fr\/boutique\/cafe-moulu-nonplus-ultra-500g\/","title":{"rendered":"CAF\u00c9 MOULU NONPLUS ULTRA 500G"},"content":{"rendered":"","protected":false},"excerpt":{"rendered":"<p>Le caf\u00e9 moulu Nonplus Ultra de Moka Efti est l&#8217;embl\u00e8me de l&rsquo;excellence, un m\u00e9lange cr\u00e9\u00e9 pour les connaisseurs qui recherchent une exp\u00e9rience gustative intense et satisfaisante. Cette composition exclusive, 90 % Arabica et 10 % Robusta, unit les meilleures origines d&rsquo;Afrique, d&rsquo;Asie et d&rsquo;Am\u00e9rique du Sud pour cr\u00e9er un \u00e9quilibre parfait entre ar\u00f4me et corps. Son go\u00fbt cors\u00e9 et enveloppant s&rsquo;exprime \u00e0 travers des notes aromatiques intenses qui persistent longtemps en bouche, se terminant par un arri\u00e8re-go\u00fbt doux et harmonieux. Id\u00e9al pour la pr\u00e9paration avec la cafeti\u00e8re italienne ou la machine \u00e0 expresso, il est conserv\u00e9 dans une pr\u00e9cieuse bo\u00eete de 500g scell\u00e9e sous vide, qui prot\u00e8ge sa fra\u00eecheur et pr\u00e9serve intactes ses pr\u00e9cieuses qualit\u00e9s organoleptiques, tasse apr\u00e8s tasse.   <\/p>\n","protected":false},"featured_media":20722,"comment_status":"closed","ping_status":"closed","template":"","meta":{"_acf_changed":false,"_eb_attr":"","inline_featured_image":false},"product_brand":[],"product_cat":[411,420],"product_tag":[421],"class_list":{"0":"post-21380","1":"product","2":"type-product","3":"status-publish","4":"has-post-thumbnail","6":"product_cat-melange","7":"product_cat-moulus","8":"product_tag-mouture-moka","10":"first","11":"instock","12":"shipping-taxable","13":"purchasable","14":"product-type-simple"},"acf":[],"aioseo_notices":[],"_links":{"self":[{"href":"https:\/\/mokaefti.ch\/fr\/wp-json\/wp\/v2\/product\/21380","targetHints":{"allow":["GET"]}}],"collection":[{"href":"https:\/\/mokaefti.ch\/fr\/wp-json\/wp\/v2\/product"}],"about":[{"href":"https:\/\/mokaefti.ch\/fr\/wp-json\/wp\/v2\/types\/product"}],"replies":[{"embeddable":true,"href":"https:\/\/mokaefti.ch\/fr\/wp-json\/wp\/v2\/comments?post=21380"}],"version-history":[{"count":0,"href":"https:\/\/mokaefti.ch\/fr\/wp-json\/wp\/v2\/product\/21380\/revisions"}],"wp:featuredmedia":[{"embeddable":true,"href":"https:\/\/mokaefti.ch\/fr\/wp-json\/wp\/v2\/media\/20722"}],"wp:attachment":[{"href":"https:\/\/mokaefti.ch\/fr\/wp-json\/wp\/v2\/media?parent=21380"}],"wp:term":[{"taxonomy":"product_brand","embeddable":true,"href":"https:\/\/mokaefti.ch\/fr\/wp-json\/wp\/v2\/product_brand?post=21380"},{"taxonomy":"product_cat","embeddable":true,"href":"https:\/\/mokaefti.ch\/fr\/wp-json\/wp\/v2\/product_cat?post=21380"},{"taxonomy":"product_tag","embeddable":true,"href":"https:\/\/mokaefti.ch\/fr\/wp-json\/wp\/v2\/product_tag?post=21380"}],"curies":[{"name":"wp","href":"https:\/\/api.w.org\/{rel}","templated":true}]}}