{"id":21383,"date":"2022-09-08T12:10:08","date_gmt":"2022-09-08T10:10:08","guid":{"rendered":"https:\/\/mokaefti.ch\/negozio-online\/cafe-moulu-nonplus-ultra-250g\/"},"modified":"2025-09-23T14:07:19","modified_gmt":"2025-09-23T12:07:19","slug":"cafe-moulu-nonplus-ultra-250g","status":"publish","type":"product","link":"https:\/\/mokaefti.ch\/fr\/boutique\/cafe-moulu-nonplus-ultra-250g\/","title":{"rendered":"CAF\u00c9 MOULU NONPLUS ULTRA 250G"},"content":{"rendered":"","protected":false},"excerpt":{"rendered":"<p>Le caf\u00e9 moulu Nonplus Ultra de Moka Efti est l&rsquo;excellence d\u00e9di\u00e9e aux vrais connaisseurs, un m\u00e9lange qui offre une exp\u00e9rience sensorielle unique. Compos\u00e9 \u00e0 90 % de grains d&rsquo;Arabica de qualit\u00e9 et \u00e0 10 % de Robusta, il unit les meilleures origines d&rsquo;Afrique, d&rsquo;Asie et d&rsquo;Am\u00e9rique du Sud pour garantir un \u00e9quilibre parfait entre douceur et vigueur. Chaque gorg\u00e9e r\u00e9v\u00e8le un go\u00fbt plein et rond, caract\u00e9ris\u00e9 par des notes aromatiques complexes et persistantes qui culminent dans un arri\u00e8re-go\u00fbt doux et incroyablement harmonieux. Pour pr\u00e9server intacte cette symphonie de saveurs, le caf\u00e9 est conserv\u00e9 dans des bo\u00eetes scell\u00e9es sous vide, assurant que la qualit\u00e9 et la fra\u00eecheur du produit restent inalt\u00e9r\u00e9es. C&rsquo;est le choix parfait pour ceux qui souhaitent transformer chaque pause caf\u00e9 en un moment de pur plaisir.    <\/p>\n","protected":false},"featured_media":20679,"comment_status":"closed","ping_status":"closed","template":"","meta":{"_acf_changed":false,"_eb_attr":"","inline_featured_image":false},"product_brand":[],"product_cat":[411,420],"product_tag":[],"class_list":{"0":"post-21383","1":"product","2":"type-product","3":"status-publish","4":"has-post-thumbnail","6":"product_cat-melange","7":"product_cat-moulus","9":"first","10":"instock","11":"shipping-taxable","12":"purchasable","13":"product-type-simple"},"acf":[],"aioseo_notices":[],"_links":{"self":[{"href":"https:\/\/mokaefti.ch\/fr\/wp-json\/wp\/v2\/product\/21383","targetHints":{"allow":["GET"]}}],"collection":[{"href":"https:\/\/mokaefti.ch\/fr\/wp-json\/wp\/v2\/product"}],"about":[{"href":"https:\/\/mokaefti.ch\/fr\/wp-json\/wp\/v2\/types\/product"}],"replies":[{"embeddable":true,"href":"https:\/\/mokaefti.ch\/fr\/wp-json\/wp\/v2\/comments?post=21383"}],"version-history":[{"count":0,"href":"https:\/\/mokaefti.ch\/fr\/wp-json\/wp\/v2\/product\/21383\/revisions"}],"wp:featuredmedia":[{"embeddable":true,"href":"https:\/\/mokaefti.ch\/fr\/wp-json\/wp\/v2\/media\/20679"}],"wp:attachment":[{"href":"https:\/\/mokaefti.ch\/fr\/wp-json\/wp\/v2\/media?parent=21383"}],"wp:term":[{"taxonomy":"product_brand","embeddable":true,"href":"https:\/\/mokaefti.ch\/fr\/wp-json\/wp\/v2\/product_brand?post=21383"},{"taxonomy":"product_cat","embeddable":true,"href":"https:\/\/mokaefti.ch\/fr\/wp-json\/wp\/v2\/product_cat?post=21383"},{"taxonomy":"product_tag","embeddable":true,"href":"https:\/\/mokaefti.ch\/fr\/wp-json\/wp\/v2\/product_tag?post=21383"}],"curies":[{"name":"wp","href":"https:\/\/api.w.org\/{rel}","templated":true}]}}