{"id":21398,"date":"2022-09-07T14:14:23","date_gmt":"2022-09-07T12:14:23","guid":{"rendered":"https:\/\/mokaefti.ch\/negozio-online\/arabica-100-cafe-en-grains-1000-g\/"},"modified":"2025-09-23T14:06:39","modified_gmt":"2025-09-23T12:06:39","slug":"arabica-100-cafe-en-grains-1000-g","status":"publish","type":"product","link":"https:\/\/mokaefti.ch\/fr\/boutique\/arabica-100-cafe-en-grains-1000-g\/","title":{"rendered":"ARABICA 100% CAF\u00c9 EN GRAINS 1000 G"},"content":{"rendered":"","protected":false},"excerpt":{"rendered":"<p>Notre m\u00e9lange 100% Arabica est compos\u00e9 de grains soigneusement s\u00e9lectionn\u00e9s provenant d&rsquo;Am\u00e9rique du Sud et Centrale, du Kenya et d&rsquo;\u00c9thiopie, consid\u00e9r\u00e9s parmi les meilleurs au monde. Ce m\u00e9lange se distingue par son go\u00fbt doux et d\u00e9licat et par un arri\u00e8re-go\u00fbt parfum\u00e9, qui en font l&rsquo;un des plus appr\u00e9ci\u00e9s par les amateurs de caf\u00e9. Gr\u00e2ce \u00e0 sa teneur en caf\u00e9ine naturellement r\u00e9duite, c&rsquo;est le choix id\u00e9al pour ceux qui d\u00e9sirent un caf\u00e9 raffin\u00e9 et l\u00e9ger. Disponible en grains entiers, le m\u00e9lange est conditionn\u00e9 sous atmosph\u00e8re protectrice et scell\u00e9 dans des sachets herm\u00e9tiques avec valve ar\u00f4me, pour pr\u00e9server son ar\u00f4me unique et garantir une qualit\u00e9 constamment \u00e9lev\u00e9e.   <\/p>\n","protected":false},"featured_media":20253,"comment_status":"closed","ping_status":"closed","template":"","meta":{"_acf_changed":false,"_eb_attr":"","inline_featured_image":false},"product_brand":[],"product_cat":[381,411],"product_tag":[384,413,414],"class_list":{"0":"post-21398","1":"product","2":"type-product","3":"status-publish","4":"has-post-thumbnail","6":"product_cat-grains","7":"product_cat-melange","8":"product_tag-arabica","9":"product_tag-mouture-espresso","10":"product_tag-mouture-ristretto","12":"first","13":"instock","14":"shipping-taxable","15":"purchasable","16":"product-type-simple"},"acf":[],"aioseo_notices":[],"_links":{"self":[{"href":"https:\/\/mokaefti.ch\/fr\/wp-json\/wp\/v2\/product\/21398","targetHints":{"allow":["GET"]}}],"collection":[{"href":"https:\/\/mokaefti.ch\/fr\/wp-json\/wp\/v2\/product"}],"about":[{"href":"https:\/\/mokaefti.ch\/fr\/wp-json\/wp\/v2\/types\/product"}],"replies":[{"embeddable":true,"href":"https:\/\/mokaefti.ch\/fr\/wp-json\/wp\/v2\/comments?post=21398"}],"version-history":[{"count":0,"href":"https:\/\/mokaefti.ch\/fr\/wp-json\/wp\/v2\/product\/21398\/revisions"}],"wp:featuredmedia":[{"embeddable":true,"href":"https:\/\/mokaefti.ch\/fr\/wp-json\/wp\/v2\/media\/20253"}],"wp:attachment":[{"href":"https:\/\/mokaefti.ch\/fr\/wp-json\/wp\/v2\/media?parent=21398"}],"wp:term":[{"taxonomy":"product_brand","embeddable":true,"href":"https:\/\/mokaefti.ch\/fr\/wp-json\/wp\/v2\/product_brand?post=21398"},{"taxonomy":"product_cat","embeddable":true,"href":"https:\/\/mokaefti.ch\/fr\/wp-json\/wp\/v2\/product_cat?post=21398"},{"taxonomy":"product_tag","embeddable":true,"href":"https:\/\/mokaefti.ch\/fr\/wp-json\/wp\/v2\/product_tag?post=21398"}],"curies":[{"name":"wp","href":"https:\/\/api.w.org\/{rel}","templated":true}]}}