{"id":21401,"date":"2022-08-17T18:10:35","date_gmt":"2022-08-17T16:10:35","guid":{"rendered":"https:\/\/mokaefti.ch\/negozio-online\/cafe-moulu-sublime-250g\/"},"modified":"2025-11-24T08:47:11","modified_gmt":"2025-11-24T07:47:11","slug":"cafe-moulu-sublime-250g","status":"publish","type":"product","link":"https:\/\/mokaefti.ch\/fr\/boutique\/cafe-moulu-sublime-250g\/","title":{"rendered":"CAF\u00c9 MOULU SUBLIME 250 GR."},"content":{"rendered":"","protected":false},"excerpt":{"rendered":"<p>Le Caf\u00e9 Moulu Sublime de Moka Efti est un m\u00e9lange raffin\u00e9, cr\u00e9\u00e9 pour sublimer le rituel du caf\u00e9 pr\u00e9par\u00e9 avec la cafeti\u00e8re italienne. Fruit d&rsquo;une s\u00e9lection experte de grains d&rsquo;Arabica et de Robusta de qualit\u00e9, il subit une torr\u00e9faction lente et uniforme qui lib\u00e8re un ar\u00f4me intense et un go\u00fbt parfaitement \u00e9quilibr\u00e9. En bouche, il r\u00e9v\u00e8le un corps plein et des notes harmonieuses de chocolat et de fruits secs, avec une douceur \u00e9quilibr\u00e9e tr\u00e8s appr\u00e9ci\u00e9e sur le march\u00e9 suisse. La mouture est \u00e9tudi\u00e9e pour garantir une extraction optimale avec la cafeti\u00e8re italienne et autres m\u00e9thodes traditionnelles. Le pratique conditionnement de 250g pr\u00e9serve la fra\u00eecheur et les propri\u00e9t\u00e9s organoleptiques du caf\u00e9 jusqu&rsquo;\u00e0 la derni\u00e8re tasse.<\/p>\n","protected":false},"featured_media":20683,"comment_status":"closed","ping_status":"closed","template":"","meta":{"_acf_changed":false,"_eb_attr":"","inline_featured_image":false},"product_brand":[],"product_cat":[411,420,400],"product_tag":[421],"class_list":{"0":"post-21401","1":"product","2":"type-product","3":"status-publish","4":"has-post-thumbnail","6":"product_cat-melange","7":"product_cat-moulus","8":"product_cat-promotions-fr","9":"product_tag-mouture-moka","11":"first","12":"instock","13":"shipping-taxable","14":"purchasable","15":"product-type-simple"},"acf":[],"aioseo_notices":[],"_links":{"self":[{"href":"https:\/\/mokaefti.ch\/fr\/wp-json\/wp\/v2\/product\/21401","targetHints":{"allow":["GET"]}}],"collection":[{"href":"https:\/\/mokaefti.ch\/fr\/wp-json\/wp\/v2\/product"}],"about":[{"href":"https:\/\/mokaefti.ch\/fr\/wp-json\/wp\/v2\/types\/product"}],"replies":[{"embeddable":true,"href":"https:\/\/mokaefti.ch\/fr\/wp-json\/wp\/v2\/comments?post=21401"}],"version-history":[{"count":0,"href":"https:\/\/mokaefti.ch\/fr\/wp-json\/wp\/v2\/product\/21401\/revisions"}],"wp:featuredmedia":[{"embeddable":true,"href":"https:\/\/mokaefti.ch\/fr\/wp-json\/wp\/v2\/media\/20683"}],"wp:attachment":[{"href":"https:\/\/mokaefti.ch\/fr\/wp-json\/wp\/v2\/media?parent=21401"}],"wp:term":[{"taxonomy":"product_brand","embeddable":true,"href":"https:\/\/mokaefti.ch\/fr\/wp-json\/wp\/v2\/product_brand?post=21401"},{"taxonomy":"product_cat","embeddable":true,"href":"https:\/\/mokaefti.ch\/fr\/wp-json\/wp\/v2\/product_cat?post=21401"},{"taxonomy":"product_tag","embeddable":true,"href":"https:\/\/mokaefti.ch\/fr\/wp-json\/wp\/v2\/product_tag?post=21401"}],"curies":[{"name":"wp","href":"https:\/\/api.w.org\/{rel}","templated":true}]}}