{"id":21411,"date":"2022-08-08T18:33:19","date_gmt":"2022-08-08T16:33:19","guid":{"rendered":"https:\/\/mokaefti.ch\/negozio-online\/parainema-natural-250-gr\/"},"modified":"2025-09-23T14:06:40","modified_gmt":"2025-09-23T12:06:40","slug":"parainema-natural-250-gr","status":"publish","type":"product","link":"https:\/\/mokaefti.ch\/fr\/boutique\/parainema-natural-250-gr\/","title":{"rendered":"PARAINEMA NATURAL 250 GR."},"content":{"rendered":"","protected":false},"excerpt":{"rendered":"<p>Ce Micro Lot, trait\u00e9 selon l&rsquo;ancienne m\u00e9thode naturelle, est une authentique c\u00e9l\u00e9bration de douceur et de notes fruit\u00e9es, envelopp\u00e9es dans un corps \u00e9tonnamment dense et complexe. Pour obtenir ce profil unique, les cerises de caf\u00e9 sont laiss\u00e9es \u00e0 s\u00e9cher enti\u00e8res sous le soleil, sur des patios d\u00e9di\u00e9s, pendant environ 15-20 jours. Durant ce s\u00e9chage lent, la pulpe sucr\u00e9e du fruit transf\u00e8re au grain de pr\u00e9cieuses nuances aromatiques. Ce processus traditionnel et m\u00e9ticuleux, qui fait passer l&rsquo;humidit\u00e9 de 65 % initial \u00e0 une valeur id\u00e9ale de 10-12 %, est le secret derri\u00e8re sa qualit\u00e9 exceptionnelle. En tasse, il se r\u00e9v\u00e8le avec une douceur \u00e9lev\u00e9e et une corpulence velout\u00e9e, d\u00e9gageant un bouquet aromatique intense de chocolat, fruits secs et caramel, parfaitement \u00e9quilibr\u00e9 par une acidit\u00e9 mod\u00e9r\u00e9e et agr\u00e9able.    <\/p>\n","protected":false},"featured_media":20257,"comment_status":"closed","ping_status":"closed","template":"","meta":{"_acf_changed":false,"_eb_attr":"","inline_featured_image":false},"product_brand":[],"product_cat":[381,382,383,380],"product_tag":[384,385,386],"class_list":{"0":"post-21411","1":"product","2":"type-product","3":"status-publish","4":"has-post-thumbnail","6":"product_cat-grains","7":"product_cat-microlot-fr","8":"product_cat-parainema-fr","9":"product_cat-selection-moka-efti-fr","10":"product_tag-arabica","11":"product_tag-mouture-filtre","12":"product_tag-parainema","14":"first","15":"instock","16":"shipping-taxable","17":"purchasable","18":"product-type-variable"},"acf":[],"aioseo_notices":[],"_links":{"self":[{"href":"https:\/\/mokaefti.ch\/fr\/wp-json\/wp\/v2\/product\/21411","targetHints":{"allow":["GET"]}}],"collection":[{"href":"https:\/\/mokaefti.ch\/fr\/wp-json\/wp\/v2\/product"}],"about":[{"href":"https:\/\/mokaefti.ch\/fr\/wp-json\/wp\/v2\/types\/product"}],"replies":[{"embeddable":true,"href":"https:\/\/mokaefti.ch\/fr\/wp-json\/wp\/v2\/comments?post=21411"}],"version-history":[{"count":0,"href":"https:\/\/mokaefti.ch\/fr\/wp-json\/wp\/v2\/product\/21411\/revisions"}],"wp:featuredmedia":[{"embeddable":true,"href":"https:\/\/mokaefti.ch\/fr\/wp-json\/wp\/v2\/media\/20257"}],"wp:attachment":[{"href":"https:\/\/mokaefti.ch\/fr\/wp-json\/wp\/v2\/media?parent=21411"}],"wp:term":[{"taxonomy":"product_brand","embeddable":true,"href":"https:\/\/mokaefti.ch\/fr\/wp-json\/wp\/v2\/product_brand?post=21411"},{"taxonomy":"product_cat","embeddable":true,"href":"https:\/\/mokaefti.ch\/fr\/wp-json\/wp\/v2\/product_cat?post=21411"},{"taxonomy":"product_tag","embeddable":true,"href":"https:\/\/mokaefti.ch\/fr\/wp-json\/wp\/v2\/product_tag?post=21411"}],"curies":[{"name":"wp","href":"https:\/\/api.w.org\/{rel}","templated":true}]}}