{"id":22419,"date":"2022-09-09T12:58:49","date_gmt":"2022-09-09T10:58:49","guid":{"rendered":"https:\/\/mokaefti.ch\/negozio-online\/capsules-100-compostables-pittissima-pure-brazilian-espresso\/"},"modified":"2025-11-24T11:23:50","modified_gmt":"2025-11-24T10:23:50","slug":"capsules-100-compostables-pittissima-pure-brazilian-espresso","status":"publish","type":"product","link":"https:\/\/mokaefti.ch\/fr\/boutique\/capsules-100-compostables-pittissima-pure-brazilian-espresso\/","title":{"rendered":"CAPSULES 100% COMPOSTABLES PITTISSIMA PURE BRAZILIAN ESPRESSO"},"content":{"rendered":"","protected":false},"excerpt":{"rendered":"<p>Choisis une exp\u00e9rience de go\u00fbt authentique et durable avec les capsules compostables Pittissima Brazilian de Moka Efti, compatibles avec le syst\u00e8me Nespresso\u00ae. Ce m\u00e9lange 100 % Arabica mono-origine te transporte directement au Br\u00e9sil, avec des grains de qualit\u00e9 s\u00e9lectionn\u00e9s pour t&rsquo;offrir un caf\u00e9 au caract\u00e8re unique. La torr\u00e9faction moyenne en exalte les notes douces et l&rsquo;ar\u00f4me enveloppant, cr\u00e9ant un espresso \u00e9quilibr\u00e9 et cors\u00e9, parfait pour chaque moment de la journ\u00e9e. R\u00e9alis\u00e9es avec des mat\u00e9riaux enti\u00e8rement biod\u00e9gradables, ces capsules r\u00e9pondent \u00e0 la sensibilit\u00e9 \u00e9cologique du march\u00e9 suisse, te permettant de savourer un caf\u00e9 excellent sans compromis et en r\u00e9duisant l&rsquo;impact environnemental. Chaque capsule contient 5,5 grammes de caf\u00e9, scellant la promesse de qualit\u00e9 Moka Efti dans une solution responsable.<\/p>\n<p><strong>PURE BRAZILIAN ESPRESSO<br \/>\n<\/strong><strong style=\"font-family: inherit; font-size: inherit; font-style: inherit; font-variant-ligatures: inherit; font-variant-caps: inherit;\">COMPOSITION<\/strong><span style=\"font-family: inherit; font-size: inherit; font-style: inherit; font-variant-ligatures: inherit; font-variant-caps: inherit; font-weight: inherit;\">: 100% Arabica<br \/>\n<\/span><strong>ORIGINES: <\/strong>Br\u00e9sil<br \/>\n<strong>ROTISSAGE: <\/strong>Moyen<br \/>\n<strong>DESCRIPTION: <\/strong>1 Capsule de 5.5 gr. de Caf\u00e8<br \/>\n<strong>EMBALLAGE: <\/strong>10 Capsules<\/p>\n","protected":false},"featured_media":1639,"comment_status":"closed","ping_status":"closed","template":"","meta":{"_acf_changed":false,"_eb_attr":"","inline_featured_image":false},"product_brand":[],"product_cat":[426,440,444],"product_tag":[384,413,414,427],"class_list":{"0":"post-22419","1":"product","2":"type-product","3":"status-publish","4":"has-post-thumbnail","6":"product_cat-capsules","7":"product_cat-compostable-fr","8":"product_cat-origine-unique","9":"product_tag-arabica","10":"product_tag-mouture-espresso","11":"product_tag-mouture-ristretto","12":"product_tag-pittissima","14":"first","15":"outofstock","16":"shipping-taxable","17":"purchasable","18":"product-type-simple"},"acf":[],"aioseo_notices":[],"_links":{"self":[{"href":"https:\/\/mokaefti.ch\/fr\/wp-json\/wp\/v2\/product\/22419","targetHints":{"allow":["GET"]}}],"collection":[{"href":"https:\/\/mokaefti.ch\/fr\/wp-json\/wp\/v2\/product"}],"about":[{"href":"https:\/\/mokaefti.ch\/fr\/wp-json\/wp\/v2\/types\/product"}],"replies":[{"embeddable":true,"href":"https:\/\/mokaefti.ch\/fr\/wp-json\/wp\/v2\/comments?post=22419"}],"version-history":[{"count":0,"href":"https:\/\/mokaefti.ch\/fr\/wp-json\/wp\/v2\/product\/22419\/revisions"}],"wp:featuredmedia":[{"embeddable":true,"href":"https:\/\/mokaefti.ch\/fr\/wp-json\/wp\/v2\/media\/1639"}],"wp:attachment":[{"href":"https:\/\/mokaefti.ch\/fr\/wp-json\/wp\/v2\/media?parent=22419"}],"wp:term":[{"taxonomy":"product_brand","embeddable":true,"href":"https:\/\/mokaefti.ch\/fr\/wp-json\/wp\/v2\/product_brand?post=22419"},{"taxonomy":"product_cat","embeddable":true,"href":"https:\/\/mokaefti.ch\/fr\/wp-json\/wp\/v2\/product_cat?post=22419"},{"taxonomy":"product_tag","embeddable":true,"href":"https:\/\/mokaefti.ch\/fr\/wp-json\/wp\/v2\/product_tag?post=22419"}],"curies":[{"name":"wp","href":"https:\/\/api.w.org\/{rel}","templated":true}]}}