{"id":26286,"date":"2025-12-16T10:20:54","date_gmt":"2025-12-16T09:20:54","guid":{"rendered":"https:\/\/mokaefti.ch\/?post_type=product&#038;p=26286"},"modified":"2025-12-16T14:22:28","modified_gmt":"2025-12-16T13:22:28","slug":"capsules-espresso-cremoso-pittissima","status":"publish","type":"product","link":"https:\/\/mokaefti.ch\/fr\/boutique\/capsules-espresso-cremoso-pittissima\/","title":{"rendered":"CAPSULES ESPRESSO CREMOSO PITTISSIMA"},"content":{"rendered":"","protected":false},"excerpt":{"rendered":"<p>Les capsules Pitti Caff\u00e8 Cremoso de la ligne Pittissima, disponibles dans l&rsquo;\u00e9tui pratique de 10 pi\u00e8ces, offrent une exp\u00e9rience de d\u00e9gustation unique gr\u00e2ce \u00e0 un savant m\u00e9lange de grains d&rsquo;Arabica et de Robusta. Id\u00e9al pour ceux qui recherchent un espresso cors\u00e9 au go\u00fbt prononc\u00e9, ce caf\u00e9 offre un r\u00e9sultat impeccable dans la tasse, dense et velout\u00e9 comme au bar. Le profil aromatique est complexe et enveloppant, caract\u00e9ris\u00e9 par des notes distinctives de chocolat noir, de fruits m\u00fbrs et de fruits secs, enrichies d&rsquo;une touche inimitable de cro\u00fbte de pain grill\u00e9 qui persiste agr\u00e9ablement en bouche.<\/p>\n<p><strong>ORIGINES : <\/strong>Br\u00e9sil, \u00c9thiopie, Inde, Ouganda, Indon\u00e9sie<br \/>\n<strong>ROTISSAGE<\/strong>: Sombre<br \/>\n<strong>DESCRIPTION: <\/strong>1 Capsule de 5.5 Gr. de Caf\u00e8<br \/>\n<strong>EMBALLAGE: <\/strong>10 Capsules<\/p>\n","protected":false},"featured_media":26291,"comment_status":"closed","ping_status":"closed","template":"","meta":{"_acf_changed":false,"_eb_attr":"","inline_featured_image":false},"product_brand":[],"product_cat":[458,426,411],"product_tag":[413,427],"class_list":{"0":"post-26286","1":"product","2":"type-product","3":"status-publish","4":"has-post-thumbnail","6":"product_cat-cafe-pitti","7":"product_cat-capsules","8":"product_cat-melange","9":"product_tag-mouture-espresso","10":"product_tag-pittissima","12":"first","13":"instock","14":"shipping-taxable","15":"purchasable","16":"product-type-simple"},"acf":[],"aioseo_notices":[],"_links":{"self":[{"href":"https:\/\/mokaefti.ch\/fr\/wp-json\/wp\/v2\/product\/26286","targetHints":{"allow":["GET"]}}],"collection":[{"href":"https:\/\/mokaefti.ch\/fr\/wp-json\/wp\/v2\/product"}],"about":[{"href":"https:\/\/mokaefti.ch\/fr\/wp-json\/wp\/v2\/types\/product"}],"replies":[{"embeddable":true,"href":"https:\/\/mokaefti.ch\/fr\/wp-json\/wp\/v2\/comments?post=26286"}],"version-history":[{"count":0,"href":"https:\/\/mokaefti.ch\/fr\/wp-json\/wp\/v2\/product\/26286\/revisions"}],"wp:featuredmedia":[{"embeddable":true,"href":"https:\/\/mokaefti.ch\/fr\/wp-json\/wp\/v2\/media\/26291"}],"wp:attachment":[{"href":"https:\/\/mokaefti.ch\/fr\/wp-json\/wp\/v2\/media?parent=26286"}],"wp:term":[{"taxonomy":"product_brand","embeddable":true,"href":"https:\/\/mokaefti.ch\/fr\/wp-json\/wp\/v2\/product_brand?post=26286"},{"taxonomy":"product_cat","embeddable":true,"href":"https:\/\/mokaefti.ch\/fr\/wp-json\/wp\/v2\/product_cat?post=26286"},{"taxonomy":"product_tag","embeddable":true,"href":"https:\/\/mokaefti.ch\/fr\/wp-json\/wp\/v2\/product_tag?post=26286"}],"curies":[{"name":"wp","href":"https:\/\/api.w.org\/{rel}","templated":true}]}}